{"id":13562,"date":"2025-12-12T10:13:23","date_gmt":"2025-12-12T09:13:23","guid":{"rendered":"https:\/\/szonyimuzeum.hu\/?page_id=13562"},"modified":"2025-12-12T10:45:47","modified_gmt":"2025-12-12T09:45:47","slug":"ajandekjegy-megrendeles","status":"publish","type":"page","link":"https:\/\/szonyimuzeum.hu\/en\/ajandekjegy-megrendeles\/","title":{"rendered":"Order gift tickets"},"content":{"rendered":"<div data-elementor-type=\"wp-page\" data-elementor-id=\"13562\" class=\"elementor elementor-13562\" data-elementor-post-type=\"page\">\n\t\t\t\t\t\t<section class=\"elementor-section elementor-top-section elementor-element elementor-element-774db9b8 elementor-section-boxed elementor-section-height-default elementor-section-height-default\" data-id=\"774db9b8\" data-element_type=\"section\" id=\"top\" data-settings=\"{&quot;background_background&quot;:&quot;classic&quot;,&quot;shape_divider_bottom&quot;:&quot;wave-brush&quot;}\">\n\t\t\t\t\t\t\t<div class=\"elementor-background-overlay\"><\/div>\n\t\t\t\t\t\t<div class=\"elementor-shape elementor-shape-bottom\" data-negative=\"false\">\n\t\t\t<svg xmlns=\"http:\/\/www.w3.org\/2000\/svg\" viewbox=\"0 0 283.5 27.8\" preserveaspectratio=\"none\">\n\t<path class=\"elementor-shape-fill\" d=\"M283.5,9.7c0,0-7.3,4.3-14,4.6c-6.8,0.3-12.6,0-20.9-1.5c-11.3-2-33.1-10.1-44.7-5.7\ts-12.1,4.6-18,7.4c-6.6,3.2-20,9.6-36.6,9.3C131.6,23.5,99.5,7.2,86.3,8c-1.4,0.1-6.6,0.8-10.5,2c-3.8,1.2-9.4,3.8-17,4.7\tc-3.2,0.4-8.3,1.1-14.2,0.9c-1.5-0.1-6.3-0.4-12-1.6c-5.7-1.2-11-3.1-15.8-3.7C6.5,9.2,0,10.8,0,10.8V0h283.5V9.7z M260.8,11.3\tc-0.7-1-2-0.4-4.3-0.4c-2.3,0-6.1-1.2-5.8-1.1c0.3,0.1,3.1,1.5,6,1.9C259.7,12.2,261.4,12.3,260.8,11.3z M242.4,8.6\tc0,0-2.4-0.2-5.6-0.9c-3.2-0.8-10.3-2.8-15.1-3.5c-8.2-1.1-15.8,0-15.1,0.1c0.8,0.1,9.6-0.6,17.6,1.1c3.3,0.7,9.3,2.2,12.4,2.7\tC239.9,8.7,242.4,8.6,242.4,8.6z M185.2,8.5c1.7-0.7-13.3,4.7-18.5,6.1c-2.1,0.6-6.2,1.6-10,2c-3.9,0.4-8.9,0.4-8.8,0.5\tc0,0.2,5.8,0.8,11.2,0c5.4-0.8,5.2-1.1,7.6-1.6C170.5,14.7,183.5,9.2,185.2,8.5z M199.1,6.9c0.2,0-0.8-0.4-4.8,1.1\tc-4,1.5-6.7,3.5-6.9,3.7c-0.2,0.1,3.5-1.8,6.6-3C197,7.5,199,6.9,199.1,6.9z M283,6c-0.1,0.1-1.9,1.1-4.8,2.5s-6.9,2.8-6.7,2.7\tc0.2,0,3.5-0.6,7.4-2.5C282.8,6.8,283.1,5.9,283,6z M31.3,11.6c0.1-0.2-1.9-0.2-4.5-1.2s-5.4-1.6-7.8-2C15,7.6,7.3,8.5,7.7,8.6\tC8,8.7,15.9,8.3,20.2,9.3c2.2,0.5,2.4,0.5,5.7,1.6S31.2,11.9,31.3,11.6z M73,9.2c0.4-0.1,3.5-1.6,8.4-2.6c4.9-1.1,8.9-0.5,8.9-0.8\tc0-0.3-1-0.9-6.2-0.3S72.6,9.3,73,9.2z M71.6,6.7C71.8,6.8,75,5.4,77.3,5c2.3-0.3,1.9-0.5,1.9-0.6c0-0.1-1.1-0.2-2.7,0.2\tC74.8,5.1,71.4,6.6,71.6,6.7z M93.6,4.4c0.1,0.2,3.5,0.8,5.6,1.8c2.1,1,1.8,0.6,1.9,0.5c0.1-0.1-0.8-0.8-2.4-1.3\tC97.1,4.8,93.5,4.2,93.6,4.4z M65.4,11.1c-0.1,0.3,0.3,0.5,1.9-0.2s2.6-1.3,2.2-1.2s-0.9,0.4-2.5,0.8C65.3,10.9,65.5,10.8,65.4,11.1\tz M34.5,12.4c-0.2,0,2.1,0.8,3.3,0.9c1.2,0.1,2,0.1,2-0.2c0-0.3-0.1-0.5-1.6-0.4C36.6,12.8,34.7,12.4,34.5,12.4z M152.2,21.1\tc-0.1,0.1-2.4-0.3-7.5-0.3c-5,0-13.6-2.4-17.2-3.5c-3.6-1.1,10,3.9,16.5,4.1C150.5,21.6,152.3,21,152.2,21.1z\"\/>\n\t<path class=\"elementor-shape-fill\" d=\"M269.6,18c-0.1-0.1-4.6,0.3-7.2,0c-7.3-0.7-17-3.2-16.6-2.9c0.4,0.3,13.7,3.1,17,3.3\tC267.7,18.8,269.7,18,269.6,18z\"\/>\n\t<path class=\"elementor-shape-fill\" d=\"M227.4,9.8c-0.2-0.1-4.5-1-9.5-1.2c-5-0.2-12.7,0.6-12.3,0.5c0.3-0.1,5.9-1.8,13.3-1.2\tS227.6,9.9,227.4,9.8z\"\/>\n\t<path class=\"elementor-shape-fill\" d=\"M204.5,13.4c-0.1-0.1,2-1,3.2-1.1c1.2-0.1,2,0,2,0.3c0,0.3-0.1,0.5-1.6,0.4\tC206.4,12.9,204.6,13.5,204.5,13.4z\"\/>\n\t<path class=\"elementor-shape-fill\" d=\"M201,10.6c0-0.1-4.4,1.2-6.3,2.2c-1.9,0.9-6.2,3.1-6.1,3.1c0.1,0.1,4.2-1.6,6.3-2.6\tS201,10.7,201,10.6z\"\/>\n\t<path class=\"elementor-shape-fill\" d=\"M154.5,26.7c-0.1-0.1-4.6,0.3-7.2,0c-7.3-0.7-17-3.2-16.6-2.9c0.4,0.3,13.7,3.1,17,3.3\tC152.6,27.5,154.6,26.8,154.5,26.7z\"\/>\n\t<path class=\"elementor-shape-fill\" d=\"M41.9,19.3c0,0,1.2-0.3,2.9-0.1c1.7,0.2,5.8,0.9,8.2,0.7c4.2-0.4,7.4-2.7,7-2.6\tc-0.4,0-4.3,2.2-8.6,1.9c-1.8-0.1-5.1-0.5-6.7-0.4S41.9,19.3,41.9,19.3z\"\/>\n\t<path class=\"elementor-shape-fill\" d=\"M75.5,12.6c0.2,0.1,2-0.8,4.3-1.1c2.3-0.2,2.1-0.3,2.1-0.5c0-0.1-1.8-0.4-3.4,0\tC76.9,11.5,75.3,12.5,75.5,12.6z\"\/>\n\t<path class=\"elementor-shape-fill\" d=\"M15.6,13.2c0-0.1,4.3,0,6.7,0.5c2.4,0.5,5,1.9,5,2c0,0.1-2.7-0.8-5.1-1.4\tC19.9,13.7,15.7,13.3,15.6,13.2z\"\/>\n<\/svg>\t\t<\/div>\n\t\t\t\t\t<div class=\"elementor-container elementor-column-gap-default\">\n\t\t\t\t\t<div class=\"elementor-column elementor-col-100 elementor-top-column elementor-element elementor-element-71eae0f2\" data-id=\"71eae0f2\" data-element_type=\"column\">\n\t\t\t<div class=\"elementor-widget-wrap elementor-element-populated\">\n\t\t\t\t\t\t<div class=\"elementor-element elementor-element-5e1eeda6 elementor-widget elementor-widget-heading\" data-id=\"5e1eeda6\" data-element_type=\"widget\" data-widget_type=\"heading.default\">\n\t\t\t\t<div class=\"elementor-widget-container\">\n\t\t\t\t\t<h1 class=\"elementor-heading-title elementor-size-default\">Order gift tickets<\/h1>\t\t\t\t<\/div>\n\t\t\t\t<\/div>\n\t\t\t\t\t<\/div>\n\t\t<\/div>\n\t\t\t\t\t<\/div>\n\t\t<\/section>\n\t\t<div class=\"elementor-element elementor-element-2e477369 e-flex e-con-boxed e-con e-parent\" data-id=\"2e477369\" data-element_type=\"container\">\n\t\t\t\t\t<div class=\"e-con-inner\">\n\t\t<div class=\"elementor-element elementor-element-57631b56 e-con-full e-flex e-con e-child\" data-id=\"57631b56\" data-element_type=\"container\">\n\t\t\t\t<\/div>\n\t\t<div class=\"elementor-element elementor-element-65e9b043 e-con-full e-flex e-con e-child\" data-id=\"65e9b043\" data-element_type=\"container\">\n\t\t\t\t<div class=\"elementor-element elementor-element-39e756cc elementor-widget elementor-widget-text-editor\" data-id=\"39e756cc\" data-element_type=\"widget\" data-widget_type=\"text-editor.default\">\n\t\t\t\t<div class=\"elementor-widget-container\">\n\t\t\t\t\t\t\t\t\t<p>Dear Visitors!<\/p><p>By filling in the form below you can order a gift ticket to the Sz\u0151nyi Istv\u00e1n Memorial Museum!<\/p>\t\t\t\t\t\t\t\t<\/div>\n\t\t\t\t<\/div>\n\t\t\t\t<div class=\"elementor-element elementor-element-282b8a9f elementor-widget elementor-widget-shortcode\" data-id=\"282b8a9f\" data-element_type=\"widget\" data-widget_type=\"shortcode.default\">\n\t\t\t\t<div class=\"elementor-widget-container\">\n\t\t\t\t\t\t\t<div class=\"elementor-shortcode\"><style id=\"wpforms-css-vars-13539\">\n\t\t\t\t#wpforms-13539 {\n\t\t\t\t--wpforms-container-padding: 0px;\n--wpforms-container-border-width: 1px;\n--wpforms-container-border-radius: 3px;\n--wpforms-background-color: rgba(0, 0, 0, 0);\n--wpforms-field-size-input-height: 43px;\n--wpforms-field-size-input-spacing: 15px;\n--wpforms-field-size-font-size: 16px;\n--wpforms-field-size-line-height: 19px;\n--wpforms-field-size-padding-h: 14px;\n--wpforms-field-size-checkbox-size: 16px;\n--wpforms-field-size-sublabel-spacing: 5px;\n--wpforms-field-size-icon-size: 1;\n--wpforms-label-size-font-size: 16px;\n--wpforms-label-size-line-height: 19px;\n--wpforms-label-size-sublabel-font-size: 14px;\n--wpforms-label-size-sublabel-line-height: 17px;\n--wpforms-button-size-font-size: 17px;\n--wpforms-button-size-height: 41px;\n--wpforms-button-size-padding-h: 15px;\n--wpforms-button-size-margin-top: 10px;\n--wpforms-container-shadow-size-box-shadow: none;\n\t\t\t}\n\t\t\t<\/style><div class=\"wpforms-container wpforms-container-full wpforms-render-modern\" id=\"wpforms-13539\"><form id=\"wpforms-form-13539\" class=\"wpforms-validate wpforms-form wpforms-ajax-form\" data-formid=\"13539\" method=\"post\" enctype=\"multipart\/form-data\" action=\"\/en\/wp-json\/wp\/v2\/pages\/13562\" data-token=\"6e0dbda2d540b09d0944a5f900da443d\" data-token-time=\"1776523662\" data-trp-original-action=\"\/en\/wp-json\/wp\/v2\/pages\/13562\"><noscript class=\"wpforms-error-noscript\">Please enable JavaScript in your browser to complete this form.<\/noscript><div id=\"wpforms-error-noscript\" style=\"display: none;\">Please enable JavaScript in your browser to complete this form.<\/div><div class=\"wpforms-field-container\"><div id=\"wpforms-13539-field_2-container\" class=\"wpforms-field wpforms-field-name\" data-field-id=\"2\"><label class=\"wpforms-field-label\" for=\"wpforms-13539-field_2\">Name <span class=\"wpforms-required-label\" aria-hidden=\"true\">*<\/span><\/label><input type=\"text\" id=\"wpforms-13539-field_2\" class=\"wpforms-field-medium wpforms-field-required\" name=\"wpforms[fields][2]\" aria-errormessage=\"wpforms-13539-field_2-error\" required><\/div><div id=\"wpforms-13539-field_3-container\" class=\"wpforms-field wpforms-field-email\" data-field-id=\"3\"><label class=\"wpforms-field-label\" for=\"wpforms-13539-field_3\">E-mail <span class=\"wpforms-required-label\" aria-hidden=\"true\">*<\/span><\/label><input type=\"email\" id=\"wpforms-13539-field_3\" class=\"wpforms-field-medium wpforms-field-required\" name=\"wpforms[fields][3]\" spellcheck=\"false\" aria-errormessage=\"wpforms-13539-field_3-error\" required><\/div><div id=\"wpforms-13539-field_5-container\" class=\"wpforms-field wpforms-field-text\" data-field-id=\"5\"><label class=\"wpforms-field-label\" for=\"wpforms-13539-field_5\">Phone <span class=\"wpforms-required-label\" aria-hidden=\"true\">*<\/span><\/label><input type=\"text\" id=\"wpforms-13539-field_5\" class=\"wpforms-field-medium wpforms-field-required\" name=\"wpforms[fields][5]\" aria-errormessage=\"wpforms-13539-field_5-error\" required><\/div>\t\t<div id=\"wpforms-13539-field_1-container\"\n\t\t\tclass=\"wpforms-field wpforms-field-text\"\n\t\t\tdata-field-type=\"text\"\n\t\t\tdata-field-id=\"1\"\n\t\t\t>\n\t\t\t<label class=\"wpforms-field-label\" for=\"wpforms-13539-field_1\" >az adatok a<\/label>\n\t\t\t<input type=\"text\" id=\"wpforms-13539-field_1\" class=\"wpforms-field-medium\" name=\"wpforms[fields][1]\" >\n\t\t<\/div>\n\t\t<div id=\"wpforms-13539-field_4-container\" class=\"wpforms-field wpforms-field-checkbox\" data-field-id=\"4\"><fieldset><legend class=\"wpforms-field-label\">Choose the type of gift card:<\/legend><ul id=\"wpforms-13539-field_4\"><li class=\"choice-8 depth-1\"><input type=\"checkbox\" id=\"wpforms-13539-field_4_8\" name=\"wpforms[fields][4][]\" value=\"Zebeg\u00e9nyi kulT\u00daRA\" aria-errormessage=\"wpforms-13539-field_4_8-error\"  ><label class=\"wpforms-field-label-inline\" for=\"wpforms-13539-field_4_8\">Zebeg\u00e9nyi CULTURE<\/label><\/li><li class=\"choice-5 depth-1\"><input type=\"checkbox\" id=\"wpforms-13539-field_4_5\" name=\"wpforms[fields][4][]\" value=\"\u00c9jszaka a m\u00fazeumban\" aria-errormessage=\"wpforms-13539-field_4_5-error\"  ><label class=\"wpforms-field-label-inline\" for=\"wpforms-13539-field_4_5\">Night at the museum<\/label><\/li><li class=\"choice-6 depth-1\"><input type=\"checkbox\" id=\"wpforms-13539-field_4_6\" name=\"wpforms[fields][4][]\" value=\"A h\u00e1z, ahol meg\u00e1llt az id\u0151 \u2013 Arch\u00edv fot\u00f3s t\u00e1rlatvezet\u00e9s\" aria-errormessage=\"wpforms-13539-field_4_6-error\"  ><label class=\"wpforms-field-label-inline\" for=\"wpforms-13539-field_4_6\">The House Where Time Stood Still - Guided tour with archival photographers<\/label><\/li><li class=\"choice-7 depth-1\"><input type=\"checkbox\" id=\"wpforms-13539-field_4_7\" name=\"wpforms[fields][4][]\" value=\"Fess neki! toj\u00e1stemper\u00e1val \/ gouache technik\u00e1val \/ k\u00e1v\u00e9val\" aria-errormessage=\"wpforms-13539-field_4_7-error\"  ><label class=\"wpforms-field-label-inline\" for=\"wpforms-13539-field_4_7\">Paint it! with egg tempera \/ gouache \/ coffee<\/label><\/li><li class=\"choice-9 depth-1\"><input type=\"checkbox\" id=\"wpforms-13539-field_4_9\" name=\"wpforms[fields][4][]\" value=\"P\u00e1ros portr\u00e9\" aria-errormessage=\"wpforms-13539-field_4_9-error\"  ><label class=\"wpforms-field-label-inline\" for=\"wpforms-13539-field_4_9\">Couple portrait<\/label><\/li><li class=\"choice-10 depth-1\"><input type=\"checkbox\" id=\"wpforms-13539-field_4_10\" name=\"wpforms[fields][4][]\" value=\"F\u00f3kuszban a m\u0171v\u00e9szet\" aria-errormessage=\"wpforms-13539-field_4_10-error\"  ><label class=\"wpforms-field-label-inline\" for=\"wpforms-13539-field_4_10\">Focus on art<\/label><\/li><\/ul><\/fieldset><\/div><div id=\"wpforms-13539-field_10-container\" class=\"wpforms-field wpforms-field-checkbox\" data-field-id=\"10\"><fieldset><legend class=\"wpforms-field-label\">Enter the category:<\/legend><ul id=\"wpforms-13539-field_10\"><li class=\"choice-8 depth-1\"><input type=\"checkbox\" id=\"wpforms-13539-field_10_8\" name=\"wpforms[fields][10][]\" value=\"Teljes \u00e1r\u00fa\" aria-errormessage=\"wpforms-13539-field_10_8-error\"  ><label class=\"wpforms-field-label-inline\" for=\"wpforms-13539-field_10_8\">Full price<\/label><\/li><li class=\"choice-5 depth-1\"><input type=\"checkbox\" id=\"wpforms-13539-field_10_5\" name=\"wpforms[fields][10][]\" value=\"Kedvezm\u00e9nyes\" aria-errormessage=\"wpforms-13539-field_10_5-error\"  ><label class=\"wpforms-field-label-inline\" for=\"wpforms-13539-field_10_5\">Discount<\/label><\/li><li class=\"choice-6 depth-1\"><input type=\"checkbox\" id=\"wpforms-13539-field_10_6\" name=\"wpforms[fields][10][]\" value=\"Alkot\u00f3foglalkoz\u00e1s eset\u00e9n: akvarell pap\u00edrra\" aria-errormessage=\"wpforms-13539-field_10_6-error\"  ><label class=\"wpforms-field-label-inline\" for=\"wpforms-13539-field_10_6\">For creative work: watercolour on paper<\/label><\/li><li class=\"choice-7 depth-1\"><input type=\"checkbox\" id=\"wpforms-13539-field_10_7\" name=\"wpforms[fields][10][]\" value=\"Alkot\u00f3foglalkoz\u00e1s eset\u00e9n: akvarell fest\u0151v\u00e1szonra\" aria-errormessage=\"wpforms-13539-field_10_7-error\"  ><label class=\"wpforms-field-label-inline\" for=\"wpforms-13539-field_10_7\">In case of a creative activity: watercolour on canvas<\/label><\/li><\/ul><\/fieldset><\/div><div id=\"wpforms-13539-field_9-container\" class=\"wpforms-field wpforms-field-text\" data-field-id=\"9\"><label class=\"wpforms-field-label\" for=\"wpforms-13539-field_9\">Enter the number of pieces: <span class=\"wpforms-required-label\" aria-hidden=\"true\">*<\/span><\/label><input type=\"text\" id=\"wpforms-13539-field_9\" class=\"wpforms-field-medium wpforms-field-required\" name=\"wpforms[fields][9]\" aria-errormessage=\"wpforms-13539-field_9-error\" required><\/div><div id=\"wpforms-13539-field_11-container\" class=\"wpforms-field wpforms-field-text\" data-field-id=\"11\"><label class=\"wpforms-field-label\" for=\"wpforms-13539-field_11\">Gift recipient's name (optional):<\/label><input type=\"text\" id=\"wpforms-13539-field_11\" class=\"wpforms-field-medium\" name=\"wpforms[fields][11]\" aria-errormessage=\"wpforms-13539-field_11-error\" ><\/div><div id=\"wpforms-13539-field_12-container\" class=\"wpforms-field wpforms-field-text\" data-field-id=\"12\"><label class=\"wpforms-field-label\" for=\"wpforms-13539-field_12\">Short message on the gift card (optional):<\/label><input type=\"text\" id=\"wpforms-13539-field_12\" class=\"wpforms-field-medium\" name=\"wpforms[fields][12]\" aria-errormessage=\"wpforms-13539-field_12-error\" ><\/div><div id=\"wpforms-13539-field_13-container\" class=\"wpforms-field wpforms-field-radio\" data-field-id=\"13\"><fieldset><legend class=\"wpforms-field-label\">Delivery method: <span class=\"wpforms-required-label\" aria-hidden=\"true\">*<\/span><\/legend><ul id=\"wpforms-13539-field_13\" class=\"wpforms-field-required\"><li class=\"choice-1 depth-1\"><input type=\"radio\" id=\"wpforms-13539-field_13_1\" name=\"wpforms[fields][13]\" value=\"Digit\u00e1lis aj\u00e1nd\u00e9kjegy e-mailben\" aria-errormessage=\"wpforms-13539-field_13_1-error\" required><label class=\"wpforms-field-label-inline\" for=\"wpforms-13539-field_13_1\">Digital gift card by e-mail<\/label><\/li><li class=\"choice-2 depth-1\"><input type=\"radio\" id=\"wpforms-13539-field_13_2\" name=\"wpforms[fields][13]\" value=\"Szem\u00e9lyes \u00e1tv\u00e9tel\" aria-errormessage=\"wpforms-13539-field_13_2-error\" required><label class=\"wpforms-field-label-inline\" for=\"wpforms-13539-field_13_2\">Personal receipt<\/label><\/li><\/ul><\/fieldset><\/div><div id=\"wpforms-13539-field_14-container\" class=\"wpforms-field wpforms-field-radio\" data-field-id=\"14\"><fieldset><legend class=\"wpforms-field-label\">Payment method: <span class=\"wpforms-required-label\" aria-hidden=\"true\">*<\/span><\/legend><ul id=\"wpforms-13539-field_14\" class=\"wpforms-field-required\"><li class=\"choice-1 depth-1\"><input type=\"radio\" id=\"wpforms-13539-field_14_1\" name=\"wpforms[fields][14]\" value=\"\u00c1tutal\u00e1s  (Banksz\u00e1mlasz\u00e1m: 117 42094 1539 4260, Megjegyz\u00e9s: M\u00fazeumi aj\u00e1nd\u00e9kutalv\u00e1ny)\" aria-errormessage=\"wpforms-13539-field_14_1-error\" required><label class=\"wpforms-field-label-inline\" for=\"wpforms-13539-field_14_1\">Bank transfer (Bank account number: 117 42094 1539 4260, Note: Museum gift voucher)<\/label><\/li><li class=\"choice-2 depth-1\"><input type=\"radio\" id=\"wpforms-13539-field_14_2\" name=\"wpforms[fields][14]\" value=\"Bankk\u00e1rty\u00e1s fizet\u00e9s \/ k\u00e9szp\u00e9nz (az aj\u00e1nd\u00e9kjegyek szem\u00e9lyes \u00e1tv\u00e9tel\u00e9n\u00e9l)\" aria-errormessage=\"wpforms-13539-field_14_2-error\" required><label class=\"wpforms-field-label-inline\" for=\"wpforms-13539-field_14_2\">Credit card payment \/ cash (for personal collection of gift tickets)<\/label><\/li><\/ul><\/fieldset><\/div><div id=\"wpforms-13539-field_15-container\" class=\"wpforms-field wpforms-field-textarea\" data-field-id=\"15\"><label class=\"wpforms-field-label\" for=\"wpforms-13539-field_15\">Billing information (name, address, tax number in case of company): <span class=\"wpforms-required-label\" aria-hidden=\"true\">*<\/span><\/label><textarea id=\"wpforms-13539-field_15\" class=\"wpforms-field-medium wpforms-field-required\" name=\"wpforms[fields][15]\" aria-errormessage=\"wpforms-13539-field_15-error\" required><\/textarea><\/div><div id=\"wpforms-13539-field_16-container\" class=\"wpforms-field wpforms-field-textarea\" data-field-id=\"16\"><label class=\"wpforms-field-label\" for=\"wpforms-13539-field_16\">Comment (optional):<\/label><textarea id=\"wpforms-13539-field_16\" class=\"wpforms-field-medium\" name=\"wpforms[fields][16]\" aria-errormessage=\"wpforms-13539-field_16-error\" ><\/textarea><\/div><div id=\"wpforms-13539-field_6-container\" class=\"wpforms-field wpforms-field-radio\" data-field-id=\"6\"><fieldset><legend class=\"wpforms-field-label\">Data protection statement <span class=\"wpforms-required-label\" aria-hidden=\"true\">*<\/span><\/legend><ul id=\"wpforms-13539-field_6\" class=\"wpforms-field-required\"><li class=\"choice-1 depth-1\"><input type=\"radio\" id=\"wpforms-13539-field_6_1\" name=\"wpforms[fields][6]\" value=\"Az adatkezel\u00e9si t\u00e1j\u00e9koztat\u00f3t elolvastam \u00e9s elfogadom.\" aria-errormessage=\"wpforms-13539-field_6_1-error\" required><label class=\"wpforms-field-label-inline\" for=\"wpforms-13539-field_6_1\">I have read and accept the privacy notice.<\/label><\/li><\/ul><\/fieldset><\/div><script>\n\t\t\t\t( function() {\n\t\t\t\t\tconst style = document.createElement( 'style' );\n\t\t\t\t\tstyle.appendChild( document.createTextNode( '#wpforms-13539-field_1-container { position: absolute !important; overflow: hidden !important; display: inline !important; height: 1px !important; width: 1px !important; z-index: -1000 !important; padding: 0 !important; } #wpforms-13539-field_1-container input { visibility: hidden; } #wpforms-conversational-form-page #wpforms-13539-field_1-container label { counter-increment: none; }' ) );\n\t\t\t\t\tdocument.head.appendChild( style );\n\t\t\t\t\tdocument.currentScript?.remove();\n\t\t\t\t} )();\n\t\t\t<\/script><\/div><!-- .wpforms-field-container --><div class=\"wpforms-submit-container\" ><input type=\"hidden\" name=\"wpforms[id]\" value=\"13539\"><input type=\"hidden\" name=\"page_title\" value=\"\"><input type=\"hidden\" name=\"page_url\" value=\"https:\/\/szonyimuzeum.hu\/en\/wp-json\/wp\/v2\/pages\/13562\"><input type=\"hidden\" name=\"url_referer\" value=\"\"><button type=\"submit\" name=\"wpforms[submit]\" id=\"wpforms-submit-13539\" class=\"wpforms-submit\" data-alt-text=\"K\u00fcld\u00e9s folyamatban\" data-submit-text=\"K\u00fcld\u00e9s\" aria-live=\"assertive\" value=\"wpforms-submit\">Send to<\/button><img decoding=\"async\" src=\"https:\/\/szonyimuzeum.hu\/wp-content\/plugins\/wpforms-lite\/assets\/images\/submit-spin.svg\" class=\"wpforms-submit-spinner\" style=\"display: none;\" width=\"26\" height=\"26\" alt=\"Loading\"><\/div><input type=\"hidden\" name=\"trp-form-language\" value=\"en\"\/><\/form><\/div>  <!-- .wpforms-container --><\/div>\n\t\t\t\t\t\t<\/div>\n\t\t\t\t<\/div>\n\t\t\t\t<\/div>\n\t\t<div class=\"elementor-element elementor-element-7e17335e e-con-full e-flex e-con e-child\" data-id=\"7e17335e\" data-element_type=\"container\">\n\t\t\t\t<\/div>\n\t\t\t\t\t<\/div>\n\t\t\t\t<\/div>\n\t\t\t\t<\/div>","protected":false},"excerpt":{"rendered":"<p>Aj\u00e1nd\u00e9kjegy-megrendel\u00e9s Kedves L\u00e1togat\u00f3ink! Az al\u00e1bbi \u0171rlap kit\u00f6lt\u00e9s\u00e9vel tudtok aj\u00e1nd\u00e9kjegyet rendelni a Sz\u0151nyi istv\u00e1n Eml\u00e9km\u00fazeum programjaira!<\/p>","protected":false},"author":7,"featured_media":0,"parent":0,"menu_order":0,"comment_status":"closed","ping_status":"closed","template":"","meta":{"ngg_post_thumbnail":0,"_price":"","_stock":"","_tribe_ticket_header":"","_tribe_default_ticket_provider":"","_tribe_ticket_capacity":"0","_ticket_start_date":"","_ticket_end_date":"","_tribe_ticket_show_description":"","_tribe_ticket_show_not_going":false,"_tribe_ticket_use_global_stock":"","_tribe_ticket_global_stock_level":"","_global_stock_mode":"","_global_stock_cap":"","_tribe_rsvp_for_event":"","_tribe_ticket_going_count":"","_tribe_ticket_not_going_count":"","_tribe_tickets_list":"[]","_tribe_ticket_has_attendee_info_fields":false,"_mc_calendar":[],"footnotes":"","_tec_slr_enabled":"","_tec_slr_layout":""},"class_list":["post-13562","page","type-page","status-publish","hentry"],"ticketed":false,"_links":{"self":[{"href":"https:\/\/szonyimuzeum.hu\/en\/wp-json\/wp\/v2\/pages\/13562","targetHints":{"allow":["GET"]}}],"collection":[{"href":"https:\/\/szonyimuzeum.hu\/en\/wp-json\/wp\/v2\/pages"}],"about":[{"href":"https:\/\/szonyimuzeum.hu\/en\/wp-json\/wp\/v2\/types\/page"}],"author":[{"embeddable":true,"href":"https:\/\/szonyimuzeum.hu\/en\/wp-json\/wp\/v2\/users\/7"}],"replies":[{"embeddable":true,"href":"https:\/\/szonyimuzeum.hu\/en\/wp-json\/wp\/v2\/comments?post=13562"}],"version-history":[{"count":7,"href":"https:\/\/szonyimuzeum.hu\/en\/wp-json\/wp\/v2\/pages\/13562\/revisions"}],"predecessor-version":[{"id":13580,"href":"https:\/\/szonyimuzeum.hu\/en\/wp-json\/wp\/v2\/pages\/13562\/revisions\/13580"}],"wp:attachment":[{"href":"https:\/\/szonyimuzeum.hu\/en\/wp-json\/wp\/v2\/media?parent=13562"}],"curies":[{"name":"wp","href":"https:\/\/api.w.org\/{rel}","templated":true}]}}