{"id":4672,"date":"2023-04-26T11:32:45","date_gmt":"2023-04-26T09:32:45","guid":{"rendered":"https:\/\/szonyimuzeum.hu\/?page_id=4672"},"modified":"2026-03-07T15:11:28","modified_gmt":"2026-03-07T14:11:28","slug":"setak","status":"publish","type":"page","link":"https:\/\/szonyimuzeum.hu\/en\/setak\/","title":{"rendered":"Walks"},"content":{"rendered":"<div data-elementor-type=\"wp-page\" data-elementor-id=\"4672\" class=\"elementor elementor-4672\" data-elementor-post-type=\"page\">\n\t\t\t\t\t\t<section class=\"elementor-section elementor-top-section elementor-element elementor-element-1cfc026e elementor-section-height-min-height elementor-section-boxed elementor-section-height-default elementor-section-items-middle\" data-id=\"1cfc026e\" data-element_type=\"section\" id=\"top\" data-settings=\"{&quot;background_background&quot;:&quot;classic&quot;,&quot;shape_divider_bottom&quot;:&quot;wave-brush&quot;}\">\n\t\t\t\t\t\t\t<div class=\"elementor-background-overlay\"><\/div>\n\t\t\t\t\t\t<div class=\"elementor-shape elementor-shape-bottom\" data-negative=\"false\">\n\t\t\t<svg xmlns=\"http:\/\/www.w3.org\/2000\/svg\" viewbox=\"0 0 283.5 27.8\" preserveaspectratio=\"none\">\n\t<path class=\"elementor-shape-fill\" d=\"M283.5,9.7c0,0-7.3,4.3-14,4.6c-6.8,0.3-12.6,0-20.9-1.5c-11.3-2-33.1-10.1-44.7-5.7\ts-12.1,4.6-18,7.4c-6.6,3.2-20,9.6-36.6,9.3C131.6,23.5,99.5,7.2,86.3,8c-1.4,0.1-6.6,0.8-10.5,2c-3.8,1.2-9.4,3.8-17,4.7\tc-3.2,0.4-8.3,1.1-14.2,0.9c-1.5-0.1-6.3-0.4-12-1.6c-5.7-1.2-11-3.1-15.8-3.7C6.5,9.2,0,10.8,0,10.8V0h283.5V9.7z M260.8,11.3\tc-0.7-1-2-0.4-4.3-0.4c-2.3,0-6.1-1.2-5.8-1.1c0.3,0.1,3.1,1.5,6,1.9C259.7,12.2,261.4,12.3,260.8,11.3z M242.4,8.6\tc0,0-2.4-0.2-5.6-0.9c-3.2-0.8-10.3-2.8-15.1-3.5c-8.2-1.1-15.8,0-15.1,0.1c0.8,0.1,9.6-0.6,17.6,1.1c3.3,0.7,9.3,2.2,12.4,2.7\tC239.9,8.7,242.4,8.6,242.4,8.6z M185.2,8.5c1.7-0.7-13.3,4.7-18.5,6.1c-2.1,0.6-6.2,1.6-10,2c-3.9,0.4-8.9,0.4-8.8,0.5\tc0,0.2,5.8,0.8,11.2,0c5.4-0.8,5.2-1.1,7.6-1.6C170.5,14.7,183.5,9.2,185.2,8.5z M199.1,6.9c0.2,0-0.8-0.4-4.8,1.1\tc-4,1.5-6.7,3.5-6.9,3.7c-0.2,0.1,3.5-1.8,6.6-3C197,7.5,199,6.9,199.1,6.9z M283,6c-0.1,0.1-1.9,1.1-4.8,2.5s-6.9,2.8-6.7,2.7\tc0.2,0,3.5-0.6,7.4-2.5C282.8,6.8,283.1,5.9,283,6z M31.3,11.6c0.1-0.2-1.9-0.2-4.5-1.2s-5.4-1.6-7.8-2C15,7.6,7.3,8.5,7.7,8.6\tC8,8.7,15.9,8.3,20.2,9.3c2.2,0.5,2.4,0.5,5.7,1.6S31.2,11.9,31.3,11.6z M73,9.2c0.4-0.1,3.5-1.6,8.4-2.6c4.9-1.1,8.9-0.5,8.9-0.8\tc0-0.3-1-0.9-6.2-0.3S72.6,9.3,73,9.2z M71.6,6.7C71.8,6.8,75,5.4,77.3,5c2.3-0.3,1.9-0.5,1.9-0.6c0-0.1-1.1-0.2-2.7,0.2\tC74.8,5.1,71.4,6.6,71.6,6.7z M93.6,4.4c0.1,0.2,3.5,0.8,5.6,1.8c2.1,1,1.8,0.6,1.9,0.5c0.1-0.1-0.8-0.8-2.4-1.3\tC97.1,4.8,93.5,4.2,93.6,4.4z M65.4,11.1c-0.1,0.3,0.3,0.5,1.9-0.2s2.6-1.3,2.2-1.2s-0.9,0.4-2.5,0.8C65.3,10.9,65.5,10.8,65.4,11.1\tz M34.5,12.4c-0.2,0,2.1,0.8,3.3,0.9c1.2,0.1,2,0.1,2-0.2c0-0.3-0.1-0.5-1.6-0.4C36.6,12.8,34.7,12.4,34.5,12.4z M152.2,21.1\tc-0.1,0.1-2.4-0.3-7.5-0.3c-5,0-13.6-2.4-17.2-3.5c-3.6-1.1,10,3.9,16.5,4.1C150.5,21.6,152.3,21,152.2,21.1z\"\/>\n\t<path class=\"elementor-shape-fill\" d=\"M269.6,18c-0.1-0.1-4.6,0.3-7.2,0c-7.3-0.7-17-3.2-16.6-2.9c0.4,0.3,13.7,3.1,17,3.3\tC267.7,18.8,269.7,18,269.6,18z\"\/>\n\t<path class=\"elementor-shape-fill\" d=\"M227.4,9.8c-0.2-0.1-4.5-1-9.5-1.2c-5-0.2-12.7,0.6-12.3,0.5c0.3-0.1,5.9-1.8,13.3-1.2\tS227.6,9.9,227.4,9.8z\"\/>\n\t<path class=\"elementor-shape-fill\" d=\"M204.5,13.4c-0.1-0.1,2-1,3.2-1.1c1.2-0.1,2,0,2,0.3c0,0.3-0.1,0.5-1.6,0.4\tC206.4,12.9,204.6,13.5,204.5,13.4z\"\/>\n\t<path class=\"elementor-shape-fill\" d=\"M201,10.6c0-0.1-4.4,1.2-6.3,2.2c-1.9,0.9-6.2,3.1-6.1,3.1c0.1,0.1,4.2-1.6,6.3-2.6\tS201,10.7,201,10.6z\"\/>\n\t<path class=\"elementor-shape-fill\" d=\"M154.5,26.7c-0.1-0.1-4.6,0.3-7.2,0c-7.3-0.7-17-3.2-16.6-2.9c0.4,0.3,13.7,3.1,17,3.3\tC152.6,27.5,154.6,26.8,154.5,26.7z\"\/>\n\t<path class=\"elementor-shape-fill\" d=\"M41.9,19.3c0,0,1.2-0.3,2.9-0.1c1.7,0.2,5.8,0.9,8.2,0.7c4.2-0.4,7.4-2.7,7-2.6\tc-0.4,0-4.3,2.2-8.6,1.9c-1.8-0.1-5.1-0.5-6.7-0.4S41.9,19.3,41.9,19.3z\"\/>\n\t<path class=\"elementor-shape-fill\" d=\"M75.5,12.6c0.2,0.1,2-0.8,4.3-1.1c2.3-0.2,2.1-0.3,2.1-0.5c0-0.1-1.8-0.4-3.4,0\tC76.9,11.5,75.3,12.5,75.5,12.6z\"\/>\n\t<path class=\"elementor-shape-fill\" d=\"M15.6,13.2c0-0.1,4.3,0,6.7,0.5c2.4,0.5,5,1.9,5,2c0,0.1-2.7-0.8-5.1-1.4\tC19.9,13.7,15.7,13.3,15.6,13.2z\"\/>\n<\/svg>\t\t<\/div>\n\t\t\t\t\t<div class=\"elementor-container elementor-column-gap-default\">\n\t\t\t\t\t<div class=\"elementor-column elementor-col-100 elementor-top-column elementor-element elementor-element-7321c210\" data-id=\"7321c210\" data-element_type=\"column\">\n\t\t\t<div class=\"elementor-widget-wrap elementor-element-populated\">\n\t\t\t\t\t\t<div class=\"elementor-element elementor-element-4a33ff27 elementor-widget elementor-widget-heading\" data-id=\"4a33ff27\" data-element_type=\"widget\" data-widget_type=\"heading.default\">\n\t\t\t\t<div class=\"elementor-widget-container\">\n\t\t\t\t\t<h1 class=\"elementor-heading-title elementor-size-default\">Walks<\/h1>\t\t\t\t<\/div>\n\t\t\t\t<\/div>\n\t\t\t\t\t<\/div>\n\t\t<\/div>\n\t\t\t\t\t<\/div>\n\t\t<\/section>\n\t\t\t\t<section class=\"elementor-section elementor-top-section elementor-element elementor-element-658f49a elementor-section-boxed elementor-section-height-default elementor-section-height-default\" data-id=\"658f49a\" data-element_type=\"section\">\n\t\t\t\t\t\t<div class=\"elementor-container elementor-column-gap-default\">\n\t\t\t\t\t<div class=\"elementor-column elementor-col-50 elementor-top-column elementor-element elementor-element-323db49\" data-id=\"323db49\" data-element_type=\"column\">\n\t\t\t<div class=\"elementor-widget-wrap elementor-element-populated\">\n\t\t\t\t\t\t<div class=\"elementor-element elementor-element-22b8843 elementor-widget elementor-widget-text-editor\" data-id=\"22b8843\" data-element_type=\"widget\" data-widget_type=\"text-editor.default\">\n\t\t\t\t<div class=\"elementor-widget-container\">\n\t\t\t\t\t\t\t\t\t<h4><span style=\"color: #7393b3;\">ZEBEG\u00c9NYI CULTURE<\/span><\/h4><p>Do you know what Istv\u00e1n Sz\u0151nyi's favourite subjects were as a painter, or how he and his fellow artists passed the time in summer? Who are the stained glass windows of the church designed by K\u00e1roly K\u00f3s? Who was the lady of the blue shuttered houses on the Danube who organised the Flower Olympics in Zebeg\u00e9ny?\u00a0<\/p><p>Our tour starts from the museum, where you can get acquainted with Istv\u00e1n Sz\u0151nyi's home and studio, see a selection of his works depicting his family, the village everyday life, the Danube Bend and the landscape of Zebeg\u00e9ny.  Our walk continues through the streets of Zebeg\u00e9ny, visiting the cemetery, the Calvary Hill, and then from the lookout we will see several sights of the village. We'll see where Sz\u0151nyi painted his most beautiful pictures, visit the Chapel of the Rock, and finish our tour at the Church of the Assumption of Our Lady of the Snow, designed by K\u00f3s K\u00e1roly. Along the way, we will recall the village's past with anecdotes and archive photos and tell you about the artists whose lives and art are intertwined with Zebeg\u00e9k.<\/p><p><strong>Duration: <\/strong>90-120 minutes<strong><br \/>Walking Fee: <\/strong>4.000 Ft\/f\u0151<br \/>Gyerekeknek 6 \u00e9ves korig ingyenes.<br \/><strong>Kedvezm\u00e9ny: <\/strong>Csal\u00e1dos \u00e9s csoportos kedvezm\u00e9nyeinkr\u0151l k\u00e9rj\u00fck, \u00e9rdekl\u0151dj\u00f6n m\u00fazeumi el\u00e9rhet\u0151s\u00e9geinken.<strong><br \/><\/strong>The walks start with a minimum of 3 people.<br \/><strong>Participation in the programme is subject to pre-registration! Please register by 18:00 on the day before the programme day!<br \/><\/strong>szonyimuzeum1@gmail.com<\/p><p>Come with us for a walk in the unique beauty of the Danube bend village, let's explore together the winding streets and places of interest of Zebeg\u00e9ny.<\/p>\t\t\t\t\t\t\t\t<\/div>\n\t\t\t\t<\/div>\n\t\t\t\t\t<\/div>\n\t\t<\/div>\n\t\t\t\t<div class=\"elementor-column elementor-col-50 elementor-top-column elementor-element elementor-element-a5ed46d\" data-id=\"a5ed46d\" data-element_type=\"column\">\n\t\t\t<div class=\"elementor-widget-wrap elementor-element-populated\">\n\t\t\t\t\t\t<div class=\"elementor-element elementor-element-c9e66df elementor-widget elementor-widget-gallery\" data-id=\"c9e66df\" data-element_type=\"widget\" data-settings=\"{&quot;gallery_layout&quot;:&quot;justified&quot;,&quot;lazyload&quot;:&quot;yes&quot;,&quot;ideal_row_height&quot;:{&quot;unit&quot;:&quot;px&quot;,&quot;size&quot;:200,&quot;sizes&quot;:[]},&quot;ideal_row_height_laptop&quot;:{&quot;unit&quot;:&quot;px&quot;,&quot;size&quot;:150,&quot;sizes&quot;:[]},&quot;ideal_row_height_tablet&quot;:{&quot;unit&quot;:&quot;px&quot;,&quot;size&quot;:150,&quot;sizes&quot;:[]},&quot;ideal_row_height_mobile&quot;:{&quot;unit&quot;:&quot;px&quot;,&quot;size&quot;:150,&quot;sizes&quot;:[]},&quot;gap&quot;:{&quot;unit&quot;:&quot;px&quot;,&quot;size&quot;:10,&quot;sizes&quot;:[]},&quot;gap_laptop&quot;:{&quot;unit&quot;:&quot;px&quot;,&quot;size&quot;:10,&quot;sizes&quot;:[]},&quot;gap_tablet&quot;:{&quot;unit&quot;:&quot;px&quot;,&quot;size&quot;:10,&quot;sizes&quot;:[]},&quot;gap_mobile&quot;:{&quot;unit&quot;:&quot;px&quot;,&quot;size&quot;:10,&quot;sizes&quot;:[]},&quot;link_to&quot;:&quot;file&quot;,&quot;overlay_background&quot;:&quot;yes&quot;,&quot;content_hover_animation&quot;:&quot;fade-in&quot;}\" data-widget_type=\"gallery.default\">\n\t\t\t\t<div class=\"elementor-widget-container\">\n\t\t\t\t\t\t\t<div class=\"elementor-gallery__container\">\n\t\t\t\t\t\t\t<a class=\"e-gallery-item elementor-gallery-item elementor-animated-content\" href=\"https:\/\/szonyimuzeum.hu\/wp-content\/uploads\/2026\/03\/IMG_7271.jpg\">\n\t\t\t\t\t<div class=\"e-gallery-image elementor-gallery-item__image\" data-thumbnail=\"https:\/\/szonyimuzeum.hu\/wp-content\/uploads\/2026\/03\/IMG_7271.jpg\" data-width=\"266\" data-height=\"320\" aria-label=\"\" role=\"img\" ><\/div>\n\t\t\t\t\t\t\t\t\t\t\t<div class=\"elementor-gallery-item__overlay\"><\/div>\n\t\t\t\t\t\t\t\t\t\t\t\t\t\t<\/a>\n\t\t\t\t\t\t\t<a class=\"e-gallery-item elementor-gallery-item elementor-animated-content\" href=\"https:\/\/szonyimuzeum.hu\/wp-content\/uploads\/2026\/03\/IMG_7323.jpg\">\n\t\t\t\t\t<div class=\"e-gallery-image elementor-gallery-item__image\" data-thumbnail=\"https:\/\/szonyimuzeum.hu\/wp-content\/uploads\/2026\/03\/IMG_7323.jpg\" data-width=\"258\" data-height=\"320\" aria-label=\"\" role=\"img\" ><\/div>\n\t\t\t\t\t\t\t\t\t\t\t<div class=\"elementor-gallery-item__overlay\"><\/div>\n\t\t\t\t\t\t\t\t\t\t\t\t\t\t<\/a>\n\t\t\t\t\t\t\t<a class=\"e-gallery-item elementor-gallery-item elementor-animated-content\" href=\"https:\/\/szonyimuzeum.hu\/wp-content\/uploads\/2026\/03\/IMG_7239.jpg\">\n\t\t\t\t\t<div class=\"e-gallery-image elementor-gallery-item__image\" data-thumbnail=\"https:\/\/szonyimuzeum.hu\/wp-content\/uploads\/2026\/03\/IMG_7239.jpg\" data-width=\"246\" data-height=\"320\" aria-label=\"\" role=\"img\" ><\/div>\n\t\t\t\t\t\t\t\t\t\t\t<div class=\"elementor-gallery-item__overlay\"><\/div>\n\t\t\t\t\t\t\t\t\t\t\t\t\t\t<\/a>\n\t\t\t\t\t\t\t<a class=\"e-gallery-item elementor-gallery-item elementor-animated-content\" href=\"https:\/\/szonyimuzeum.hu\/wp-content\/uploads\/2026\/03\/IMG_7189.jpg\">\n\t\t\t\t\t<div class=\"e-gallery-image elementor-gallery-item__image\" data-thumbnail=\"https:\/\/szonyimuzeum.hu\/wp-content\/uploads\/2026\/03\/IMG_7189.jpg\" data-width=\"274\" data-height=\"320\" aria-label=\"\" role=\"img\" ><\/div>\n\t\t\t\t\t\t\t\t\t\t\t<div class=\"elementor-gallery-item__overlay\"><\/div>\n\t\t\t\t\t\t\t\t\t\t\t\t\t\t<\/a>\n\t\t\t\t\t\t\t<a class=\"e-gallery-item elementor-gallery-item elementor-animated-content\" href=\"https:\/\/szonyimuzeum.hu\/wp-content\/uploads\/2026\/03\/IMG_7282.jpg\">\n\t\t\t\t\t<div class=\"e-gallery-image elementor-gallery-item__image\" data-thumbnail=\"https:\/\/szonyimuzeum.hu\/wp-content\/uploads\/2026\/03\/IMG_7282.jpg\" data-width=\"240\" data-height=\"320\" aria-label=\"\" role=\"img\" ><\/div>\n\t\t\t\t\t\t\t\t\t\t\t<div class=\"elementor-gallery-item__overlay\"><\/div>\n\t\t\t\t\t\t\t\t\t\t\t\t\t\t<\/a>\n\t\t\t\t\t\t\t<a class=\"e-gallery-item elementor-gallery-item elementor-animated-content\" href=\"https:\/\/szonyimuzeum.hu\/wp-content\/uploads\/2026\/03\/IMG_8536.jpg\">\n\t\t\t\t\t<div class=\"e-gallery-image elementor-gallery-item__image\" data-thumbnail=\"https:\/\/szonyimuzeum.hu\/wp-content\/uploads\/2026\/03\/IMG_8536.jpg\" data-width=\"640\" data-height=\"490\" aria-label=\"\" role=\"img\" ><\/div>\n\t\t\t\t\t\t\t\t\t\t\t<div class=\"elementor-gallery-item__overlay\"><\/div>\n\t\t\t\t\t\t\t\t\t\t\t\t\t\t<\/a>\n\t\t\t\t\t\t\t<a class=\"e-gallery-item elementor-gallery-item elementor-animated-content\" href=\"https:\/\/szonyimuzeum.hu\/wp-content\/uploads\/2026\/03\/IMG_7346-2_.jpg\">\n\t\t\t\t\t<div class=\"e-gallery-image elementor-gallery-item__image\" data-thumbnail=\"https:\/\/szonyimuzeum.hu\/wp-content\/uploads\/2026\/03\/IMG_7346-2_-597x700.jpg\" data-width=\"597\" data-height=\"700\" aria-label=\"\" role=\"img\" ><\/div>\n\t\t\t\t\t\t\t\t\t\t\t<div class=\"elementor-gallery-item__overlay\"><\/div>\n\t\t\t\t\t\t\t\t\t\t\t\t\t\t<\/a>\n\t\t\t\t\t\t\t<a class=\"e-gallery-item elementor-gallery-item elementor-animated-content\" href=\"https:\/\/szonyimuzeum.hu\/wp-content\/uploads\/2026\/03\/IMG_8517.jpg\">\n\t\t\t\t\t<div class=\"e-gallery-image elementor-gallery-item__image\" data-thumbnail=\"https:\/\/szonyimuzeum.hu\/wp-content\/uploads\/2026\/03\/IMG_8517.jpg\" data-width=\"637\" data-height=\"338\" aria-label=\"\" role=\"img\" ><\/div>\n\t\t\t\t\t\t\t\t\t\t\t<div class=\"elementor-gallery-item__overlay\"><\/div>\n\t\t\t\t\t\t\t\t\t\t\t\t\t\t<\/a>\n\t\t\t\t\t\t\t<a class=\"e-gallery-item elementor-gallery-item elementor-animated-content\" href=\"https:\/\/szonyimuzeum.hu\/wp-content\/uploads\/2026\/03\/IMG_7503.jpg\">\n\t\t\t\t\t<div class=\"e-gallery-image elementor-gallery-item__image\" data-thumbnail=\"https:\/\/szonyimuzeum.hu\/wp-content\/uploads\/2026\/03\/IMG_7503.jpg\" data-width=\"320\" data-height=\"254\" aria-label=\"\" role=\"img\" ><\/div>\n\t\t\t\t\t\t\t\t\t\t\t<div class=\"elementor-gallery-item__overlay\"><\/div>\n\t\t\t\t\t\t\t\t\t\t\t\t\t\t<\/a>\n\t\t\t\t\t\t\t<a class=\"e-gallery-item elementor-gallery-item elementor-animated-content\" href=\"https:\/\/szonyimuzeum.hu\/wp-content\/uploads\/2026\/03\/IMG_7353_1.jpg\">\n\t\t\t\t\t<div class=\"e-gallery-image elementor-gallery-item__image\" data-thumbnail=\"https:\/\/szonyimuzeum.hu\/wp-content\/uploads\/2026\/03\/IMG_7353_1-525x700.jpg\" data-width=\"525\" data-height=\"700\" aria-label=\"\" role=\"img\" ><\/div>\n\t\t\t\t\t\t\t\t\t\t\t<div class=\"elementor-gallery-item__overlay\"><\/div>\n\t\t\t\t\t\t\t\t\t\t\t\t\t\t<\/a>\n\t\t\t\t\t\t\t<a class=\"e-gallery-item elementor-gallery-item elementor-animated-content\" href=\"https:\/\/szonyimuzeum.hu\/wp-content\/uploads\/2026\/03\/IMG_7348.jpg\">\n\t\t\t\t\t<div class=\"e-gallery-image elementor-gallery-item__image\" data-thumbnail=\"https:\/\/szonyimuzeum.hu\/wp-content\/uploads\/2026\/03\/IMG_7348.jpg\" data-width=\"272\" data-height=\"320\" aria-label=\"\" role=\"img\" ><\/div>\n\t\t\t\t\t\t\t\t\t\t\t<div class=\"elementor-gallery-item__overlay\"><\/div>\n\t\t\t\t\t\t\t\t\t\t\t\t\t\t<\/a>\n\t\t\t\t\t\t\t<a class=\"e-gallery-item elementor-gallery-item elementor-animated-content\" href=\"https:\/\/szonyimuzeum.hu\/wp-content\/uploads\/2026\/03\/IMG_0935_.jpg\">\n\t\t\t\t\t<div class=\"e-gallery-image elementor-gallery-item__image\" data-thumbnail=\"https:\/\/szonyimuzeum.hu\/wp-content\/uploads\/2026\/03\/IMG_0935_.jpg\" data-width=\"572\" data-height=\"640\" aria-label=\"\" role=\"img\" ><\/div>\n\t\t\t\t\t\t\t\t\t\t\t<div class=\"elementor-gallery-item__overlay\"><\/div>\n\t\t\t\t\t\t\t\t\t\t\t\t\t\t<\/a>\n\t\t\t\t\t\t\t<a class=\"e-gallery-item elementor-gallery-item elementor-animated-content\" href=\"https:\/\/szonyimuzeum.hu\/wp-content\/uploads\/2026\/03\/IMG_7380.jpg\">\n\t\t\t\t\t<div class=\"e-gallery-image elementor-gallery-item__image\" data-thumbnail=\"https:\/\/szonyimuzeum.hu\/wp-content\/uploads\/2026\/03\/IMG_7380.jpg\" data-width=\"240\" data-height=\"320\" aria-label=\"\" role=\"img\" ><\/div>\n\t\t\t\t\t\t\t\t\t\t\t<div class=\"elementor-gallery-item__overlay\"><\/div>\n\t\t\t\t\t\t\t\t\t\t\t\t\t\t<\/a>\n\t\t\t\t\t\t\t<a class=\"e-gallery-item elementor-gallery-item elementor-animated-content\" href=\"https:\/\/szonyimuzeum.hu\/wp-content\/uploads\/2026\/03\/IMG_7475_.jpg\">\n\t\t\t\t\t<div class=\"e-gallery-image elementor-gallery-item__image\" data-thumbnail=\"https:\/\/szonyimuzeum.hu\/wp-content\/uploads\/2026\/03\/IMG_7475_-525x700.jpg\" data-width=\"525\" data-height=\"700\" aria-label=\"\" role=\"img\" ><\/div>\n\t\t\t\t\t\t\t\t\t\t\t<div class=\"elementor-gallery-item__overlay\"><\/div>\n\t\t\t\t\t\t\t\t\t\t\t\t\t\t<\/a>\n\t\t\t\t\t\t\t<a class=\"e-gallery-item elementor-gallery-item elementor-animated-content\" href=\"https:\/\/szonyimuzeum.hu\/wp-content\/uploads\/2025\/04\/IMG_8086.jpg\">\n\t\t\t\t\t<div class=\"e-gallery-image elementor-gallery-item__image\" data-thumbnail=\"https:\/\/szonyimuzeum.hu\/wp-content\/uploads\/2025\/04\/IMG_8086-525x700.jpg\" data-width=\"525\" data-height=\"700\" aria-label=\"\" role=\"img\" ><\/div>\n\t\t\t\t\t\t\t\t\t\t\t<div class=\"elementor-gallery-item__overlay\"><\/div>\n\t\t\t\t\t\t\t\t\t\t\t\t\t\t<\/a>\n\t\t\t\t\t\t\t<a class=\"e-gallery-item elementor-gallery-item elementor-animated-content\" href=\"https:\/\/szonyimuzeum.hu\/wp-content\/uploads\/2026\/01\/IMG_0974-scaled.jpeg\">\n\t\t\t\t\t<div class=\"e-gallery-image elementor-gallery-item__image\" data-thumbnail=\"https:\/\/szonyimuzeum.hu\/wp-content\/uploads\/2026\/01\/IMG_0974-515x700.jpeg\" data-width=\"515\" data-height=\"700\" aria-label=\"\" role=\"img\" ><\/div>\n\t\t\t\t\t\t\t\t\t\t\t<div class=\"elementor-gallery-item__overlay\"><\/div>\n\t\t\t\t\t\t\t\t\t\t\t\t\t\t<\/a>\n\t\t\t\t\t\t\t<a class=\"e-gallery-item elementor-gallery-item elementor-animated-content\" href=\"https:\/\/szonyimuzeum.hu\/wp-content\/uploads\/2025\/04\/IMG_8143_.jpg\">\n\t\t\t\t\t<div class=\"e-gallery-image elementor-gallery-item__image\" data-thumbnail=\"https:\/\/szonyimuzeum.hu\/wp-content\/uploads\/2025\/04\/IMG_8143_-548x700.jpg\" data-width=\"548\" data-height=\"700\" aria-label=\"\" role=\"img\" ><\/div>\n\t\t\t\t\t\t\t\t\t\t\t<div class=\"elementor-gallery-item__overlay\"><\/div>\n\t\t\t\t\t\t\t\t\t\t\t\t\t\t<\/a>\n\t\t\t\t\t\t\t<a class=\"e-gallery-item elementor-gallery-item elementor-animated-content\" href=\"https:\/\/szonyimuzeum.hu\/wp-content\/uploads\/2026\/03\/IMG_7346-1_.jpg\">\n\t\t\t\t\t<div class=\"e-gallery-image elementor-gallery-item__image\" data-thumbnail=\"https:\/\/szonyimuzeum.hu\/wp-content\/uploads\/2026\/03\/IMG_7346-1_-593x700.jpg\" data-width=\"593\" data-height=\"700\" aria-label=\"\" role=\"img\" ><\/div>\n\t\t\t\t\t\t\t\t\t\t\t<div class=\"elementor-gallery-item__overlay\"><\/div>\n\t\t\t\t\t\t\t\t\t\t\t\t\t\t<\/a>\n\t\t\t\t\t\t\t<a class=\"e-gallery-item elementor-gallery-item elementor-animated-content\" href=\"https:\/\/szonyimuzeum.hu\/wp-content\/uploads\/2026\/03\/IMG_8484.jpg\">\n\t\t\t\t\t<div class=\"e-gallery-image elementor-gallery-item__image\" data-thumbnail=\"https:\/\/szonyimuzeum.hu\/wp-content\/uploads\/2026\/03\/IMG_8484.jpg\" data-width=\"640\" data-height=\"494\" aria-label=\"\" role=\"img\" ><\/div>\n\t\t\t\t\t\t\t\t\t\t\t<div class=\"elementor-gallery-item__overlay\"><\/div>\n\t\t\t\t\t\t\t\t\t\t\t\t\t\t<\/a>\n\t\t\t\t\t\t\t<a class=\"e-gallery-item elementor-gallery-item elementor-animated-content\" href=\"https:\/\/szonyimuzeum.hu\/wp-content\/uploads\/2026\/03\/IMG_8505.jpg\">\n\t\t\t\t\t<div class=\"e-gallery-image elementor-gallery-item__image\" data-thumbnail=\"https:\/\/szonyimuzeum.hu\/wp-content\/uploads\/2026\/03\/IMG_8505.jpg\" data-width=\"536\" data-height=\"640\" aria-label=\"\" role=\"img\" ><\/div>\n\t\t\t\t\t\t\t\t\t\t\t<div class=\"elementor-gallery-item__overlay\"><\/div>\n\t\t\t\t\t\t\t\t\t\t\t\t\t\t<\/a>\n\t\t\t\t\t<\/div>\n\t\t\t\t\t<\/div>\n\t\t\t\t<\/div>\n\t\t\t\t\t<\/div>\n\t\t<\/div>\n\t\t\t\t\t<\/div>\n\t\t<\/section>\n\t\t<div class=\"elementor-element elementor-element-caec620 e-flex e-con-boxed e-con e-parent\" data-id=\"caec620\" data-element_type=\"container\">\n\t\t\t\t\t<div class=\"e-con-inner\">\n\t\t\t\t<div class=\"elementor-element elementor-element-568dadf elementor-widget-divider--view-line_icon elementor-view-default elementor-widget-divider--element-align-center elementor-widget elementor-widget-divider\" data-id=\"568dadf\" data-element_type=\"widget\" data-widget_type=\"divider.default\">\n\t\t\t\t<div class=\"elementor-widget-container\">\n\t\t\t\t\t\t\t<div class=\"elementor-divider\">\n\t\t\t<span class=\"elementor-divider-separator\">\n\t\t\t\t\t\t\t<div class=\"elementor-icon elementor-divider__element\">\n\t\t\t\t\t<i aria-hidden=\"true\" class=\"fas fa-pen-nib\"><\/i><\/div>\n\t\t\t\t\t\t<\/span>\n\t\t<\/div>\n\t\t\t\t\t\t<\/div>\n\t\t\t\t<\/div>\n\t\t\t\t\t<\/div>\n\t\t\t\t<\/div>\n\t\t\t\t<section class=\"elementor-section elementor-top-section elementor-element elementor-element-85d06de elementor-section-boxed elementor-section-height-default elementor-section-height-default\" data-id=\"85d06de\" data-element_type=\"section\">\n\t\t\t\t\t\t<div class=\"elementor-container elementor-column-gap-default\">\n\t\t\t\t\t<div class=\"elementor-column elementor-col-50 elementor-top-column elementor-element elementor-element-00a2bcd\" data-id=\"00a2bcd\" data-element_type=\"column\">\n\t\t\t<div class=\"elementor-widget-wrap elementor-element-populated\">\n\t\t\t\t\t\t<div class=\"elementor-element elementor-element-28b6552 elementor-widget elementor-widget-text-editor\" data-id=\"28b6552\" data-element_type=\"widget\" data-widget_type=\"text-editor.default\">\n\t\t\t\t<div class=\"elementor-widget-container\">\n\t\t\t\t\t\t\t\t\t<h4><span style=\"color: #7393b3;\">WITH THE EYES OF A WEAVER - A DETECTIVE WALK IN SEARCH OF PAINTINGS\u00a0<\/span><\/h4><p>For Istv\u00e1n Sz\u0151nyi, Zebeg\u00e9ny was the centre of the world, where he painted his most beautiful pictures. He was captivated by the view of the Danube bend and the beauty of the landscape of Zebeg\u00e9ny. During our walk, we will visit the places where his famous paintings, also exhibited in the museum, were taken. On this exciting discovery tour, past and present become visible at the same time. We will visit the original locations and show you the artwork from the viewpoint of the original, while telling you the story of the painting and why Sz\u0151nyi stuck to a theme, a location, a motif, why he sometimes painted the same thing over and over again.<\/p><p>The walk route can be followed individually (without a guide) with the help of a thematic guide available for purchase at the museum. The guidebook, which also includes a map, highlights the places that inspired Sz\u0151ny. Old and new pictures of the same spot help you find the places where Sz\u0151nyi's easel once stood.<br \/>The price of the guide, available for purchase at the museum, is HUF 500.<\/p><p><strong>Duration:<\/strong> approx. 90 minutes<strong><br \/>Programme fee: <\/strong>2.500 HUF\/person + museum ticket (full price \/ discounted)<br \/>The walks start with a minimum of 3 people.<strong><br \/><\/strong><strong>Participation in the programme is subject to pre-registration!<br \/><\/strong>szonyimuzeum1@gmail.com<strong><br \/><\/strong><strong><br \/><\/strong><strong>Thematic guide text:<\/strong><\/p><p><a href=\"https:\/\/szonyimuzeum.hu\/wp-content\/uploads\/2024\/04\/Zebegeny-Szonyi-szemevel_Tematikus-kalauz-terkeppel.pdf\" target=\"_blank\" rel=\"noopener\">Zebeg\u00e9ny through Sz\u0151nyi's eyes_Thematic guide with map<\/a><\/p>\t\t\t\t\t\t\t\t<\/div>\n\t\t\t\t<\/div>\n\t\t\t\t\t<\/div>\n\t\t<\/div>\n\t\t\t\t<div class=\"elementor-column elementor-col-50 elementor-top-column elementor-element elementor-element-852d9cc\" data-id=\"852d9cc\" data-element_type=\"column\">\n\t\t\t<div class=\"elementor-widget-wrap elementor-element-populated\">\n\t\t\t\t\t\t<div class=\"elementor-element elementor-element-55c4e10 elementor-widget elementor-widget-image\" data-id=\"55c4e10\" data-element_type=\"widget\" data-widget_type=\"image.default\">\n\t\t\t\t<div class=\"elementor-widget-container\">\n\t\t\t\t\t\t\t\t\t\t\t\t\t\t\t<img decoding=\"async\" src=\"https:\/\/szonyimuzeum.hu\/wp-content\/uploads\/elementor\/thumbs\/Terkep_-qna744wsxa21s0h25vpom9zpzpfd292t0o23b7r6l6.jpg\" title=\"Terkep_\" alt=\"Terkep_\" loading=\"lazy\" \/>\t\t\t\t\t\t\t\t\t\t\t\t\t\t\t<\/div>\n\t\t\t\t<\/div>\n\t\t\t\t\t<\/div>\n\t\t<\/div>\n\t\t\t\t\t<\/div>\n\t\t<\/section>\n\t\t\t\t<\/div>","protected":false},"excerpt":{"rendered":"<p>S\u00e9t\u00e1k ZEBEG\u00c9NYI kulT\u00daRA Tudja, mi volt Sz\u0151nyi Istv\u00e1n kedvenc t\u00e9m\u00e1ja fest\u0151k\u00e9nt, vagy hogy hogyan m\u00falatt\u00e1k az id\u0151t\u00a0 nyaranta m\u0171v\u00e9sz t\u00e1rsaival? Kit \u00e1br\u00e1zolnak a K\u00f3s K\u00e1roly tervezte templom \u00fcvegablakai? Ki volt [&hellip;]<\/p>","protected":false},"author":3,"featured_media":0,"parent":0,"menu_order":0,"comment_status":"closed","ping_status":"closed","template":"","meta":{"ngg_post_thumbnail":0,"_price":"","_stock":"","_tribe_ticket_header":"","_tribe_default_ticket_provider":"","_tribe_ticket_capacity":"0","_ticket_start_date":"","_ticket_end_date":"","_tribe_ticket_show_description":"","_tribe_ticket_show_not_going":false,"_tribe_ticket_use_global_stock":"","_tribe_ticket_global_stock_level":"","_global_stock_mode":"","_global_stock_cap":"","_tribe_rsvp_for_event":"","_tribe_ticket_going_count":"","_tribe_ticket_not_going_count":"","_tribe_tickets_list":"[]","_tribe_ticket_has_attendee_info_fields":false,"_mc_calendar":[],"footnotes":"","_tec_slr_enabled":"","_tec_slr_layout":""},"class_list":["post-4672","page","type-page","status-publish","hentry"],"ticketed":false,"_links":{"self":[{"href":"https:\/\/szonyimuzeum.hu\/en\/wp-json\/wp\/v2\/pages\/4672","targetHints":{"allow":["GET"]}}],"collection":[{"href":"https:\/\/szonyimuzeum.hu\/en\/wp-json\/wp\/v2\/pages"}],"about":[{"href":"https:\/\/szonyimuzeum.hu\/en\/wp-json\/wp\/v2\/types\/page"}],"author":[{"embeddable":true,"href":"https:\/\/szonyimuzeum.hu\/en\/wp-json\/wp\/v2\/users\/3"}],"replies":[{"embeddable":true,"href":"https:\/\/szonyimuzeum.hu\/en\/wp-json\/wp\/v2\/comments?post=4672"}],"version-history":[{"count":238,"href":"https:\/\/szonyimuzeum.hu\/en\/wp-json\/wp\/v2\/pages\/4672\/revisions"}],"predecessor-version":[{"id":13998,"href":"https:\/\/szonyimuzeum.hu\/en\/wp-json\/wp\/v2\/pages\/4672\/revisions\/13998"}],"wp:attachment":[{"href":"https:\/\/szonyimuzeum.hu\/en\/wp-json\/wp\/v2\/media?parent=4672"}],"curies":[{"name":"wp","href":"https:\/\/api.w.org\/{rel}","templated":true}]}}