{"id":617,"date":"2021-02-21T16:14:59","date_gmt":"2021-02-21T15:14:59","guid":{"rendered":"http:\/\/szonyimuzeum.hu\/?page_id=617"},"modified":"2024-04-01T13:47:29","modified_gmt":"2024-04-01T11:47:29","slug":"szonyi-istvan-barati-kor-egyesulet","status":"publish","type":"page","link":"https:\/\/szonyimuzeum.hu\/en\/szonyi-istvan-barati-kor-egyesulet\/","title":{"rendered":"Friends of Istv\u00e1n Sz\u0151nyi Association"},"content":{"rendered":"<div data-elementor-type=\"wp-page\" data-elementor-id=\"617\" class=\"elementor elementor-617\" data-elementor-post-type=\"page\">\n\t\t\t\t\t\t<section class=\"elementor-section elementor-top-section elementor-element elementor-element-195451a2 elementor-section-height-min-height elementor-section-boxed elementor-section-height-default elementor-section-items-middle\" data-id=\"195451a2\" data-element_type=\"section\" id=\"top\" data-settings=\"{&quot;background_background&quot;:&quot;classic&quot;,&quot;shape_divider_bottom&quot;:&quot;wave-brush&quot;}\">\n\t\t\t\t\t\t\t<div class=\"elementor-background-overlay\"><\/div>\n\t\t\t\t\t\t<div class=\"elementor-shape elementor-shape-bottom\" data-negative=\"false\">\n\t\t\t<svg xmlns=\"http:\/\/www.w3.org\/2000\/svg\" viewbox=\"0 0 283.5 27.8\" preserveaspectratio=\"none\">\n\t<path class=\"elementor-shape-fill\" d=\"M283.5,9.7c0,0-7.3,4.3-14,4.6c-6.8,0.3-12.6,0-20.9-1.5c-11.3-2-33.1-10.1-44.7-5.7\ts-12.1,4.6-18,7.4c-6.6,3.2-20,9.6-36.6,9.3C131.6,23.5,99.5,7.2,86.3,8c-1.4,0.1-6.6,0.8-10.5,2c-3.8,1.2-9.4,3.8-17,4.7\tc-3.2,0.4-8.3,1.1-14.2,0.9c-1.5-0.1-6.3-0.4-12-1.6c-5.7-1.2-11-3.1-15.8-3.7C6.5,9.2,0,10.8,0,10.8V0h283.5V9.7z M260.8,11.3\tc-0.7-1-2-0.4-4.3-0.4c-2.3,0-6.1-1.2-5.8-1.1c0.3,0.1,3.1,1.5,6,1.9C259.7,12.2,261.4,12.3,260.8,11.3z M242.4,8.6\tc0,0-2.4-0.2-5.6-0.9c-3.2-0.8-10.3-2.8-15.1-3.5c-8.2-1.1-15.8,0-15.1,0.1c0.8,0.1,9.6-0.6,17.6,1.1c3.3,0.7,9.3,2.2,12.4,2.7\tC239.9,8.7,242.4,8.6,242.4,8.6z M185.2,8.5c1.7-0.7-13.3,4.7-18.5,6.1c-2.1,0.6-6.2,1.6-10,2c-3.9,0.4-8.9,0.4-8.8,0.5\tc0,0.2,5.8,0.8,11.2,0c5.4-0.8,5.2-1.1,7.6-1.6C170.5,14.7,183.5,9.2,185.2,8.5z M199.1,6.9c0.2,0-0.8-0.4-4.8,1.1\tc-4,1.5-6.7,3.5-6.9,3.7c-0.2,0.1,3.5-1.8,6.6-3C197,7.5,199,6.9,199.1,6.9z M283,6c-0.1,0.1-1.9,1.1-4.8,2.5s-6.9,2.8-6.7,2.7\tc0.2,0,3.5-0.6,7.4-2.5C282.8,6.8,283.1,5.9,283,6z M31.3,11.6c0.1-0.2-1.9-0.2-4.5-1.2s-5.4-1.6-7.8-2C15,7.6,7.3,8.5,7.7,8.6\tC8,8.7,15.9,8.3,20.2,9.3c2.2,0.5,2.4,0.5,5.7,1.6S31.2,11.9,31.3,11.6z M73,9.2c0.4-0.1,3.5-1.6,8.4-2.6c4.9-1.1,8.9-0.5,8.9-0.8\tc0-0.3-1-0.9-6.2-0.3S72.6,9.3,73,9.2z M71.6,6.7C71.8,6.8,75,5.4,77.3,5c2.3-0.3,1.9-0.5,1.9-0.6c0-0.1-1.1-0.2-2.7,0.2\tC74.8,5.1,71.4,6.6,71.6,6.7z M93.6,4.4c0.1,0.2,3.5,0.8,5.6,1.8c2.1,1,1.8,0.6,1.9,0.5c0.1-0.1-0.8-0.8-2.4-1.3\tC97.1,4.8,93.5,4.2,93.6,4.4z M65.4,11.1c-0.1,0.3,0.3,0.5,1.9-0.2s2.6-1.3,2.2-1.2s-0.9,0.4-2.5,0.8C65.3,10.9,65.5,10.8,65.4,11.1\tz M34.5,12.4c-0.2,0,2.1,0.8,3.3,0.9c1.2,0.1,2,0.1,2-0.2c0-0.3-0.1-0.5-1.6-0.4C36.6,12.8,34.7,12.4,34.5,12.4z M152.2,21.1\tc-0.1,0.1-2.4-0.3-7.5-0.3c-5,0-13.6-2.4-17.2-3.5c-3.6-1.1,10,3.9,16.5,4.1C150.5,21.6,152.3,21,152.2,21.1z\"\/>\n\t<path class=\"elementor-shape-fill\" d=\"M269.6,18c-0.1-0.1-4.6,0.3-7.2,0c-7.3-0.7-17-3.2-16.6-2.9c0.4,0.3,13.7,3.1,17,3.3\tC267.7,18.8,269.7,18,269.6,18z\"\/>\n\t<path class=\"elementor-shape-fill\" d=\"M227.4,9.8c-0.2-0.1-4.5-1-9.5-1.2c-5-0.2-12.7,0.6-12.3,0.5c0.3-0.1,5.9-1.8,13.3-1.2\tS227.6,9.9,227.4,9.8z\"\/>\n\t<path class=\"elementor-shape-fill\" d=\"M204.5,13.4c-0.1-0.1,2-1,3.2-1.1c1.2-0.1,2,0,2,0.3c0,0.3-0.1,0.5-1.6,0.4\tC206.4,12.9,204.6,13.5,204.5,13.4z\"\/>\n\t<path class=\"elementor-shape-fill\" d=\"M201,10.6c0-0.1-4.4,1.2-6.3,2.2c-1.9,0.9-6.2,3.1-6.1,3.1c0.1,0.1,4.2-1.6,6.3-2.6\tS201,10.7,201,10.6z\"\/>\n\t<path class=\"elementor-shape-fill\" d=\"M154.5,26.7c-0.1-0.1-4.6,0.3-7.2,0c-7.3-0.7-17-3.2-16.6-2.9c0.4,0.3,13.7,3.1,17,3.3\tC152.6,27.5,154.6,26.8,154.5,26.7z\"\/>\n\t<path class=\"elementor-shape-fill\" d=\"M41.9,19.3c0,0,1.2-0.3,2.9-0.1c1.7,0.2,5.8,0.9,8.2,0.7c4.2-0.4,7.4-2.7,7-2.6\tc-0.4,0-4.3,2.2-8.6,1.9c-1.8-0.1-5.1-0.5-6.7-0.4S41.9,19.3,41.9,19.3z\"\/>\n\t<path class=\"elementor-shape-fill\" d=\"M75.5,12.6c0.2,0.1,2-0.8,4.3-1.1c2.3-0.2,2.1-0.3,2.1-0.5c0-0.1-1.8-0.4-3.4,0\tC76.9,11.5,75.3,12.5,75.5,12.6z\"\/>\n\t<path class=\"elementor-shape-fill\" d=\"M15.6,13.2c0-0.1,4.3,0,6.7,0.5c2.4,0.5,5,1.9,5,2c0,0.1-2.7-0.8-5.1-1.4\tC19.9,13.7,15.7,13.3,15.6,13.2z\"\/>\n<\/svg>\t\t<\/div>\n\t\t\t\t\t<div class=\"elementor-container elementor-column-gap-default\">\n\t\t\t\t\t<div class=\"elementor-column elementor-col-100 elementor-top-column elementor-element elementor-element-4294384\" data-id=\"4294384\" data-element_type=\"column\">\n\t\t\t<div class=\"elementor-widget-wrap elementor-element-populated\">\n\t\t\t\t\t\t<div class=\"elementor-element elementor-element-2227bf49 elementor-widget elementor-widget-heading\" data-id=\"2227bf49\" data-element_type=\"widget\" data-widget_type=\"heading.default\">\n\t\t\t\t<div class=\"elementor-widget-container\">\n\t\t\t\t\t<h1 class=\"elementor-heading-title elementor-size-default\">Istv\u00e1n Sz\u0151nyi <br>Circle of Friends Association<\/h1>\t\t\t\t<\/div>\n\t\t\t\t<\/div>\n\t\t\t\t\t<\/div>\n\t\t<\/div>\n\t\t\t\t\t<\/div>\n\t\t<\/section>\n\t\t\t\t<section class=\"elementor-section elementor-top-section elementor-element elementor-element-58adfe9d elementor-section-boxed elementor-section-height-default elementor-section-height-default\" data-id=\"58adfe9d\" data-element_type=\"section\">\n\t\t\t\t\t\t<div class=\"elementor-container elementor-column-gap-default\">\n\t\t\t\t\t<div class=\"elementor-column elementor-col-66 elementor-top-column elementor-element elementor-element-10e8ea9e\" data-id=\"10e8ea9e\" data-element_type=\"column\">\n\t\t\t<div class=\"elementor-widget-wrap elementor-element-populated\">\n\t\t\t\t\t\t<div class=\"elementor-element elementor-element-962b697 elementor-widget elementor-widget-text-editor\" data-id=\"962b697\" data-element_type=\"widget\" data-widget_type=\"text-editor.default\">\n\t\t\t\t<div class=\"elementor-widget-container\">\n\t\t\t\t\t\t\t\t\t<h4><span style=\"color: #7393b3;\"><strong>Purpose of the association (statutes)<\/strong><\/span><\/h4><p>The Circle of Friends of Istv\u00e1n Sz\u0151nyi is a social organization - operating as an association - whose aim is to increase the number of friends and connoisseurs of the arts, especially fine arts, by propagating Istv\u00e1n Sz\u0151nyi's art at home and abroad, thus helping to achieve the fundamental objective of the Circle of Friends, namely the dissemination of general artistic culture. It welcomes to its organisation all those who are supporters of the fine arts and the arts in general, those who are caretakers of the legacy of Istv\u00e1n Sz\u0151nyi, and all those who, as members of the Circle of Friends, undertake to promote the objectives set out in the statutes of the Association.<\/p><h4><span style=\"color: #7393b3;\"><strong>Scope of activities<\/strong><\/span><\/h4><p>Running art schools (Istv\u00e1n Sz\u0151nyi Art School, Youth Art Camp, art camps). Organising class trips, cultural programmes, forest schools for school groups. Support for the cultural activities of the Sz\u0151nyi Istv\u00e1n Memorial Museum.<\/p><h4><span style=\"color: #7393b3;\"><strong>Farming<\/strong><\/span><\/h4><p>The association's programmes are financed by the fees paid, membership fees paid by its members and grants awarded through competitions. Its income is used to organise and run the fine arts programmes and to maintain, run and renovate the camp.<\/p><h4><span style=\"color: #7393b3;\"><strong>Members of the Association<\/strong><\/span><\/h4><p><strong>1.\/<\/strong> Membership of the Association is open to all Hungarian and non-Hungarian citizens over the age of 16, as well as to legal entities (institutions, organisations, etc.) who undertake to fulfil the obligations set out in the Association's statutes and who are admitted as members by the Board on the basis of their application for membership.<\/p><p><strong>2.\/<\/strong> Membership of the Association is open to legal entities that provide the Association with annual funding exceeding HUF 50,000.<\/p><h4><span style=\"color: #7393b3;\"><strong>Admission of applicants to the Association<\/strong><\/span><\/h4><p>The Bureau must decide on the admission of applicants for membership of the Association within six months of the application being submitted, on the recommendation of two members.<\/p>\t\t\t\t\t\t\t\t<\/div>\n\t\t\t\t<\/div>\n\t\t\t\t<div class=\"elementor-element elementor-element-1946c13 elementor-widget elementor-widget-html\" data-id=\"1946c13\" data-element_type=\"widget\" data-widget_type=\"html.default\">\n\t\t\t\t<div class=\"elementor-widget-container\">\n\t\t\t\t\t<div id=\"supsystic-table-2_89297\" class=\"supsystic-tables-wrap\" style=\" width:80%; visibility: hidden; \" data-table-width-fixed=\"80%\" data-table-width-mobile=\"100%\" ><table id=\"supsystic-table-2\" class=\"supsystic-table border lightboxImg cell-border\" data-id=\"2\" data-view-id=\"2_89297\" data-title=\"Sz\u0151nyi Bar\u00e1ti K\u00f6r\" data-currency-format=\"$1,000.00\" data-percent-format=\"10.00%\" data-date-format=\"DD.MM.YYYY\" data-time-format=\"HH:mm\" data-features=\"[&quot;after_table_loaded_script&quot;]\" data-search-value=\"\" data-lightbox-img=\"\" data-head-rows-count=\"1\" data-pagination-length=\"50,100,All\" data-auto-index=\"off\" data-searching-settings=\"{&quot;columnSearchPosition&quot;:&quot;bottom&quot;,&quot;minChars&quot;:&quot;0&quot;}\" data-lang=\"default\" data-override=\"{&quot;emptyTable&quot;:&quot;&quot;,&quot;info&quot;:&quot;&quot;,&quot;infoEmpty&quot;:&quot;&quot;,&quot;infoFiltered&quot;:&quot;&quot;,&quot;lengthMenu&quot;:&quot;&quot;,&quot;search&quot;:&quot;&quot;,&quot;zeroRecords&quot;:&quot;&quot;,&quot;exportLabel&quot;:&quot;&quot;,&quot;file&quot;:&quot;default&quot;}\" data-merged=\"[]\" data-responsive-mode=\"0\" data-from-history=\"0\" ><thead><tr><th class=\"\" style=\"width:; padding: 0 !important;\"><\/th><th class=\"\" style=\"width:; padding: 0 !important;\"><\/th><\/tr><\/thead><tbody><tr style=\"height:px\" ><td data-cell-id=\"A1\" data-x=\"0\" data-y=\"1\" data-db-index=\"1\" class=\"bg-f0f0f0\" data-cell-type=\"text\" data-original-value=\"Alap\u00edt\u00e1s \u00e9ve:\" data-order=\"Alap\u00edt\u00e1s \u00e9ve:\" style=\"min-width:29.0098%; \" >Year of foundation: <\/td><td data-cell-id=\"B1\" data-x=\"1\" data-y=\"1\" data-db-index=\"1\" class=\"bg-f0f0f0\" data-cell-type=\"text\" data-cell-format-type=\"number\" data-original-value=\"1969.\" data-order=\"1969.\" style=\"min-width:70.9902%; \" >1969. <\/td><\/tr><tr style=\"height:px\" ><td data-cell-id=\"A2\" data-x=\"0\" data-y=\"2\" data-db-index=\"2\" class=\"\" data-cell-type=\"text\" data-original-value=\"Sz\u00e9khelye:\" data-order=\"Sz\u00e9khelye:\" >Headquarters: <\/td><td data-cell-id=\"B2\" data-x=\"1\" data-y=\"2\" data-db-index=\"2\" class=\"\" data-cell-type=\"text\" data-original-value=\"2627 Zebeg\u00e9ny, Bart\u00f3ky u. 7.\" data-order=\"2627 Zebeg\u00e9ny, Bart\u00f3ky u. 7.\" >2627 Zebeg\u00e9ny, Bart\u00f3ky u. 7. <\/td><\/tr><tr style=\"height:px\" ><td data-cell-id=\"A3\" data-x=\"0\" data-y=\"3\" data-db-index=\"3\" class=\"bg-f0f0f0\" data-cell-type=\"text\" data-original-value=\"Honlap:\" data-order=\"Honlap:\" >Website: <\/td><td data-cell-id=\"B3\" data-x=\"1\" data-y=\"3\" data-db-index=\"3\" class=\"bg-f0f0f0\" data-cell-type=\"text\" data-original-value=\"www.szonyitabor.hu\" data-order=\"www.szonyitabor.hu\" >www.szonyitabor.hu <\/td><\/tr><tr style=\"height:px\" ><td data-cell-id=\"A4\" data-x=\"0\" data-y=\"4\" data-db-index=\"4\" class=\"\" data-cell-type=\"text\" data-original-value=\"Telefon:\" data-order=\"Telefon:\" >Telephone: <\/td><td data-cell-id=\"B4\" data-x=\"1\" data-y=\"4\" data-db-index=\"4\" class=\"\" data-cell-type=\"text\" data-cell-format-type=\"number\" data-original-value=\"+36 (20) 259 0250\" data-order=\"+36 (20) 259 0250\" >+36 (20) 259 0250 <\/td><\/tr><tr style=\"height:px\" ><td data-cell-id=\"A5\" data-x=\"0\" data-y=\"5\" data-db-index=\"5\" class=\"bg-f0f0f0\" data-cell-type=\"text\" data-original-value=\"E-mail:\" data-order=\"E-mail:\" >E-mail: <\/td><td data-cell-id=\"B5\" data-x=\"1\" data-y=\"5\" data-db-index=\"5\" class=\"bg-f0f0f0\" data-cell-type=\"text\" data-original-value=\"szonyitabor10 (kukac) gmail.com\" data-order=\"szonyitabor10 (kukac) gmail.com\" >szonyitabor10 (at) gmail.com <\/td><\/tr><tr style=\"height:px\" ><td data-cell-id=\"A6\" data-x=\"0\" data-y=\"6\" data-db-index=\"6\" class=\"\" data-cell-type=\"text\" data-original-value=\"Eln\u00f6k:\" data-order=\"Eln\u00f6k:\" >President: <\/td><td data-cell-id=\"B6\" data-x=\"1\" data-y=\"6\" data-db-index=\"6\" class=\"\" data-cell-type=\"text\" data-original-value=\"Dr. K\u00e1lnoki-Gy\u00f6ngy\u00f6ssy M\u00e1rton\" data-order=\"Dr. K\u00e1lnoki-Gy\u00f6ngy\u00f6ssy M\u00e1rton\" >Dr. M\u00e1rton K\u00e1lnoki-Gy\u00f6ngy\u00f6ssy <\/td><\/tr><tr style=\"height:px\" ><td data-cell-id=\"A7\" data-x=\"0\" data-y=\"7\" data-db-index=\"7\" class=\"bg-f0f0f0\" data-cell-type=\"text\" data-original-value=\"Titk\u00e1r:\" data-order=\"Titk\u00e1r:\" >Secretary: <\/td><td data-cell-id=\"B7\" data-x=\"1\" data-y=\"7\" data-db-index=\"7\" class=\"bg-f0f0f0\" data-cell-type=\"text\" data-original-value=\"K\u00f6p\u00f6czi R\u00f3zsa\" data-order=\"K\u00f6p\u00f6czi R\u00f3zsa\" >R\u00f3zsa K\u00f6p\u00f6czi <\/td><\/tr><tr style=\"height:px\" ><td data-cell-id=\"A8\" data-x=\"0\" data-y=\"8\" data-db-index=\"8\" class=\"\" data-cell-type=\"text\" data-original-value=\"Eln\u00f6ks\u00e9gi tag:\" data-order=\"Eln\u00f6ks\u00e9gi tag:\" >Member of the Bureau: <\/td><td data-cell-id=\"B8\" data-x=\"1\" data-y=\"8\" data-db-index=\"8\" class=\"\" data-cell-type=\"text\" data-original-value=\"Heinzelmann Emma, J\u00e1rik G\u00e1bor, L\u00e1z\u00e1r M\u00e1rton Stanislaw, Vir\u00e1g Anett\" data-order=\"Heinzelmann Emma, J\u00e1rik G\u00e1bor, L\u00e1z\u00e1r M\u00e1rton Stanislaw, Vir\u00e1g Anett\" >Emma Heinzelmann, G\u00e1bor J\u00e1rik, Stanislaw M\u00e1rton L\u00e1z\u00e1r, Anett Vir\u00e1g <\/td><\/tr><tr style=\"height:px\" ><td data-cell-id=\"A9\" data-x=\"0\" data-y=\"9\" data-db-index=\"9\" class=\"bg-f0f0f0\" data-cell-type=\"text\" data-original-value=\"Ellen\u0151rz\u0151 Bizotts\u00e1g tag:\" data-order=\"Ellen\u0151rz\u0151 Bizotts\u00e1g tag:\" >Member of the Audit Committee: <\/td><td data-cell-id=\"B9\" data-x=\"1\" data-y=\"9\" data-db-index=\"9\" class=\"bg-f0f0f0\" data-cell-type=\"text\" data-original-value=\"Maurer Tiborn\u00e9, Nagyn\u00e9 H\u00e9ja Etelka, Juh\u00e1sz B\u00e1lint\" data-order=\"Maurer Tiborn\u00e9, Nagyn\u00e9 H\u00e9ja Etelka, Juh\u00e1sz B\u00e1lint\" >Tiborn\u00e9 Maurer, Etelka Nagyn\u00e9 H\u00e9ja, B\u00e1lint Juh\u00e1sz <\/td><\/tr><\/tbody><\/table><!-- \/#supsystic-table-2.supsystic-table --><\/div><!-- \/.supsystic-tables-wrap --><!-- Tables Generator by Supsystic --><!-- Version:1.10.39 --><!-- http:\/\/supsystic.com\/ -->\t\t\t\t<\/div>\n\t\t\t\t<\/div>\n\t\t\t\t\t<\/div>\n\t\t<\/div>\n\t\t\t\t<div class=\"elementor-column elementor-col-33 elementor-top-column elementor-element elementor-element-7fba625d\" data-id=\"7fba625d\" data-element_type=\"column\">\n\t\t\t<div class=\"elementor-widget-wrap elementor-element-populated\">\n\t\t\t\t\t\t<div class=\"elementor-element elementor-element-2c71251 elementor-widget elementor-widget-image\" data-id=\"2c71251\" data-element_type=\"widget\" data-settings=\"{&quot;motion_fx_motion_fx_scrolling&quot;:&quot;yes&quot;,&quot;motion_fx_devices&quot;:[&quot;desktop&quot;]}\" data-widget_type=\"image.default\">\n\t\t\t\t<div class=\"elementor-widget-container\">\n\t\t\t\t\t\t\t\t\t\t\t\t\t\t\t<img decoding=\"async\" src=\"https:\/\/szonyimuzeum.hu\/wp-content\/uploads\/elementor\/thumbs\/Beszelgetok_Egyesuletnek_78.89.32.___-e1711971957426-qm2gxj38hspywu1zjitcagnkdm3uv384mleffrx8gw.png\" title=\"\" alt=\"\" loading=\"lazy\" \/>\t\t\t\t\t\t\t\t\t\t\t\t\t\t\t<\/div>\n\t\t\t\t<\/div>\n\t\t\t\t\t<\/div>\n\t\t<\/div>\n\t\t\t\t\t<\/div>\n\t\t<\/section>\n\t\t\t\t<section class=\"elementor-section elementor-top-section elementor-element elementor-element-2d19dd1 elementor-section-boxed elementor-section-height-default elementor-section-height-default\" data-id=\"2d19dd1\" data-element_type=\"section\">\n\t\t\t\t\t\t<div class=\"elementor-container elementor-column-gap-default\">\n\t\t\t\t\t<div class=\"elementor-column elementor-col-100 elementor-top-column elementor-element elementor-element-59c2d05\" data-id=\"59c2d05\" data-element_type=\"column\">\n\t\t\t<div class=\"elementor-widget-wrap elementor-element-populated\">\n\t\t\t\t\t\t<div class=\"elementor-element elementor-element-6923909 elementor-widget elementor-widget-heading\" data-id=\"6923909\" data-element_type=\"widget\" data-widget_type=\"heading.default\">\n\t\t\t\t<div class=\"elementor-widget-container\">\n\t\t\t\t\t<h6 class=\"elementor-heading-title elementor-size-default\">You can support our association with 1% of your donation!<br>\nTax number: 19833695-1-13<\/h6>\t\t\t\t<\/div>\n\t\t\t\t<\/div>\n\t\t\t\t<div class=\"elementor-element elementor-element-3597853 elementor-widget__width-initial elementor-fixed elementor-hidden-mobile elementor-view-default elementor-widget elementor-widget-global elementor-global-1269 elementor-widget-icon\" data-id=\"3597853\" data-element_type=\"widget\" data-settings=\"{&quot;_position&quot;:&quot;fixed&quot;,&quot;motion_fx_motion_fx_scrolling&quot;:&quot;yes&quot;,&quot;motion_fx_opacity_effect&quot;:&quot;yes&quot;,&quot;motion_fx_opacity_range&quot;:{&quot;unit&quot;:&quot;%&quot;,&quot;size&quot;:&quot;&quot;,&quot;sizes&quot;:{&quot;start&quot;:0,&quot;end&quot;:100}},&quot;motion_fx_devices&quot;:[&quot;desktop&quot;,&quot;laptop&quot;,&quot;tablet&quot;],&quot;motion_fx_opacity_direction&quot;:&quot;out-in&quot;,&quot;motion_fx_opacity_level&quot;:{&quot;unit&quot;:&quot;px&quot;,&quot;size&quot;:10,&quot;sizes&quot;:[]}}\" data-widget_type=\"icon.default\">\n\t\t\t\t<div class=\"elementor-widget-container\">\n\t\t\t\t\t\t\t<div class=\"elementor-icon-wrapper\">\n\t\t\t<a class=\"elementor-icon\" href=\"#top\">\n\t\t\t<i aria-hidden=\"true\" class=\"fas fa-chevron-circle-up\"><\/i>\t\t\t<\/a>\n\t\t<\/div>\n\t\t\t\t\t\t<\/div>\n\t\t\t\t<\/div>\n\t\t\t\t\t<\/div>\n\t\t<\/div>\n\t\t\t\t\t<\/div>\n\t\t<\/section>\n\t\t\t\t<\/div>","protected":false},"excerpt":{"rendered":"<p>Sz\u0151nyi Istv\u00e1n Bar\u00e1ti K\u00f6r Egyes\u00fclet Az egyes\u00fclet c\u00e9lja (alapszab\u00e1ly) A Sz\u0151nyi Istv\u00e1n Bar\u00e1ti K\u00f6r olyan, &#8211; egyes\u00fcletk\u00e9nt m\u0171k\u00f6d\u0151 &#8211; t\u00e1rsadalmi szervezet, amelynek c\u00e9lja, hogy Sz\u0151nyi Istv\u00e1n m\u0171v\u00e9szet\u00e9nek hazai \u00e9s k\u00fclf\u00f6ldi [&hellip;]<\/p>","protected":false},"author":1,"featured_media":0,"parent":0,"menu_order":0,"comment_status":"closed","ping_status":"closed","template":"","meta":{"ngg_post_thumbnail":0,"_price":"","_stock":"","_tribe_ticket_header":"","_tribe_default_ticket_provider":"","_tribe_ticket_capacity":"0","_ticket_start_date":"","_ticket_end_date":"","_tribe_ticket_show_description":"","_tribe_ticket_show_not_going":false,"_tribe_ticket_use_global_stock":"","_tribe_ticket_global_stock_level":"","_global_stock_mode":"","_global_stock_cap":"","_tribe_rsvp_for_event":"","_tribe_ticket_going_count":"","_tribe_ticket_not_going_count":"","_tribe_tickets_list":"[]","_tribe_ticket_has_attendee_info_fields":false,"_mc_calendar":[],"footnotes":"","_tec_slr_enabled":"","_tec_slr_layout":""},"class_list":["post-617","page","type-page","status-publish","hentry"],"ticketed":false,"_links":{"self":[{"href":"https:\/\/szonyimuzeum.hu\/en\/wp-json\/wp\/v2\/pages\/617","targetHints":{"allow":["GET"]}}],"collection":[{"href":"https:\/\/szonyimuzeum.hu\/en\/wp-json\/wp\/v2\/pages"}],"about":[{"href":"https:\/\/szonyimuzeum.hu\/en\/wp-json\/wp\/v2\/types\/page"}],"author":[{"embeddable":true,"href":"https:\/\/szonyimuzeum.hu\/en\/wp-json\/wp\/v2\/users\/1"}],"replies":[{"embeddable":true,"href":"https:\/\/szonyimuzeum.hu\/en\/wp-json\/wp\/v2\/comments?post=617"}],"version-history":[{"count":127,"href":"https:\/\/szonyimuzeum.hu\/en\/wp-json\/wp\/v2\/pages\/617\/revisions"}],"predecessor-version":[{"id":6709,"href":"https:\/\/szonyimuzeum.hu\/en\/wp-json\/wp\/v2\/pages\/617\/revisions\/6709"}],"wp:attachment":[{"href":"https:\/\/szonyimuzeum.hu\/en\/wp-json\/wp\/v2\/media?parent=617"}],"curies":[{"name":"wp","href":"https:\/\/api.w.org\/{rel}","templated":true}]}}