{"id":9966,"date":"2025-03-04T10:18:42","date_gmt":"2025-03-04T09:18:42","guid":{"rendered":"https:\/\/szonyimuzeum.hu\/?page_id=9966"},"modified":"2025-03-05T19:38:52","modified_gmt":"2025-03-05T18:38:52","slug":"aquarellek-es-gouache-ok-album","status":"publish","type":"page","link":"https:\/\/szonyimuzeum.hu\/en\/aquarellek-es-gouache-ok-album\/","title":{"rendered":"Watercolours and gouaches album"},"content":{"rendered":"<div data-elementor-type=\"wp-page\" data-elementor-id=\"9966\" class=\"elementor elementor-9966\" data-elementor-post-type=\"page\">\n\t\t\t\t\t\t<section class=\"elementor-section elementor-top-section elementor-element elementor-element-1cfc026e elementor-section-height-min-height elementor-section-boxed elementor-section-height-default elementor-section-items-middle\" data-id=\"1cfc026e\" data-element_type=\"section\" id=\"top\" data-settings=\"{&quot;background_background&quot;:&quot;classic&quot;,&quot;shape_divider_bottom&quot;:&quot;wave-brush&quot;}\">\n\t\t\t\t\t\t\t<div class=\"elementor-background-overlay\"><\/div>\n\t\t\t\t\t\t<div class=\"elementor-shape elementor-shape-bottom\" data-negative=\"false\">\n\t\t\t<svg xmlns=\"http:\/\/www.w3.org\/2000\/svg\" viewbox=\"0 0 283.5 27.8\" preserveaspectratio=\"none\">\n\t<path class=\"elementor-shape-fill\" d=\"M283.5,9.7c0,0-7.3,4.3-14,4.6c-6.8,0.3-12.6,0-20.9-1.5c-11.3-2-33.1-10.1-44.7-5.7\ts-12.1,4.6-18,7.4c-6.6,3.2-20,9.6-36.6,9.3C131.6,23.5,99.5,7.2,86.3,8c-1.4,0.1-6.6,0.8-10.5,2c-3.8,1.2-9.4,3.8-17,4.7\tc-3.2,0.4-8.3,1.1-14.2,0.9c-1.5-0.1-6.3-0.4-12-1.6c-5.7-1.2-11-3.1-15.8-3.7C6.5,9.2,0,10.8,0,10.8V0h283.5V9.7z M260.8,11.3\tc-0.7-1-2-0.4-4.3-0.4c-2.3,0-6.1-1.2-5.8-1.1c0.3,0.1,3.1,1.5,6,1.9C259.7,12.2,261.4,12.3,260.8,11.3z M242.4,8.6\tc0,0-2.4-0.2-5.6-0.9c-3.2-0.8-10.3-2.8-15.1-3.5c-8.2-1.1-15.8,0-15.1,0.1c0.8,0.1,9.6-0.6,17.6,1.1c3.3,0.7,9.3,2.2,12.4,2.7\tC239.9,8.7,242.4,8.6,242.4,8.6z M185.2,8.5c1.7-0.7-13.3,4.7-18.5,6.1c-2.1,0.6-6.2,1.6-10,2c-3.9,0.4-8.9,0.4-8.8,0.5\tc0,0.2,5.8,0.8,11.2,0c5.4-0.8,5.2-1.1,7.6-1.6C170.5,14.7,183.5,9.2,185.2,8.5z M199.1,6.9c0.2,0-0.8-0.4-4.8,1.1\tc-4,1.5-6.7,3.5-6.9,3.7c-0.2,0.1,3.5-1.8,6.6-3C197,7.5,199,6.9,199.1,6.9z M283,6c-0.1,0.1-1.9,1.1-4.8,2.5s-6.9,2.8-6.7,2.7\tc0.2,0,3.5-0.6,7.4-2.5C282.8,6.8,283.1,5.9,283,6z M31.3,11.6c0.1-0.2-1.9-0.2-4.5-1.2s-5.4-1.6-7.8-2C15,7.6,7.3,8.5,7.7,8.6\tC8,8.7,15.9,8.3,20.2,9.3c2.2,0.5,2.4,0.5,5.7,1.6S31.2,11.9,31.3,11.6z M73,9.2c0.4-0.1,3.5-1.6,8.4-2.6c4.9-1.1,8.9-0.5,8.9-0.8\tc0-0.3-1-0.9-6.2-0.3S72.6,9.3,73,9.2z M71.6,6.7C71.8,6.8,75,5.4,77.3,5c2.3-0.3,1.9-0.5,1.9-0.6c0-0.1-1.1-0.2-2.7,0.2\tC74.8,5.1,71.4,6.6,71.6,6.7z M93.6,4.4c0.1,0.2,3.5,0.8,5.6,1.8c2.1,1,1.8,0.6,1.9,0.5c0.1-0.1-0.8-0.8-2.4-1.3\tC97.1,4.8,93.5,4.2,93.6,4.4z M65.4,11.1c-0.1,0.3,0.3,0.5,1.9-0.2s2.6-1.3,2.2-1.2s-0.9,0.4-2.5,0.8C65.3,10.9,65.5,10.8,65.4,11.1\tz M34.5,12.4c-0.2,0,2.1,0.8,3.3,0.9c1.2,0.1,2,0.1,2-0.2c0-0.3-0.1-0.5-1.6-0.4C36.6,12.8,34.7,12.4,34.5,12.4z M152.2,21.1\tc-0.1,0.1-2.4-0.3-7.5-0.3c-5,0-13.6-2.4-17.2-3.5c-3.6-1.1,10,3.9,16.5,4.1C150.5,21.6,152.3,21,152.2,21.1z\"\/>\n\t<path class=\"elementor-shape-fill\" d=\"M269.6,18c-0.1-0.1-4.6,0.3-7.2,0c-7.3-0.7-17-3.2-16.6-2.9c0.4,0.3,13.7,3.1,17,3.3\tC267.7,18.8,269.7,18,269.6,18z\"\/>\n\t<path class=\"elementor-shape-fill\" d=\"M227.4,9.8c-0.2-0.1-4.5-1-9.5-1.2c-5-0.2-12.7,0.6-12.3,0.5c0.3-0.1,5.9-1.8,13.3-1.2\tS227.6,9.9,227.4,9.8z\"\/>\n\t<path class=\"elementor-shape-fill\" d=\"M204.5,13.4c-0.1-0.1,2-1,3.2-1.1c1.2-0.1,2,0,2,0.3c0,0.3-0.1,0.5-1.6,0.4\tC206.4,12.9,204.6,13.5,204.5,13.4z\"\/>\n\t<path class=\"elementor-shape-fill\" d=\"M201,10.6c0-0.1-4.4,1.2-6.3,2.2c-1.9,0.9-6.2,3.1-6.1,3.1c0.1,0.1,4.2-1.6,6.3-2.6\tS201,10.7,201,10.6z\"\/>\n\t<path class=\"elementor-shape-fill\" d=\"M154.5,26.7c-0.1-0.1-4.6,0.3-7.2,0c-7.3-0.7-17-3.2-16.6-2.9c0.4,0.3,13.7,3.1,17,3.3\tC152.6,27.5,154.6,26.8,154.5,26.7z\"\/>\n\t<path class=\"elementor-shape-fill\" d=\"M41.9,19.3c0,0,1.2-0.3,2.9-0.1c1.7,0.2,5.8,0.9,8.2,0.7c4.2-0.4,7.4-2.7,7-2.6\tc-0.4,0-4.3,2.2-8.6,1.9c-1.8-0.1-5.1-0.5-6.7-0.4S41.9,19.3,41.9,19.3z\"\/>\n\t<path class=\"elementor-shape-fill\" d=\"M75.5,12.6c0.2,0.1,2-0.8,4.3-1.1c2.3-0.2,2.1-0.3,2.1-0.5c0-0.1-1.8-0.4-3.4,0\tC76.9,11.5,75.3,12.5,75.5,12.6z\"\/>\n\t<path class=\"elementor-shape-fill\" d=\"M15.6,13.2c0-0.1,4.3,0,6.7,0.5c2.4,0.5,5,1.9,5,2c0,0.1-2.7-0.8-5.1-1.4\tC19.9,13.7,15.7,13.3,15.6,13.2z\"\/>\n<\/svg>\t\t<\/div>\n\t\t\t\t\t<div class=\"elementor-container elementor-column-gap-default\">\n\t\t\t\t\t<div class=\"elementor-column elementor-col-100 elementor-top-column elementor-element elementor-element-7321c210\" data-id=\"7321c210\" data-element_type=\"column\">\n\t\t\t<div class=\"elementor-widget-wrap elementor-element-populated\">\n\t\t\t\t\t\t<div class=\"elementor-element elementor-element-4a33ff27 elementor-widget elementor-widget-heading\" data-id=\"4a33ff27\" data-element_type=\"widget\" data-widget_type=\"heading.default\">\n\t\t\t\t<div class=\"elementor-widget-container\">\n\t\t\t\t\t<h1 class=\"elementor-heading-title elementor-size-default\">Watercolours and gouaches album<\/h1>\t\t\t\t<\/div>\n\t\t\t\t<\/div>\n\t\t\t\t\t<\/div>\n\t\t<\/div>\n\t\t\t\t\t<\/div>\n\t\t<\/section>\n\t\t<div class=\"elementor-element elementor-element-9325ec5 e-flex e-con-boxed e-con e-parent\" data-id=\"9325ec5\" data-element_type=\"container\">\n\t\t\t\t\t<div class=\"e-con-inner\">\n\t\t\t\t<div class=\"elementor-element elementor-element-6f048f9 elementor-widget elementor-widget-text-editor\" data-id=\"6f048f9\" data-element_type=\"widget\" data-widget_type=\"text-editor.default\">\n\t\t\t\t<div class=\"elementor-widget-container\">\n\t\t\t\t\t\t\t\t\t<p>Uploading in progress...<\/p>\t\t\t\t\t\t\t\t<\/div>\n\t\t\t\t<\/div>\n\t\t\t\t\t<\/div>\n\t\t\t\t<\/div>\n\t\t<div class=\"elementor-element elementor-element-43f8a5e e-flex e-con-boxed e-con e-parent\" data-id=\"43f8a5e\" data-element_type=\"container\">\n\t\t\t\t\t<div class=\"e-con-inner\">\n\t\t\t\t<div class=\"elementor-element elementor-element-ba25e2b elementor-widget elementor-widget-text-editor\" data-id=\"ba25e2b\" data-element_type=\"widget\" data-widget_type=\"text-editor.default\">\n\t\t\t\t<div class=\"elementor-widget-container\">\n\t\t\t\t\t\t\t\t\t<p><!-- default-view.php -->\n<div\n\tclass=\"ngg-galleryoverview default-view\"\n\tid=\"ngg-gallery-27caad2b2092fe2d14efddc5646c5cf1-1\">\n\n\t\t<!-- Thumbnails -->\n\t\t\t\t<div id=\"ngg-image-0\" class=\"ngg-gallery-thumbnail-box\t\t\t\t\t\t\t\tngg-4-columns\"\n\t\t\t>\n\t\t\t\t\t\t<div class=\"ngg-gallery-thumbnail\">\n\t\t\t<a href=\"https:\/\/szonyimuzeum.hu\/wp-content\/gallery\/aquarellek-es-gouache-ok-album\/A-falu-osszel-papir-gouache-festmeny-21x34.5-cm.jpg\"\n\t\t\t\ttitle=\"\"\n\t\t\t\tdata-src=\"https:\/\/szonyimuzeum.hu\/wp-content\/gallery\/aquarellek-es-gouache-ok-album\/A-falu-osszel-papir-gouache-festmeny-21x34.5-cm.jpg\"\n\t\t\t\tdata-thumbnail=\"https:\/\/szonyimuzeum.hu\/wp-content\/gallery\/aquarellek-es-gouache-ok-album\/thumbs\/thumbs-A-falu-osszel-papir-gouache-festmeny-21x34.5-cm.jpg\"\n\t\t\t\tdata-image-id=\"937\"\n\t\t\t\tdata-title=\"A-falu-osszel-papir-gouache-festmeny-21x34.5-cm\"\n\t\t\t\tdata-description=\"\"\n\t\t\t\tdata-image-slug=\"a-falu-osszel-papir-gouache-festmeny-21x34-5-cm\"\n\t\t\t\tclass=\"ngg-simplelightbox\" rel=\"27caad2b2092fe2d14efddc5646c5cf1\">\n\t\t\t\t<img\n\t\t\t\t\ttitle=\"A-village-with-trimmed-paper-gouache-festmeny-21x34.5-cm\"\n\t\t\t\t\talt=\"A-falu-osszel-papir-gouache-festmeny-21x34.5-cm\"\n\t\t\t\t\tsrc=\"https:\/\/szonyimuzeum.hu\/wp-content\/gallery\/aquarellek-es-gouache-ok-album\/thumbs\/thumbs-A-falu-osszel-papir-gouache-festmeny-21x34.5-cm.jpg\"\n\t\t\t\t\twidth=\"240\"\n\t\t\t\t\theight=\"160\"\n\t\t\t\t\tstyle=\"max-width:100%;\"\n\t\t\t\t\/>\n\t\t\t<\/a>\n\t\t<\/div>\n\t\t\t\t\t\t\t<\/div>\n\t\t\t\n\t\t\t\t<div id=\"ngg-image-1\" class=\"ngg-gallery-thumbnail-box\t\t\t\t\t\t\t\tngg-4-columns\"\n\t\t\t>\n\t\t\t\t\t\t<div class=\"ngg-gallery-thumbnail\">\n\t\t\t<a href=\"https:\/\/szonyimuzeum.hu\/wp-content\/gallery\/aquarellek-es-gouache-ok-album\/Ablakban-papir-gouache-festmeny-25.6x40-cm.jpg\"\n\t\t\t\ttitle=\"\"\n\t\t\t\tdata-src=\"https:\/\/szonyimuzeum.hu\/wp-content\/gallery\/aquarellek-es-gouache-ok-album\/Ablakban-papir-gouache-festmeny-25.6x40-cm.jpg\"\n\t\t\t\tdata-thumbnail=\"https:\/\/szonyimuzeum.hu\/wp-content\/gallery\/aquarellek-es-gouache-ok-album\/thumbs\/thumbs-Ablakban-papir-gouache-festmeny-25.6x40-cm.jpg\"\n\t\t\t\tdata-image-id=\"938\"\n\t\t\t\tdata-title=\"Ablakban-papir-gouache-festmeny-25.6x40-cm\"\n\t\t\t\tdata-description=\"\"\n\t\t\t\tdata-image-slug=\"ablakban-papir-gouache-festmeny-25-6x40-cm\"\n\t\t\t\tclass=\"ngg-simplelightbox\" rel=\"27caad2b2092fe2d14efddc5646c5cf1\">\n\t\t\t\t<img\n\t\t\t\t\ttitle=\"In-window-paper-gouache-festmeny-25.6x40-cm\"\n\t\t\t\t\talt=\"Ablakban-papir-gouache-festmeny-25.6x40-cm\"\n\t\t\t\t\tsrc=\"https:\/\/szonyimuzeum.hu\/wp-content\/gallery\/aquarellek-es-gouache-ok-album\/thumbs\/thumbs-Ablakban-papir-gouache-festmeny-25.6x40-cm.jpg\"\n\t\t\t\t\twidth=\"240\"\n\t\t\t\t\theight=\"160\"\n\t\t\t\t\tstyle=\"max-width:100%;\"\n\t\t\t\t\/>\n\t\t\t<\/a>\n\t\t<\/div>\n\t\t\t\t\t\t\t<\/div>\n\t\t\t\n\t\t\t\t<div id=\"ngg-image-2\" class=\"ngg-gallery-thumbnail-box\t\t\t\t\t\t\t\tngg-4-columns\"\n\t\t\t>\n\t\t\t\t\t\t<div class=\"ngg-gallery-thumbnail\">\n\t\t\t<a href=\"https:\/\/szonyimuzeum.hu\/wp-content\/gallery\/aquarellek-es-gouache-ok-album\/A-pesti-lakas-e.n.-gouache-papir-277x398-cm.jpg\"\n\t\t\t\ttitle=\"\"\n\t\t\t\tdata-src=\"https:\/\/szonyimuzeum.hu\/wp-content\/gallery\/aquarellek-es-gouache-ok-album\/A-pesti-lakas-e.n.-gouache-papir-277x398-cm.jpg\"\n\t\t\t\tdata-thumbnail=\"https:\/\/szonyimuzeum.hu\/wp-content\/gallery\/aquarellek-es-gouache-ok-album\/thumbs\/thumbs-A-pesti-lakas-e.n.-gouache-papir-277x398-cm.jpg\"\n\t\t\t\tdata-image-id=\"939\"\n\t\t\t\tdata-title=\"A-pesti-lakas-e.n.-gouache-papir-277x398-cm\"\n\t\t\t\tdata-description=\"\"\n\t\t\t\tdata-image-slug=\"a-pesti-lakas-e-n-gouache-papir-277x398-cm-1\"\n\t\t\t\tclass=\"ngg-simplelightbox\" rel=\"27caad2b2092fe2d14efddc5646c5cf1\">\n\t\t\t\t<img\n\t\t\t\t\ttitle=\"A-pesti-lakas-e.n.-gouache-papir-277x398-cm\"\n\t\t\t\t\talt=\"A-pesti-lakas-e.n.-gouache-papir-277x398-cm\"\n\t\t\t\t\tsrc=\"https:\/\/szonyimuzeum.hu\/wp-content\/gallery\/aquarellek-es-gouache-ok-album\/thumbs\/thumbs-A-pesti-lakas-e.n.-gouache-papir-277x398-cm.jpg\"\n\t\t\t\t\twidth=\"240\"\n\t\t\t\t\theight=\"160\"\n\t\t\t\t\tstyle=\"max-width:100%;\"\n\t\t\t\t\/>\n\t\t\t<\/a>\n\t\t<\/div>\n\t\t\t\t\t\t\t<\/div>\n\t\t\t\n\t\t\t\t<div id=\"ngg-image-3\" class=\"ngg-gallery-thumbnail-box\t\t\t\t\t\t\t\tngg-4-columns\"\n\t\t\t>\n\t\t\t\t\t\t<div class=\"ngg-gallery-thumbnail\">\n\t\t\t<a href=\"https:\/\/szonyimuzeum.hu\/wp-content\/gallery\/aquarellek-es-gouache-ok-album\/Ablak-elott-papir-gouache-festmeny-21x34-cm.jpg\"\n\t\t\t\ttitle=\"\"\n\t\t\t\tdata-src=\"https:\/\/szonyimuzeum.hu\/wp-content\/gallery\/aquarellek-es-gouache-ok-album\/Ablak-elott-papir-gouache-festmeny-21x34-cm.jpg\"\n\t\t\t\tdata-thumbnail=\"https:\/\/szonyimuzeum.hu\/wp-content\/gallery\/aquarellek-es-gouache-ok-album\/thumbs\/thumbs-Ablak-elott-papir-gouache-festmeny-21x34-cm.jpg\"\n\t\t\t\tdata-image-id=\"940\"\n\t\t\t\tdata-title=\"Ablak-elott-papir-gouache-festmeny-21x34-cm\"\n\t\t\t\tdata-description=\"\"\n\t\t\t\tdata-image-slug=\"ablak-elott-papir-gouache-festmeny-21x34-cm\"\n\t\t\t\tclass=\"ngg-simplelightbox\" rel=\"27caad2b2092fe2d14efddc5646c5cf1\">\n\t\t\t\t<img\n\t\t\t\t\ttitle=\"Window-elott-papir-gouache-festmeny-21x34-cm\"\n\t\t\t\t\talt=\"Ablak-elott-papir-gouache-festmeny-21x34-cm\"\n\t\t\t\t\tsrc=\"https:\/\/szonyimuzeum.hu\/wp-content\/gallery\/aquarellek-es-gouache-ok-album\/thumbs\/thumbs-Ablak-elott-papir-gouache-festmeny-21x34-cm.jpg\"\n\t\t\t\t\twidth=\"240\"\n\t\t\t\t\theight=\"160\"\n\t\t\t\t\tstyle=\"max-width:100%;\"\n\t\t\t\t\/>\n\t\t\t<\/a>\n\t\t<\/div>\n\t\t\t\t\t\t\t<\/div>\n\t\t\t\n\t\t\t\t<div id=\"ngg-image-4\" class=\"ngg-gallery-thumbnail-box\t\t\t\t\t\t\t\tngg-4-columns\"\n\t\t\t>\n\t\t\t\t\t\t<div class=\"ngg-gallery-thumbnail\">\n\t\t\t<a href=\"https:\/\/szonyimuzeum.hu\/wp-content\/gallery\/aquarellek-es-gouache-ok-album\/A-havas-Nax-1947-gouache-papir-22x30-cm.jpg\"\n\t\t\t\ttitle=\"\"\n\t\t\t\tdata-src=\"https:\/\/szonyimuzeum.hu\/wp-content\/gallery\/aquarellek-es-gouache-ok-album\/A-havas-Nax-1947-gouache-papir-22x30-cm.jpg\"\n\t\t\t\tdata-thumbnail=\"https:\/\/szonyimuzeum.hu\/wp-content\/gallery\/aquarellek-es-gouache-ok-album\/thumbs\/thumbs-A-havas-Nax-1947-gouache-papir-22x30-cm.jpg\"\n\t\t\t\tdata-image-id=\"941\"\n\t\t\t\tdata-title=\"A-havas-Nax-1947-gouache-papir-22x30-cm\"\n\t\t\t\tdata-description=\"\"\n\t\t\t\tdata-image-slug=\"a-havas-nax-1947-gouache-papir-22x30-cm-1\"\n\t\t\t\tclass=\"ngg-simplelightbox\" rel=\"27caad2b2092fe2d14efddc5646c5cf1\">\n\t\t\t\t<img\n\t\t\t\t\ttitle=\"A-havas-Nax-1947-gouache-papir-22x30-cm\"\n\t\t\t\t\talt=\"A-havas-Nax-1947-gouache-papir-22x30-cm\"\n\t\t\t\t\tsrc=\"https:\/\/szonyimuzeum.hu\/wp-content\/gallery\/aquarellek-es-gouache-ok-album\/thumbs\/thumbs-A-havas-Nax-1947-gouache-papir-22x30-cm.jpg\"\n\t\t\t\t\twidth=\"240\"\n\t\t\t\t\theight=\"160\"\n\t\t\t\t\tstyle=\"max-width:100%;\"\n\t\t\t\t\/>\n\t\t\t<\/a>\n\t\t<\/div>\n\t\t\t\t\t\t\t<\/div>\n\t\t\t\n\t\t\t\t<div id=\"ngg-image-5\" class=\"ngg-gallery-thumbnail-box\t\t\t\t\t\t\t\tngg-4-columns\"\n\t\t\t>\n\t\t\t\t\t\t<div class=\"ngg-gallery-thumbnail\">\n\t\t\t<a href=\"https:\/\/szonyimuzeum.hu\/wp-content\/gallery\/aquarellek-es-gouache-ok-album\/Ablaknal-tamaszkodo-ferfi-papir-gouache-festmeny-33.3x21-cm.jpg\"\n\t\t\t\ttitle=\"\"\n\t\t\t\tdata-src=\"https:\/\/szonyimuzeum.hu\/wp-content\/gallery\/aquarellek-es-gouache-ok-album\/Ablaknal-tamaszkodo-ferfi-papir-gouache-festmeny-33.3x21-cm.jpg\"\n\t\t\t\tdata-thumbnail=\"https:\/\/szonyimuzeum.hu\/wp-content\/gallery\/aquarellek-es-gouache-ok-album\/thumbs\/thumbs-Ablaknal-tamaszkodo-ferfi-papir-gouache-festmeny-33.3x21-cm.jpg\"\n\t\t\t\tdata-image-id=\"942\"\n\t\t\t\tdata-title=\"Ablaknal-tamaszkodo-ferfi-papir-gouache-festmeny-33.3x21-cm\"\n\t\t\t\tdata-description=\"\"\n\t\t\t\tdata-image-slug=\"ablaknal-tamaszkodo-ferfi-papir-gouache-festmeny-33-3x21-cm\"\n\t\t\t\tclass=\"ngg-simplelightbox\" rel=\"27caad2b2092fe2d14efddc5646c5cf1\">\n\t\t\t\t<img\n\t\t\t\t\ttitle=\"Window-tamaszkodo-ferfi-papir-gouache-festmeny-33.3x21-cm\"\n\t\t\t\t\talt=\"Ablaknal-tamaszkodo-ferfi-papir-gouache-festmeny-33.3x21-cm\"\n\t\t\t\t\tsrc=\"https:\/\/szonyimuzeum.hu\/wp-content\/gallery\/aquarellek-es-gouache-ok-album\/thumbs\/thumbs-Ablaknal-tamaszkodo-ferfi-papir-gouache-festmeny-33.3x21-cm.jpg\"\n\t\t\t\t\twidth=\"240\"\n\t\t\t\t\theight=\"160\"\n\t\t\t\t\tstyle=\"max-width:100%;\"\n\t\t\t\t\/>\n\t\t\t<\/a>\n\t\t<\/div>\n\t\t\t\t\t\t\t<\/div>\n\t\t\t\n\t\t\t\t<div id=\"ngg-image-6\" class=\"ngg-gallery-thumbnail-box\t\t\t\t\t\t\t\tngg-4-columns\"\n\t\t\t>\n\t\t\t\t\t\t<div class=\"ngg-gallery-thumbnail\">\n\t\t\t<a href=\"https:\/\/szonyimuzeum.hu\/wp-content\/gallery\/aquarellek-es-gouache-ok-album\/Ablakmelyedes-papir-gouache-festmeny-33.8x20.8-cm.jpg\"\n\t\t\t\ttitle=\"\"\n\t\t\t\tdata-src=\"https:\/\/szonyimuzeum.hu\/wp-content\/gallery\/aquarellek-es-gouache-ok-album\/Ablakmelyedes-papir-gouache-festmeny-33.8x20.8-cm.jpg\"\n\t\t\t\tdata-thumbnail=\"https:\/\/szonyimuzeum.hu\/wp-content\/gallery\/aquarellek-es-gouache-ok-album\/thumbs\/thumbs-Ablakmelyedes-papir-gouache-festmeny-33.8x20.8-cm.jpg\"\n\t\t\t\tdata-image-id=\"943\"\n\t\t\t\tdata-title=\"Ablakmelyedes-papir-gouache-festmeny-33.8x20.8-cm\"\n\t\t\t\tdata-description=\"\"\n\t\t\t\tdata-image-slug=\"ablakmelyedes-papir-gouache-festmeny-33-8x20-8-cm\"\n\t\t\t\tclass=\"ngg-simplelightbox\" rel=\"27caad2b2092fe2d14efddc5646c5cf1\">\n\t\t\t\t<img\n\t\t\t\t\ttitle=\"Window-windows-papyr-gouache-festmeny-33.8x20.8-cm\"\n\t\t\t\t\talt=\"Ablakmelyedes-papir-gouache-festmeny-33.8x20.8-cm\"\n\t\t\t\t\tsrc=\"https:\/\/szonyimuzeum.hu\/wp-content\/gallery\/aquarellek-es-gouache-ok-album\/thumbs\/thumbs-Ablakmelyedes-papir-gouache-festmeny-33.8x20.8-cm.jpg\"\n\t\t\t\t\twidth=\"240\"\n\t\t\t\t\theight=\"160\"\n\t\t\t\t\tstyle=\"max-width:100%;\"\n\t\t\t\t\/>\n\t\t\t<\/a>\n\t\t<\/div>\n\t\t\t\t\t\t\t<\/div>\n\t\t\t\n\t\t\t\t<div id=\"ngg-image-7\" class=\"ngg-gallery-thumbnail-box\t\t\t\t\t\t\t\tngg-4-columns\"\n\t\t\t>\n\t\t\t\t\t\t<div class=\"ngg-gallery-thumbnail\">\n\t\t\t<a href=\"https:\/\/szonyimuzeum.hu\/wp-content\/gallery\/aquarellek-es-gouache-ok-album\/Agyon-ulo-no-papir-gouache-festmeny-21x34-cm.jpg\"\n\t\t\t\ttitle=\"\"\n\t\t\t\tdata-src=\"https:\/\/szonyimuzeum.hu\/wp-content\/gallery\/aquarellek-es-gouache-ok-album\/Agyon-ulo-no-papir-gouache-festmeny-21x34-cm.jpg\"\n\t\t\t\tdata-thumbnail=\"https:\/\/szonyimuzeum.hu\/wp-content\/gallery\/aquarellek-es-gouache-ok-album\/thumbs\/thumbs-Agyon-ulo-no-papir-gouache-festmeny-21x34-cm.jpg\"\n\t\t\t\tdata-image-id=\"944\"\n\t\t\t\tdata-title=\"Agyon-ulo-no-papir-gouache-festmeny-21x34-cm\"\n\t\t\t\tdata-description=\"\"\n\t\t\t\tdata-image-slug=\"agyon-ulo-no-papir-gouache-festmeny-21x34-cm\"\n\t\t\t\tclass=\"ngg-simplelightbox\" rel=\"27caad2b2092fe2d14efddc5646c5cf1\">\n\t\t\t\t<img\n\t\t\t\t\ttitle=\"Agyon-ulo-no-papir-gouache-festmeny-21x34-cm\"\n\t\t\t\t\talt=\"Agyon-ulo-no-papir-gouache-festmeny-21x34-cm\"\n\t\t\t\t\tsrc=\"https:\/\/szonyimuzeum.hu\/wp-content\/gallery\/aquarellek-es-gouache-ok-album\/thumbs\/thumbs-Agyon-ulo-no-papir-gouache-festmeny-21x34-cm.jpg\"\n\t\t\t\t\twidth=\"240\"\n\t\t\t\t\theight=\"160\"\n\t\t\t\t\tstyle=\"max-width:100%;\"\n\t\t\t\t\/>\n\t\t\t<\/a>\n\t\t<\/div>\n\t\t\t\t\t\t\t<\/div>\n\t\t\t\n\t\t\t\t<div id=\"ngg-image-8\" class=\"ngg-gallery-thumbnail-box\t\t\t\t\t\t\t\tngg-4-columns\"\n\t\t\t>\n\t\t\t\t\t\t<div class=\"ngg-gallery-thumbnail\">\n\t\t\t<a href=\"https:\/\/szonyimuzeum.hu\/wp-content\/gallery\/aquarellek-es-gouache-ok-album\/Akt-interieur-ben-papir-gouache-festmeny-14x21.6-cm.jpg\"\n\t\t\t\ttitle=\"\"\n\t\t\t\tdata-src=\"https:\/\/szonyimuzeum.hu\/wp-content\/gallery\/aquarellek-es-gouache-ok-album\/Akt-interieur-ben-papir-gouache-festmeny-14x21.6-cm.jpg\"\n\t\t\t\tdata-thumbnail=\"https:\/\/szonyimuzeum.hu\/wp-content\/gallery\/aquarellek-es-gouache-ok-album\/thumbs\/thumbs-Akt-interieur-ben-papir-gouache-festmeny-14x21.6-cm.jpg\"\n\t\t\t\tdata-image-id=\"945\"\n\t\t\t\tdata-title=\"Akt-interieur-ben-papir-gouache-festmeny-14x21.6-cm\"\n\t\t\t\tdata-description=\"\"\n\t\t\t\tdata-image-slug=\"akt-interieur-ben-papir-gouache-festmeny-14x21-6-cm\"\n\t\t\t\tclass=\"ngg-simplelightbox\" rel=\"27caad2b2092fe2d14efddc5646c5cf1\">\n\t\t\t\t<img\n\t\t\t\t\ttitle=\"Nude-interior-in-papyr-gouache-festmeny-14x21.6-cm\"\n\t\t\t\t\talt=\"Akt-interieur-ben-papir-gouache-festmeny-14x21.6-cm\"\n\t\t\t\t\tsrc=\"https:\/\/szonyimuzeum.hu\/wp-content\/gallery\/aquarellek-es-gouache-ok-album\/thumbs\/thumbs-Akt-interieur-ben-papir-gouache-festmeny-14x21.6-cm.jpg\"\n\t\t\t\t\twidth=\"240\"\n\t\t\t\t\theight=\"160\"\n\t\t\t\t\tstyle=\"max-width:100%;\"\n\t\t\t\t\/>\n\t\t\t<\/a>\n\t\t<\/div>\n\t\t\t\t\t\t\t<\/div>\n\t\t\t\n\t\t\t\t<div id=\"ngg-image-9\" class=\"ngg-gallery-thumbnail-box\t\t\t\t\t\t\t\tngg-4-columns\"\n\t\t\t>\n\t\t\t\t\t\t<div class=\"ngg-gallery-thumbnail\">\n\t\t\t<a href=\"https:\/\/szonyimuzeum.hu\/wp-content\/gallery\/aquarellek-es-gouache-ok-album\/Akt-kalyha-elott-papir-gouache-festmeny-27x18.6-cm.jpg\"\n\t\t\t\ttitle=\"\"\n\t\t\t\tdata-src=\"https:\/\/szonyimuzeum.hu\/wp-content\/gallery\/aquarellek-es-gouache-ok-album\/Akt-kalyha-elott-papir-gouache-festmeny-27x18.6-cm.jpg\"\n\t\t\t\tdata-thumbnail=\"https:\/\/szonyimuzeum.hu\/wp-content\/gallery\/aquarellek-es-gouache-ok-album\/thumbs\/thumbs-Akt-kalyha-elott-papir-gouache-festmeny-27x18.6-cm.jpg\"\n\t\t\t\tdata-image-id=\"946\"\n\t\t\t\tdata-title=\"Akt-kalyha-elott-papir-gouache-festmeny-27x18.6-cm\"\n\t\t\t\tdata-description=\"\"\n\t\t\t\tdata-image-slug=\"akt-kalyha-elott-papir-gouache-festmeny-27x18-6-cm\"\n\t\t\t\tclass=\"ngg-simplelightbox\" rel=\"27caad2b2092fe2d14efddc5646c5cf1\">\n\t\t\t\t<img\n\t\t\t\t\ttitle=\"Nudes-kalyha-elott-papir-gouache-festmeny-27x18.6-cm\"\n\t\t\t\t\talt=\"Akt-kalyha-elott-papir-gouache-festmeny-27x18.6-cm\"\n\t\t\t\t\tsrc=\"https:\/\/szonyimuzeum.hu\/wp-content\/gallery\/aquarellek-es-gouache-ok-album\/thumbs\/thumbs-Akt-kalyha-elott-papir-gouache-festmeny-27x18.6-cm.jpg\"\n\t\t\t\t\twidth=\"240\"\n\t\t\t\t\theight=\"160\"\n\t\t\t\t\tstyle=\"max-width:100%;\"\n\t\t\t\t\/>\n\t\t\t<\/a>\n\t\t<\/div>\n\t\t\t\t\t\t\t<\/div>\n\t\t\t\n\t\t\t\t<div id=\"ngg-image-10\" class=\"ngg-gallery-thumbnail-box\t\t\t\t\t\t\t\tngg-4-columns\"\n\t\t\t>\n\t\t\t\t\t\t<div class=\"ngg-gallery-thumbnail\">\n\t\t\t<a href=\"https:\/\/szonyimuzeum.hu\/wp-content\/gallery\/aquarellek-es-gouache-ok-album\/Aktok-papir-gouache-festmeny-21x31.5-cm.jpg\"\n\t\t\t\ttitle=\"\"\n\t\t\t\tdata-src=\"https:\/\/szonyimuzeum.hu\/wp-content\/gallery\/aquarellek-es-gouache-ok-album\/Aktok-papir-gouache-festmeny-21x31.5-cm.jpg\"\n\t\t\t\tdata-thumbnail=\"https:\/\/szonyimuzeum.hu\/wp-content\/gallery\/aquarellek-es-gouache-ok-album\/thumbs\/thumbs-Aktok-papir-gouache-festmeny-21x31.5-cm.jpg\"\n\t\t\t\tdata-image-id=\"947\"\n\t\t\t\tdata-title=\"Aktok-papir-gouache-festmeny-21x31.5-cm\"\n\t\t\t\tdata-description=\"\"\n\t\t\t\tdata-image-slug=\"aktok-papir-gouache-festmeny-21x31-5-cm\"\n\t\t\t\tclass=\"ngg-simplelightbox\" rel=\"27caad2b2092fe2d14efddc5646c5cf1\">\n\t\t\t\t<img\n\t\t\t\t\ttitle=\"Aktok-papir-gouache-festmeny-21x31.5-cm\"\n\t\t\t\t\talt=\"Aktok-papir-gouache-festmeny-21x31.5-cm\"\n\t\t\t\t\tsrc=\"https:\/\/szonyimuzeum.hu\/wp-content\/gallery\/aquarellek-es-gouache-ok-album\/thumbs\/thumbs-Aktok-papir-gouache-festmeny-21x31.5-cm.jpg\"\n\t\t\t\t\twidth=\"240\"\n\t\t\t\t\theight=\"160\"\n\t\t\t\t\tstyle=\"max-width:100%;\"\n\t\t\t\t\/>\n\t\t\t<\/a>\n\t\t<\/div>\n\t\t\t\t\t\t\t<\/div>\n\t\t\t\n\t\t\t\t<div id=\"ngg-image-11\" class=\"ngg-gallery-thumbnail-box\t\t\t\t\t\t\t\tngg-4-columns\"\n\t\t\t>\n\t\t\t\t\t\t<div class=\"ngg-gallery-thumbnail\">\n\t\t\t<a href=\"https:\/\/szonyimuzeum.hu\/wp-content\/gallery\/aquarellek-es-gouache-ok-album\/Alkony-a-Dunan-papir-gouache-festmeny-21x33.9-cm.jpg\"\n\t\t\t\ttitle=\"\"\n\t\t\t\tdata-src=\"https:\/\/szonyimuzeum.hu\/wp-content\/gallery\/aquarellek-es-gouache-ok-album\/Alkony-a-Dunan-papir-gouache-festmeny-21x33.9-cm.jpg\"\n\t\t\t\tdata-thumbnail=\"https:\/\/szonyimuzeum.hu\/wp-content\/gallery\/aquarellek-es-gouache-ok-album\/thumbs\/thumbs-Alkony-a-Dunan-papir-gouache-festmeny-21x33.9-cm.jpg\"\n\t\t\t\tdata-image-id=\"948\"\n\t\t\t\tdata-title=\"Alkony-a-Dunan-papir-gouache-festmeny-21x33.9-cm\"\n\t\t\t\tdata-description=\"\"\n\t\t\t\tdata-image-slug=\"alkony-a-dunan-papir-gouache-festmeny-21x33-9-cm\"\n\t\t\t\tclass=\"ngg-simplelightbox\" rel=\"27caad2b2092fe2d14efddc5646c5cf1\">\n\t\t\t\t<img\n\t\t\t\t\ttitle=\"Alkony-a-Dunan-papir-gouache-festmeny-21x33.9-cm\"\n\t\t\t\t\talt=\"Alkony-a-Dunan-papir-gouache-festmeny-21x33.9-cm\"\n\t\t\t\t\tsrc=\"https:\/\/szonyimuzeum.hu\/wp-content\/gallery\/aquarellek-es-gouache-ok-album\/thumbs\/thumbs-Alkony-a-Dunan-papir-gouache-festmeny-21x33.9-cm.jpg\"\n\t\t\t\t\twidth=\"240\"\n\t\t\t\t\theight=\"160\"\n\t\t\t\t\tstyle=\"max-width:100%;\"\n\t\t\t\t\/>\n\t\t\t<\/a>\n\t\t<\/div>\n\t\t\t\t\t\t\t<\/div>\n\t\t\t\n\t\n\t<br style=\"clear: both\" \/>\n\n\t\n\t\t<!-- Pagination -->\n\t\t<div class='ngg-navigation'><span class='current'>1<\/span>\n<a class='page-numbers' data-pageid='2' href='https:\/\/szonyimuzeum.hu\/en\/aquarellek-es-gouache-ok-album\/nggallery\/page\/2'>2<\/a>\n<span class='ellipsis'>&#8230;<\/span>\n<a class='page-numbers' data-pageid='33' href='https:\/\/szonyimuzeum.hu\/en\/aquarellek-es-gouache-ok-album\/nggallery\/page\/33'>33<\/a>\n<a class='prev' href='https:\/\/szonyimuzeum.hu\/en\/aquarellek-es-gouache-ok-album\/nggallery\/page\/2' data-pageid=\"2\">&#9658;<\/a><\/div>\t<\/div>\n<\/p>\t\t\t\t\t\t\t\t<\/div>\n\t\t\t\t<\/div>\n\t\t\t\t\t<\/div>\n\t\t\t\t<\/div>\n\t\t\t\t<\/div>","protected":false},"excerpt":{"rendered":"<p>Aquarellek \u00e9s gouache-ok album Felt\u00f6lt\u00e9s folyamatban&#8230;<\/p>","protected":false},"author":3,"featured_media":0,"parent":0,"menu_order":0,"comment_status":"closed","ping_status":"closed","template":"","meta":{"ngg_post_thumbnail":0,"_price":"","_stock":"","_tribe_ticket_header":"","_tribe_default_ticket_provider":"","_tribe_ticket_capacity":"0","_ticket_start_date":"","_ticket_end_date":"","_tribe_ticket_show_description":"","_tribe_ticket_show_not_going":false,"_tribe_ticket_use_global_stock":"","_tribe_ticket_global_stock_level":"","_global_stock_mode":"","_global_stock_cap":"","_tribe_rsvp_for_event":"","_tribe_ticket_going_count":"","_tribe_ticket_not_going_count":"","_tribe_tickets_list":"[]","_tribe_ticket_has_attendee_info_fields":false,"_mc_calendar":[],"footnotes":"","_tec_slr_enabled":"","_tec_slr_layout":""},"class_list":["post-9966","page","type-page","status-publish","hentry"],"ticketed":false,"_links":{"self":[{"href":"https:\/\/szonyimuzeum.hu\/en\/wp-json\/wp\/v2\/pages\/9966","targetHints":{"allow":["GET"]}}],"collection":[{"href":"https:\/\/szonyimuzeum.hu\/en\/wp-json\/wp\/v2\/pages"}],"about":[{"href":"https:\/\/szonyimuzeum.hu\/en\/wp-json\/wp\/v2\/types\/page"}],"author":[{"embeddable":true,"href":"https:\/\/szonyimuzeum.hu\/en\/wp-json\/wp\/v2\/users\/3"}],"replies":[{"embeddable":true,"href":"https:\/\/szonyimuzeum.hu\/en\/wp-json\/wp\/v2\/comments?post=9966"}],"version-history":[{"count":13,"href":"https:\/\/szonyimuzeum.hu\/en\/wp-json\/wp\/v2\/pages\/9966\/revisions"}],"predecessor-version":[{"id":11208,"href":"https:\/\/szonyimuzeum.hu\/en\/wp-json\/wp\/v2\/pages\/9966\/revisions\/11208"}],"wp:attachment":[{"href":"https:\/\/szonyimuzeum.hu\/en\/wp-json\/wp\/v2\/media?parent=9966"}],"curies":[{"name":"wp","href":"https:\/\/api.w.org\/{rel}","templated":true}]}}