{"id":1102,"date":"2021-02-25T19:14:14","date_gmt":"2021-02-25T18:14:14","guid":{"rendered":"http:\/\/szonyimuzeum.hu\/?page_id=1102"},"modified":"2025-03-05T21:03:12","modified_gmt":"2025-03-05T20:03:12","slug":"allando-kiallitasok","status":"publish","type":"page","link":"https:\/\/szonyimuzeum.hu\/fr\/allando-kiallitasok\/","title":{"rendered":"Expositions permanentes"},"content":{"rendered":"<div data-elementor-type=\"wp-page\" data-elementor-id=\"1102\" class=\"elementor elementor-1102\" data-elementor-post-type=\"page\">\n\t\t\t\t\t\t<section class=\"elementor-section elementor-top-section elementor-element elementor-element-5e5d62d2 elementor-section-height-min-height elementor-section-boxed elementor-section-height-default elementor-section-items-middle\" data-id=\"5e5d62d2\" data-element_type=\"section\" id=\"top\" data-settings=\"{&quot;background_background&quot;:&quot;classic&quot;,&quot;shape_divider_bottom&quot;:&quot;wave-brush&quot;}\">\n\t\t\t\t\t\t\t<div class=\"elementor-background-overlay\"><\/div>\n\t\t\t\t\t\t<div class=\"elementor-shape elementor-shape-bottom\" data-negative=\"false\">\n\t\t\t<svg xmlns=\"http:\/\/www.w3.org\/2000\/svg\" viewbox=\"0 0 283.5 27.8\" preserveaspectratio=\"none\">\n\t<path class=\"elementor-shape-fill\" d=\"M283.5,9.7c0,0-7.3,4.3-14,4.6c-6.8,0.3-12.6,0-20.9-1.5c-11.3-2-33.1-10.1-44.7-5.7\ts-12.1,4.6-18,7.4c-6.6,3.2-20,9.6-36.6,9.3C131.6,23.5,99.5,7.2,86.3,8c-1.4,0.1-6.6,0.8-10.5,2c-3.8,1.2-9.4,3.8-17,4.7\tc-3.2,0.4-8.3,1.1-14.2,0.9c-1.5-0.1-6.3-0.4-12-1.6c-5.7-1.2-11-3.1-15.8-3.7C6.5,9.2,0,10.8,0,10.8V0h283.5V9.7z M260.8,11.3\tc-0.7-1-2-0.4-4.3-0.4c-2.3,0-6.1-1.2-5.8-1.1c0.3,0.1,3.1,1.5,6,1.9C259.7,12.2,261.4,12.3,260.8,11.3z M242.4,8.6\tc0,0-2.4-0.2-5.6-0.9c-3.2-0.8-10.3-2.8-15.1-3.5c-8.2-1.1-15.8,0-15.1,0.1c0.8,0.1,9.6-0.6,17.6,1.1c3.3,0.7,9.3,2.2,12.4,2.7\tC239.9,8.7,242.4,8.6,242.4,8.6z M185.2,8.5c1.7-0.7-13.3,4.7-18.5,6.1c-2.1,0.6-6.2,1.6-10,2c-3.9,0.4-8.9,0.4-8.8,0.5\tc0,0.2,5.8,0.8,11.2,0c5.4-0.8,5.2-1.1,7.6-1.6C170.5,14.7,183.5,9.2,185.2,8.5z M199.1,6.9c0.2,0-0.8-0.4-4.8,1.1\tc-4,1.5-6.7,3.5-6.9,3.7c-0.2,0.1,3.5-1.8,6.6-3C197,7.5,199,6.9,199.1,6.9z M283,6c-0.1,0.1-1.9,1.1-4.8,2.5s-6.9,2.8-6.7,2.7\tc0.2,0,3.5-0.6,7.4-2.5C282.8,6.8,283.1,5.9,283,6z M31.3,11.6c0.1-0.2-1.9-0.2-4.5-1.2s-5.4-1.6-7.8-2C15,7.6,7.3,8.5,7.7,8.6\tC8,8.7,15.9,8.3,20.2,9.3c2.2,0.5,2.4,0.5,5.7,1.6S31.2,11.9,31.3,11.6z M73,9.2c0.4-0.1,3.5-1.6,8.4-2.6c4.9-1.1,8.9-0.5,8.9-0.8\tc0-0.3-1-0.9-6.2-0.3S72.6,9.3,73,9.2z M71.6,6.7C71.8,6.8,75,5.4,77.3,5c2.3-0.3,1.9-0.5,1.9-0.6c0-0.1-1.1-0.2-2.7,0.2\tC74.8,5.1,71.4,6.6,71.6,6.7z M93.6,4.4c0.1,0.2,3.5,0.8,5.6,1.8c2.1,1,1.8,0.6,1.9,0.5c0.1-0.1-0.8-0.8-2.4-1.3\tC97.1,4.8,93.5,4.2,93.6,4.4z M65.4,11.1c-0.1,0.3,0.3,0.5,1.9-0.2s2.6-1.3,2.2-1.2s-0.9,0.4-2.5,0.8C65.3,10.9,65.5,10.8,65.4,11.1\tz M34.5,12.4c-0.2,0,2.1,0.8,3.3,0.9c1.2,0.1,2,0.1,2-0.2c0-0.3-0.1-0.5-1.6-0.4C36.6,12.8,34.7,12.4,34.5,12.4z M152.2,21.1\tc-0.1,0.1-2.4-0.3-7.5-0.3c-5,0-13.6-2.4-17.2-3.5c-3.6-1.1,10,3.9,16.5,4.1C150.5,21.6,152.3,21,152.2,21.1z\"\/>\n\t<path class=\"elementor-shape-fill\" d=\"M269.6,18c-0.1-0.1-4.6,0.3-7.2,0c-7.3-0.7-17-3.2-16.6-2.9c0.4,0.3,13.7,3.1,17,3.3\tC267.7,18.8,269.7,18,269.6,18z\"\/>\n\t<path class=\"elementor-shape-fill\" d=\"M227.4,9.8c-0.2-0.1-4.5-1-9.5-1.2c-5-0.2-12.7,0.6-12.3,0.5c0.3-0.1,5.9-1.8,13.3-1.2\tS227.6,9.9,227.4,9.8z\"\/>\n\t<path class=\"elementor-shape-fill\" d=\"M204.5,13.4c-0.1-0.1,2-1,3.2-1.1c1.2-0.1,2,0,2,0.3c0,0.3-0.1,0.5-1.6,0.4\tC206.4,12.9,204.6,13.5,204.5,13.4z\"\/>\n\t<path class=\"elementor-shape-fill\" d=\"M201,10.6c0-0.1-4.4,1.2-6.3,2.2c-1.9,0.9-6.2,3.1-6.1,3.1c0.1,0.1,4.2-1.6,6.3-2.6\tS201,10.7,201,10.6z\"\/>\n\t<path class=\"elementor-shape-fill\" d=\"M154.5,26.7c-0.1-0.1-4.6,0.3-7.2,0c-7.3-0.7-17-3.2-16.6-2.9c0.4,0.3,13.7,3.1,17,3.3\tC152.6,27.5,154.6,26.8,154.5,26.7z\"\/>\n\t<path class=\"elementor-shape-fill\" d=\"M41.9,19.3c0,0,1.2-0.3,2.9-0.1c1.7,0.2,5.8,0.9,8.2,0.7c4.2-0.4,7.4-2.7,7-2.6\tc-0.4,0-4.3,2.2-8.6,1.9c-1.8-0.1-5.1-0.5-6.7-0.4S41.9,19.3,41.9,19.3z\"\/>\n\t<path class=\"elementor-shape-fill\" d=\"M75.5,12.6c0.2,0.1,2-0.8,4.3-1.1c2.3-0.2,2.1-0.3,2.1-0.5c0-0.1-1.8-0.4-3.4,0\tC76.9,11.5,75.3,12.5,75.5,12.6z\"\/>\n\t<path class=\"elementor-shape-fill\" d=\"M15.6,13.2c0-0.1,4.3,0,6.7,0.5c2.4,0.5,5,1.9,5,2c0,0.1-2.7-0.8-5.1-1.4\tC19.9,13.7,15.7,13.3,15.6,13.2z\"\/>\n<\/svg>\t\t<\/div>\n\t\t\t\t\t<div class=\"elementor-container elementor-column-gap-default\">\n\t\t\t\t\t<div class=\"elementor-column elementor-col-100 elementor-top-column elementor-element elementor-element-68f5c011\" data-id=\"68f5c011\" data-element_type=\"column\">\n\t\t\t<div class=\"elementor-widget-wrap elementor-element-populated\">\n\t\t\t\t\t\t<div class=\"elementor-element elementor-element-64809138 elementor-widget elementor-widget-heading\" data-id=\"64809138\" data-element_type=\"widget\" data-widget_type=\"heading.default\">\n\t\t\t\t<div class=\"elementor-widget-container\">\n\t\t\t\t\t<h1 class=\"elementor-heading-title elementor-size-default\">Expositions permanentes<\/h1>\t\t\t\t<\/div>\n\t\t\t\t<\/div>\n\t\t\t\t\t<\/div>\n\t\t<\/div>\n\t\t\t\t\t<\/div>\n\t\t<\/section>\n\t\t\t\t<section class=\"elementor-section elementor-top-section elementor-element elementor-element-508580d9 elementor-section-boxed elementor-section-height-default elementor-section-height-default\" data-id=\"508580d9\" data-element_type=\"section\">\n\t\t\t\t\t\t<div class=\"elementor-container elementor-column-gap-default\">\n\t\t\t\t\t<div class=\"elementor-column elementor-col-66 elementor-top-column elementor-element elementor-element-560060d4\" data-id=\"560060d4\" data-element_type=\"column\">\n\t\t\t<div class=\"elementor-widget-wrap elementor-element-populated\">\n\t\t\t\t\t\t<div class=\"elementor-element elementor-element-172bfe2f elementor-widget elementor-widget-text-editor\" data-id=\"172bfe2f\" data-element_type=\"widget\" data-widget_type=\"text-editor.default\">\n\t\t\t\t<div class=\"elementor-widget-container\">\n\t\t\t\t\t\t\t\t\t<p>Istv\u00e1n Sz\u0151nyi s'est install\u00e9 \u00e0 Zebeg\u00e9ny apr\u00e8s son mariage avec Melinda Bart\u00f3ky en 1924. Le jeune couple commen\u00e7a sa vie commune dans la maison d'\u00e9t\u00e9 de la famille Bart\u00f3ky. Ils y vivent hiver et \u00e9t\u00e9 jusqu'en 1930, puis ne passent plus que l'\u00e9t\u00e9 \u00e0 Zebeg\u00e9ny. Ils d\u00e9m\u00e9nagent d\u00e9finitivement en 1949, lorsqu'ils s'installent dans leur appartement de Pest, dont ils sont colocataires. \u00c0 cette \u00e9poque, la maison \u00e9tait meubl\u00e9e de la mani\u00e8re dont elle est encore visible aujourd'hui.<\/p><p>A <span style=\"color: #7393b3;\"><strong>chambre d'angle<\/strong><\/span>C'est ici que se trouve le piano girafe, instrument tr\u00e8s pris\u00e9 des familles bourgeoises au XIXe si\u00e8cle.<\/p><p>A <span style=\"color: #7393b3;\"><strong>salle de s\u00e9jour <\/strong><\/span>la biblioth\u00e8que et le mobilier rappellent fid\u00e8lement les familles Bart\u00f3ky et Sz\u0151nyi. La grande radio mondiale, qui jouait autrefois un r\u00f4le important dans la vie de la famille, se trouve ici. Elle \u00e9tait utilis\u00e9e pour \u00e9couter la voix de leur fille Zsuzsa, qui \u00e9tait pr\u00e9sentatrice de journaux et plus tard r\u00e9dactrice en chef de la station de radio italienne RAI. Dans cette pi\u00e8ce, on peut voir plusieurs peintures \u00e0 la d\u00e9trempe de la p\u00e9riode de maturit\u00e9 de Sz\u0151nyi, Le vieux cavalier, Le village en automne, La fille du froid, Le troupeau qui revient, dont la plus importante est le Banc de jardin (1943), cadeau de mariage de la fille de Zsuzsa et de son mari, M\u00e1ty\u00e1s Triznya.<\/p><p>A <span style=\"color: #7393b3;\"><strong>Chambre hongroise<\/strong><\/span> L'atmosph\u00e8re est cr\u00e9\u00e9e par la collection de meubles folkloriques de la Grande Plaine, qui remonte \u00e0 plus d'un si\u00e8cle, et la famille Sz\u0151nyi a continu\u00e9 \u00e0 collectionner des meubles. Le mobilier est en harmonie avec les \u0153uvres d'art de la premi\u00e8re p\u00e9riode de Sz\u0151nyi qui ornent les murs.\u00a0<\/p><p>A l'\u00e9tage, vous trouverez la <span style=\"color: #7393b3;\"><strong>petit restaurant<\/strong><\/span>o\u00f9 le ma\u00eetre a travaill\u00e9 pendant la majeure partie de sa vie. On y trouve une petite presse \u00e0 graver, son mat\u00e9riel de peinture et une collection de dessins.\u00a0<\/p><p>De <span style=\"color: #7393b3;\"><strong>nouveau b\u00e2timent pour les studios<\/strong><\/span> construite en compl\u00e9ment de l'ancienne ferme, n'a \u00e9t\u00e9 achev\u00e9e qu'en 1960, l'ann\u00e9e de sa mort. Les \u0153uvres accroch\u00e9es au mur offrent une vue d'ensemble de la vie de Sz\u0151nyi, des ann\u00e9es 1920 jusqu'\u00e0 sa mort. Une biblioth\u00e8que de livres d'art, un chevalet avec une esquisse de peinture \u00e0 la d\u00e9trempe, des palettes, des pinceaux, de la peinture en poudre, des outils, tous portent la marque de la main du ma\u00eetre.<\/p><p>L'ancien garage a \u00e9t\u00e9 transform\u00e9 <span style=\"color: #7393b3;\"><strong>dans le hall d'exposition <\/strong><\/span>abrite la salle comm\u00e9morative Zsuzsa Sz\u0151nyi-M\u00e1ty\u00e1s Sz\u0151nyi-Triznya. Zsuzsa Sz\u0151nyi a fait don au mus\u00e9e de sa collection de peintures de son p\u00e8re et de l'h\u00e9ritage de son mari, le peintre M\u00e1ty\u00e1s Triznya. Les visiteurs peuvent y d\u00e9couvrir la vie du couple qui a \u00e9migr\u00e9 \u00e0 Rome en 1949, les peintures et les dessins de M\u00e1ty\u00e1s Triznya pour ses films, le travail d'\u00e9crivain de Zsuzsa Sz\u0151nyi et l'atmosph\u00e8re du c\u00e9l\u00e8bre pub Triznya.<\/p>\t\t\t\t\t\t\t\t<\/div>\n\t\t\t\t<\/div>\n\t\t\t\t\t<\/div>\n\t\t<\/div>\n\t\t\t\t<div class=\"elementor-column elementor-col-33 elementor-top-column elementor-element elementor-element-7a9af3af\" data-id=\"7a9af3af\" data-element_type=\"column\">\n\t\t\t<div class=\"elementor-widget-wrap elementor-element-populated\">\n\t\t\t\t\t\t<div class=\"elementor-element elementor-element-0b59df6 elementor-widget elementor-widget-gallery\" data-id=\"0b59df6\" data-element_type=\"widget\" data-settings=\"{&quot;gallery_layout&quot;:&quot;justified&quot;,&quot;overlay_title&quot;:&quot;caption&quot;,&quot;lazyload&quot;:&quot;yes&quot;,&quot;ideal_row_height&quot;:{&quot;unit&quot;:&quot;px&quot;,&quot;size&quot;:200,&quot;sizes&quot;:[]},&quot;ideal_row_height_laptop&quot;:{&quot;unit&quot;:&quot;px&quot;,&quot;size&quot;:150,&quot;sizes&quot;:[]},&quot;ideal_row_height_tablet&quot;:{&quot;unit&quot;:&quot;px&quot;,&quot;size&quot;:150,&quot;sizes&quot;:[]},&quot;ideal_row_height_mobile&quot;:{&quot;unit&quot;:&quot;px&quot;,&quot;size&quot;:150,&quot;sizes&quot;:[]},&quot;gap&quot;:{&quot;unit&quot;:&quot;px&quot;,&quot;size&quot;:10,&quot;sizes&quot;:[]},&quot;gap_laptop&quot;:{&quot;unit&quot;:&quot;px&quot;,&quot;size&quot;:10,&quot;sizes&quot;:[]},&quot;gap_tablet&quot;:{&quot;unit&quot;:&quot;px&quot;,&quot;size&quot;:10,&quot;sizes&quot;:[]},&quot;gap_mobile&quot;:{&quot;unit&quot;:&quot;px&quot;,&quot;size&quot;:10,&quot;sizes&quot;:[]},&quot;link_to&quot;:&quot;file&quot;,&quot;overlay_background&quot;:&quot;yes&quot;,&quot;content_hover_animation&quot;:&quot;fade-in&quot;}\" data-widget_type=\"gallery.default\">\n\t\t\t\t<div class=\"elementor-widget-container\">\n\t\t\t\t\t\t\t<div class=\"elementor-gallery__container\">\n\t\t\t\t\t\t\t<a class=\"e-gallery-item elementor-gallery-item elementor-animated-content\" href=\"https:\/\/szonyimuzeum.hu\/wp-content\/uploads\/2024\/04\/Haloszoba-scaled.jpg\">\n\t\t\t\t\t<div class=\"e-gallery-image elementor-gallery-item__image\" data-thumbnail=\"https:\/\/szonyimuzeum.hu\/wp-content\/uploads\/2024\/04\/Haloszoba-700x593.jpg\" data-width=\"700\" data-height=\"593\" aria-label=\"\" role=\"img\" ><\/div>\n\t\t\t\t\t\t\t\t\t\t\t<div class=\"elementor-gallery-item__overlay\"><\/div>\n\t\t\t\t\t\t\t\t\t\t\t\t\t\t\t<div class=\"elementor-gallery-item__content\">\n\t\t\t\t\t\t\t\t\t\t\t\t\t\t<div class=\"elementor-gallery-item__title\">\n\t\t\t\t\t\t\t\t\t\t\t\t\t\t\t\t\t\tChambre \u00e0 coucher\t\t\t\t\t\t\t\t<\/div>\n\t\t\t\t\t\t\t\t\t\t\t\t<\/div>\n\t\t\t\t\t\t\t\t\t<\/a>\n\t\t\t\t\t\t\t<a class=\"e-gallery-item elementor-gallery-item elementor-animated-content\" href=\"https:\/\/szonyimuzeum.hu\/wp-content\/uploads\/2025\/03\/Zongora_.jpg\">\n\t\t\t\t\t<div class=\"e-gallery-image elementor-gallery-item__image\" data-thumbnail=\"https:\/\/szonyimuzeum.hu\/wp-content\/uploads\/2025\/03\/Zongora_-525x700.jpg\" data-width=\"525\" data-height=\"700\" aria-label=\"\" role=\"img\" ><\/div>\n\t\t\t\t\t\t\t\t\t\t\t<div class=\"elementor-gallery-item__overlay\"><\/div>\n\t\t\t\t\t\t\t\t\t\t\t\t\t\t\t<div class=\"elementor-gallery-item__content\">\n\t\t\t\t\t\t\t\t\t\t\t\t\t\t<div class=\"elementor-gallery-item__title\">\n\t\t\t\t\t\t\t\t\t\t\t\t\t\t\t\t\t\tChambre \u00e0 coucher\t\t\t\t\t\t\t\t<\/div>\n\t\t\t\t\t\t\t\t\t\t\t\t<\/div>\n\t\t\t\t\t\t\t\t\t<\/a>\n\t\t\t\t\t\t\t<a class=\"e-gallery-item elementor-gallery-item elementor-animated-content\" href=\"https:\/\/szonyimuzeum.hu\/wp-content\/uploads\/2025\/03\/Nappali_.jpg\">\n\t\t\t\t\t<div class=\"e-gallery-image elementor-gallery-item__image\" data-thumbnail=\"https:\/\/szonyimuzeum.hu\/wp-content\/uploads\/2025\/03\/Nappali_-700x525.jpg\" data-width=\"700\" data-height=\"525\" aria-label=\"\" role=\"img\" ><\/div>\n\t\t\t\t\t\t\t\t\t\t\t<div class=\"elementor-gallery-item__overlay\"><\/div>\n\t\t\t\t\t\t\t\t\t\t\t\t\t\t\t<div class=\"elementor-gallery-item__content\">\n\t\t\t\t\t\t\t\t\t\t\t\t\t\t<div class=\"elementor-gallery-item__title\">\n\t\t\t\t\t\t\t\t\t\t\t\t\t\t\t\t\t\tNappali\t\t\t\t\t\t\t\t<\/div>\n\t\t\t\t\t\t\t\t\t\t\t\t<\/div>\n\t\t\t\t\t\t\t\t\t<\/a>\n\t\t\t\t\t\t\t<a class=\"e-gallery-item elementor-gallery-item elementor-animated-content\" href=\"https:\/\/szonyimuzeum.hu\/wp-content\/uploads\/2025\/03\/Magyar-szoba_.jpg\">\n\t\t\t\t\t<div class=\"e-gallery-image elementor-gallery-item__image\" data-thumbnail=\"https:\/\/szonyimuzeum.hu\/wp-content\/uploads\/2025\/03\/Magyar-szoba_-638x700.jpg\" data-width=\"638\" data-height=\"700\" aria-label=\"\" role=\"img\" ><\/div>\n\t\t\t\t\t\t\t\t\t\t\t<div class=\"elementor-gallery-item__overlay\"><\/div>\n\t\t\t\t\t\t\t\t\t\t\t\t\t\t\t<div class=\"elementor-gallery-item__content\">\n\t\t\t\t\t\t\t\t\t\t\t\t\t\t<div class=\"elementor-gallery-item__title\">\n\t\t\t\t\t\t\t\t\t\t\t\t\t\t\t\t\t\tChambre hongroise\t\t\t\t\t\t\t\t<\/div>\n\t\t\t\t\t\t\t\t\t\t\t\t<\/div>\n\t\t\t\t\t\t\t\t\t<\/a>\n\t\t\t\t\t\t\t<a class=\"e-gallery-item elementor-gallery-item elementor-animated-content\" href=\"https:\/\/szonyimuzeum.hu\/wp-content\/uploads\/2024\/04\/Lemezlejatszo.jpg\">\n\t\t\t\t\t<div class=\"e-gallery-image elementor-gallery-item__image\" data-thumbnail=\"https:\/\/szonyimuzeum.hu\/wp-content\/uploads\/2024\/04\/Lemezlejatszo-700x676.jpg\" data-width=\"700\" data-height=\"676\" aria-label=\"\" role=\"img\" ><\/div>\n\t\t\t\t\t\t\t\t\t\t\t<div class=\"elementor-gallery-item__overlay\"><\/div>\n\t\t\t\t\t\t\t\t\t\t\t\t\t\t\t<div class=\"elementor-gallery-item__content\">\n\t\t\t\t\t\t\t\t\t\t\t\t\t\t<div class=\"elementor-gallery-item__title\">\n\t\t\t\t\t\t\t\t\t\t\t\t\t\t\t\t\t\tPlateau tournant\t\t\t\t\t\t\t\t<\/div>\n\t\t\t\t\t\t\t\t\t\t\t\t<\/div>\n\t\t\t\t\t\t\t\t\t<\/a>\n\t\t\t\t\t\t\t<a class=\"e-gallery-item elementor-gallery-item elementor-animated-content\" href=\"https:\/\/szonyimuzeum.hu\/wp-content\/uploads\/2024\/04\/Nagymuterem.jpg\">\n\t\t\t\t\t<div class=\"e-gallery-image elementor-gallery-item__image\" data-thumbnail=\"https:\/\/szonyimuzeum.hu\/wp-content\/uploads\/2024\/04\/Nagymuterem-700x541.jpg\" data-width=\"700\" data-height=\"541\" aria-label=\"\" role=\"img\" ><\/div>\n\t\t\t\t\t\t\t\t\t\t\t<div class=\"elementor-gallery-item__overlay\"><\/div>\n\t\t\t\t\t\t\t\t\t\t\t\t\t\t\t<div class=\"elementor-gallery-item__content\">\n\t\t\t\t\t\t\t\t\t\t\t\t\t\t<div class=\"elementor-gallery-item__title\">\n\t\t\t\t\t\t\t\t\t\t\t\t\t\t\t\t\t\tGrand atelier\t\t\t\t\t\t\t\t<\/div>\n\t\t\t\t\t\t\t\t\t\t\t\t<\/div>\n\t\t\t\t\t\t\t\t\t<\/a>\n\t\t\t\t\t\t\t<a class=\"e-gallery-item elementor-gallery-item elementor-animated-content\" href=\"https:\/\/szonyimuzeum.hu\/wp-content\/uploads\/2024\/04\/IMG_4463_nagymuterem-festokeszlet-scaled.jpg\">\n\t\t\t\t\t<div class=\"e-gallery-image elementor-gallery-item__image\" data-thumbnail=\"https:\/\/szonyimuzeum.hu\/wp-content\/uploads\/2024\/04\/IMG_4463_nagymuterem-festokeszlet-700x525.jpg\" data-width=\"700\" data-height=\"525\" aria-label=\"\" role=\"img\" ><\/div>\n\t\t\t\t\t\t\t\t\t\t\t<div class=\"elementor-gallery-item__overlay\"><\/div>\n\t\t\t\t\t\t\t\t\t\t\t\t\t\t\t<div class=\"elementor-gallery-item__content\">\n\t\t\t\t\t\t\t\t\t\t\t\t\t\t<div class=\"elementor-gallery-item__title\">\n\t\t\t\t\t\t\t\t\t\t\t\t\t\t\t\t\t\tKit de peinture\t\t\t\t\t\t\t\t<\/div>\n\t\t\t\t\t\t\t\t\t\t\t\t<\/div>\n\t\t\t\t\t\t\t\t\t<\/a>\n\t\t\t\t\t\t\t<a class=\"e-gallery-item elementor-gallery-item elementor-animated-content\" href=\"https:\/\/szonyimuzeum.hu\/wp-content\/uploads\/2025\/03\/Kismuterem_.jpg\">\n\t\t\t\t\t<div class=\"e-gallery-image elementor-gallery-item__image\" data-thumbnail=\"https:\/\/szonyimuzeum.hu\/wp-content\/uploads\/2025\/03\/Kismuterem_-700x525.jpg\" data-width=\"700\" data-height=\"525\" aria-label=\"\" role=\"img\" ><\/div>\n\t\t\t\t\t\t\t\t\t\t\t<div class=\"elementor-gallery-item__overlay\"><\/div>\n\t\t\t\t\t\t\t\t\t\t\t\t\t\t\t<div class=\"elementor-gallery-item__content\">\n\t\t\t\t\t\t\t\t\t\t\t\t\t\t<div class=\"elementor-gallery-item__title\">\n\t\t\t\t\t\t\t\t\t\t\t\t\t\t\t\t\t\tPetit restaurant\t\t\t\t\t\t\t\t<\/div>\n\t\t\t\t\t\t\t\t\t\t\t\t<\/div>\n\t\t\t\t\t\t\t\t\t<\/a>\n\t\t\t\t\t\t\t<a class=\"e-gallery-item elementor-gallery-item elementor-animated-content\" href=\"https:\/\/szonyimuzeum.hu\/wp-content\/uploads\/2024\/10\/IMG_6549-scaled.jpg\">\n\t\t\t\t\t<div class=\"e-gallery-image elementor-gallery-item__image\" data-thumbnail=\"https:\/\/szonyimuzeum.hu\/wp-content\/uploads\/2024\/10\/IMG_6549-700x525.jpg\" data-width=\"700\" data-height=\"525\" aria-label=\"\" role=\"img\" ><\/div>\n\t\t\t\t\t\t\t\t\t\t\t<div class=\"elementor-gallery-item__overlay\"><\/div>\n\t\t\t\t\t\t\t\t\t\t\t\t\t\t\t<div class=\"elementor-gallery-item__content\">\n\t\t\t\t\t\t\t\t\t\t\t\t\t\t<div class=\"elementor-gallery-item__title\">\n\t\t\t\t\t\t\t\t\t\t\t\t\t\t\t\t\t\tSalle comm\u00e9morative\t\t\t\t\t\t\t\t<\/div>\n\t\t\t\t\t\t\t\t\t\t\t\t<\/div>\n\t\t\t\t\t\t\t\t\t<\/a>\n\t\t\t\t\t\t\t<a class=\"e-gallery-item elementor-gallery-item elementor-animated-content\" href=\"https:\/\/szonyimuzeum.hu\/wp-content\/uploads\/2024\/10\/IMG_6577-1-scaled.jpg\">\n\t\t\t\t\t<div class=\"e-gallery-image elementor-gallery-item__image\" data-thumbnail=\"https:\/\/szonyimuzeum.hu\/wp-content\/uploads\/2024\/10\/IMG_6577-1-700x536.jpg\" data-width=\"700\" data-height=\"536\" aria-label=\"\" role=\"img\" ><\/div>\n\t\t\t\t\t\t\t\t\t\t\t<div class=\"elementor-gallery-item__overlay\"><\/div>\n\t\t\t\t\t\t\t\t\t\t\t\t\t\t\t<div class=\"elementor-gallery-item__content\">\n\t\t\t\t\t\t\t\t\t\t\t\t\t\t<div class=\"elementor-gallery-item__title\">\n\t\t\t\t\t\t\t\t\t\t\t\t\t\t\t\t\t\tSalle comm\u00e9morative\t\t\t\t\t\t\t\t<\/div>\n\t\t\t\t\t\t\t\t\t\t\t\t<\/div>\n\t\t\t\t\t\t\t\t\t<\/a>\n\t\t\t\t\t<\/div>\n\t\t\t\t\t<\/div>\n\t\t\t\t<\/div>\n\t\t\t\t\t<\/div>\n\t\t<\/div>\n\t\t\t\t\t<\/div>\n\t\t<\/section>\n\t\t\t\t<\/div>","protected":false},"excerpt":{"rendered":"<p>\u00c1lland\u00f3 ki\u00e1ll\u00edt\u00e1sok Sz\u0151nyi Istv\u00e1n Bart\u00f3ky Melind\u00e1val 1924-ben k\u00f6t\u00f6tt h\u00e1zass\u00e1ga ut\u00e1n k\u00f6lt\u00f6z\u00f6tt Zebeg\u00e9nybe. A fiatal h\u00e1zasok a Bart\u00f3ky csal\u00e1d nyaral\u00f3j\u00e1ban kezdt\u00e9k meg k\u00f6z\u00f6s \u00e9let\u00fcket. 1930-ig t\u00e9len-ny\u00e1ron itt laktak, ut\u00e1na csak a [&hellip;]<\/p>","protected":false},"author":1,"featured_media":0,"parent":0,"menu_order":0,"comment_status":"closed","ping_status":"closed","template":"","meta":{"ngg_post_thumbnail":0,"_price":"","_stock":"","_tribe_ticket_header":"","_tribe_default_ticket_provider":"","_tribe_ticket_capacity":"0","_ticket_start_date":"","_ticket_end_date":"","_tribe_ticket_show_description":"","_tribe_ticket_show_not_going":false,"_tribe_ticket_use_global_stock":"","_tribe_ticket_global_stock_level":"","_global_stock_mode":"","_global_stock_cap":"","_tribe_rsvp_for_event":"","_tribe_ticket_going_count":"","_tribe_ticket_not_going_count":"","_tribe_tickets_list":"[]","_tribe_ticket_has_attendee_info_fields":false,"_mc_calendar":[],"footnotes":"","_tec_slr_enabled":"","_tec_slr_layout":""},"class_list":["post-1102","page","type-page","status-publish","hentry"],"ticketed":false,"_links":{"self":[{"href":"https:\/\/szonyimuzeum.hu\/fr\/wp-json\/wp\/v2\/pages\/1102","targetHints":{"allow":["GET"]}}],"collection":[{"href":"https:\/\/szonyimuzeum.hu\/fr\/wp-json\/wp\/v2\/pages"}],"about":[{"href":"https:\/\/szonyimuzeum.hu\/fr\/wp-json\/wp\/v2\/types\/page"}],"author":[{"embeddable":true,"href":"https:\/\/szonyimuzeum.hu\/fr\/wp-json\/wp\/v2\/users\/1"}],"replies":[{"embeddable":true,"href":"https:\/\/szonyimuzeum.hu\/fr\/wp-json\/wp\/v2\/comments?post=1102"}],"version-history":[{"count":115,"href":"https:\/\/szonyimuzeum.hu\/fr\/wp-json\/wp\/v2\/pages\/1102\/revisions"}],"predecessor-version":[{"id":11223,"href":"https:\/\/szonyimuzeum.hu\/fr\/wp-json\/wp\/v2\/pages\/1102\/revisions\/11223"}],"wp:attachment":[{"href":"https:\/\/szonyimuzeum.hu\/fr\/wp-json\/wp\/v2\/media?parent=1102"}],"curies":[{"name":"wp","href":"https:\/\/api.w.org\/{rel}","templated":true}]}}