{"id":13159,"date":"2025-11-08T17:25:16","date_gmt":"2025-11-08T16:25:16","guid":{"rendered":"https:\/\/szonyimuzeum.hu\/?page_id=13159"},"modified":"2025-11-21T10:35:35","modified_gmt":"2025-11-21T09:35:35","slug":"eloadasok","status":"publish","type":"page","link":"https:\/\/szonyimuzeum.hu\/fr\/eloadasok\/","title":{"rendered":"Pr\u00e9sentations"},"content":{"rendered":"<div data-elementor-type=\"wp-page\" data-elementor-id=\"13159\" class=\"elementor elementor-13159\" data-elementor-post-type=\"page\">\n\t\t\t\t\t\t<section class=\"elementor-section elementor-top-section elementor-element elementor-element-1cfc026e elementor-section-height-min-height elementor-section-boxed elementor-section-height-default elementor-section-items-middle\" data-id=\"1cfc026e\" data-element_type=\"section\" id=\"top\" data-settings=\"{&quot;background_background&quot;:&quot;classic&quot;,&quot;shape_divider_bottom&quot;:&quot;wave-brush&quot;}\">\n\t\t\t\t\t\t\t<div class=\"elementor-background-overlay\"><\/div>\n\t\t\t\t\t\t<div class=\"elementor-shape elementor-shape-bottom\" data-negative=\"false\">\n\t\t\t<svg xmlns=\"http:\/\/www.w3.org\/2000\/svg\" viewbox=\"0 0 283.5 27.8\" preserveaspectratio=\"none\">\n\t<path class=\"elementor-shape-fill\" d=\"M283.5,9.7c0,0-7.3,4.3-14,4.6c-6.8,0.3-12.6,0-20.9-1.5c-11.3-2-33.1-10.1-44.7-5.7\ts-12.1,4.6-18,7.4c-6.6,3.2-20,9.6-36.6,9.3C131.6,23.5,99.5,7.2,86.3,8c-1.4,0.1-6.6,0.8-10.5,2c-3.8,1.2-9.4,3.8-17,4.7\tc-3.2,0.4-8.3,1.1-14.2,0.9c-1.5-0.1-6.3-0.4-12-1.6c-5.7-1.2-11-3.1-15.8-3.7C6.5,9.2,0,10.8,0,10.8V0h283.5V9.7z M260.8,11.3\tc-0.7-1-2-0.4-4.3-0.4c-2.3,0-6.1-1.2-5.8-1.1c0.3,0.1,3.1,1.5,6,1.9C259.7,12.2,261.4,12.3,260.8,11.3z M242.4,8.6\tc0,0-2.4-0.2-5.6-0.9c-3.2-0.8-10.3-2.8-15.1-3.5c-8.2-1.1-15.8,0-15.1,0.1c0.8,0.1,9.6-0.6,17.6,1.1c3.3,0.7,9.3,2.2,12.4,2.7\tC239.9,8.7,242.4,8.6,242.4,8.6z M185.2,8.5c1.7-0.7-13.3,4.7-18.5,6.1c-2.1,0.6-6.2,1.6-10,2c-3.9,0.4-8.9,0.4-8.8,0.5\tc0,0.2,5.8,0.8,11.2,0c5.4-0.8,5.2-1.1,7.6-1.6C170.5,14.7,183.5,9.2,185.2,8.5z M199.1,6.9c0.2,0-0.8-0.4-4.8,1.1\tc-4,1.5-6.7,3.5-6.9,3.7c-0.2,0.1,3.5-1.8,6.6-3C197,7.5,199,6.9,199.1,6.9z M283,6c-0.1,0.1-1.9,1.1-4.8,2.5s-6.9,2.8-6.7,2.7\tc0.2,0,3.5-0.6,7.4-2.5C282.8,6.8,283.1,5.9,283,6z M31.3,11.6c0.1-0.2-1.9-0.2-4.5-1.2s-5.4-1.6-7.8-2C15,7.6,7.3,8.5,7.7,8.6\tC8,8.7,15.9,8.3,20.2,9.3c2.2,0.5,2.4,0.5,5.7,1.6S31.2,11.9,31.3,11.6z M73,9.2c0.4-0.1,3.5-1.6,8.4-2.6c4.9-1.1,8.9-0.5,8.9-0.8\tc0-0.3-1-0.9-6.2-0.3S72.6,9.3,73,9.2z M71.6,6.7C71.8,6.8,75,5.4,77.3,5c2.3-0.3,1.9-0.5,1.9-0.6c0-0.1-1.1-0.2-2.7,0.2\tC74.8,5.1,71.4,6.6,71.6,6.7z M93.6,4.4c0.1,0.2,3.5,0.8,5.6,1.8c2.1,1,1.8,0.6,1.9,0.5c0.1-0.1-0.8-0.8-2.4-1.3\tC97.1,4.8,93.5,4.2,93.6,4.4z M65.4,11.1c-0.1,0.3,0.3,0.5,1.9-0.2s2.6-1.3,2.2-1.2s-0.9,0.4-2.5,0.8C65.3,10.9,65.5,10.8,65.4,11.1\tz M34.5,12.4c-0.2,0,2.1,0.8,3.3,0.9c1.2,0.1,2,0.1,2-0.2c0-0.3-0.1-0.5-1.6-0.4C36.6,12.8,34.7,12.4,34.5,12.4z M152.2,21.1\tc-0.1,0.1-2.4-0.3-7.5-0.3c-5,0-13.6-2.4-17.2-3.5c-3.6-1.1,10,3.9,16.5,4.1C150.5,21.6,152.3,21,152.2,21.1z\"\/>\n\t<path class=\"elementor-shape-fill\" d=\"M269.6,18c-0.1-0.1-4.6,0.3-7.2,0c-7.3-0.7-17-3.2-16.6-2.9c0.4,0.3,13.7,3.1,17,3.3\tC267.7,18.8,269.7,18,269.6,18z\"\/>\n\t<path class=\"elementor-shape-fill\" d=\"M227.4,9.8c-0.2-0.1-4.5-1-9.5-1.2c-5-0.2-12.7,0.6-12.3,0.5c0.3-0.1,5.9-1.8,13.3-1.2\tS227.6,9.9,227.4,9.8z\"\/>\n\t<path class=\"elementor-shape-fill\" d=\"M204.5,13.4c-0.1-0.1,2-1,3.2-1.1c1.2-0.1,2,0,2,0.3c0,0.3-0.1,0.5-1.6,0.4\tC206.4,12.9,204.6,13.5,204.5,13.4z\"\/>\n\t<path class=\"elementor-shape-fill\" d=\"M201,10.6c0-0.1-4.4,1.2-6.3,2.2c-1.9,0.9-6.2,3.1-6.1,3.1c0.1,0.1,4.2-1.6,6.3-2.6\tS201,10.7,201,10.6z\"\/>\n\t<path class=\"elementor-shape-fill\" d=\"M154.5,26.7c-0.1-0.1-4.6,0.3-7.2,0c-7.3-0.7-17-3.2-16.6-2.9c0.4,0.3,13.7,3.1,17,3.3\tC152.6,27.5,154.6,26.8,154.5,26.7z\"\/>\n\t<path class=\"elementor-shape-fill\" d=\"M41.9,19.3c0,0,1.2-0.3,2.9-0.1c1.7,0.2,5.8,0.9,8.2,0.7c4.2-0.4,7.4-2.7,7-2.6\tc-0.4,0-4.3,2.2-8.6,1.9c-1.8-0.1-5.1-0.5-6.7-0.4S41.9,19.3,41.9,19.3z\"\/>\n\t<path class=\"elementor-shape-fill\" d=\"M75.5,12.6c0.2,0.1,2-0.8,4.3-1.1c2.3-0.2,2.1-0.3,2.1-0.5c0-0.1-1.8-0.4-3.4,0\tC76.9,11.5,75.3,12.5,75.5,12.6z\"\/>\n\t<path class=\"elementor-shape-fill\" d=\"M15.6,13.2c0-0.1,4.3,0,6.7,0.5c2.4,0.5,5,1.9,5,2c0,0.1-2.7-0.8-5.1-1.4\tC19.9,13.7,15.7,13.3,15.6,13.2z\"\/>\n<\/svg>\t\t<\/div>\n\t\t\t\t\t<div class=\"elementor-container elementor-column-gap-default\">\n\t\t\t\t\t<div class=\"elementor-column elementor-col-100 elementor-top-column elementor-element elementor-element-7321c210\" data-id=\"7321c210\" data-element_type=\"column\">\n\t\t\t<div class=\"elementor-widget-wrap elementor-element-populated\">\n\t\t\t\t\t\t<div class=\"elementor-element elementor-element-4a33ff27 elementor-widget elementor-widget-heading\" data-id=\"4a33ff27\" data-element_type=\"widget\" data-widget_type=\"heading.default\">\n\t\t\t\t<div class=\"elementor-widget-container\">\n\t\t\t\t\t<h1 class=\"elementor-heading-title elementor-size-default\">Pr\u00e9sentations<\/h1>\t\t\t\t<\/div>\n\t\t\t\t<\/div>\n\t\t\t\t\t<\/div>\n\t\t<\/div>\n\t\t\t\t\t<\/div>\n\t\t<\/section>\n\t\t<div class=\"elementor-element elementor-element-ff70398 e-flex e-con-boxed e-con e-parent\" data-id=\"ff70398\" data-element_type=\"container\">\n\t\t\t\t\t<div class=\"e-con-inner\">\n\t\t\t\t<div class=\"elementor-element elementor-element-50c1973 elementor-widget elementor-widget-text-editor\" data-id=\"50c1973\" data-element_type=\"widget\" data-widget_type=\"text-editor.default\">\n\t\t\t\t<div class=\"elementor-widget-container\">\n\t\t\t\t\t\t\t\t\t<h5><span style=\"color: #7393b3;\">REGARDEZ DANS LE PASS\u00c9 !\u00a0<\/span><span style=\"color: #7393b3;\">TOUT EST COMME IL SEMBLE<\/span><\/h5>\t\t\t\t\t\t\t\t<\/div>\n\t\t\t\t<\/div>\n\t\t\t\t\t<\/div>\n\t\t\t\t<\/div>\n\t\t<div class=\"elementor-element elementor-element-c9e55ad e-flex e-con-boxed e-con e-parent\" data-id=\"c9e55ad\" data-element_type=\"container\">\n\t\t\t\t\t<div class=\"e-con-inner\">\n\t\t<div class=\"elementor-element elementor-element-b0eda14 e-con-full e-flex e-con e-child\" data-id=\"b0eda14\" data-element_type=\"container\">\n\t\t\t\t<div class=\"elementor-element elementor-element-9efb95c elementor-widget elementor-widget-image\" data-id=\"9efb95c\" data-element_type=\"widget\" data-widget_type=\"image.default\">\n\t\t\t\t<div class=\"elementor-widget-container\">\n\t\t\t\t\t\t\t\t\t\t\t\t\t\t\t<img fetchpriority=\"high\" decoding=\"async\" width=\"800\" height=\"875\" src=\"https:\/\/szonyimuzeum.hu\/wp-content\/uploads\/2025\/11\/Sztereoszkop_2-936x1024.jpg\" class=\"attachment-large size-large wp-image-13163\" alt=\"\" srcset=\"https:\/\/szonyimuzeum.hu\/wp-content\/uploads\/2025\/11\/Sztereoszkop_2-936x1024.jpg 936w, https:\/\/szonyimuzeum.hu\/wp-content\/uploads\/2025\/11\/Sztereoszkop_2-640x700.jpg 640w, https:\/\/szonyimuzeum.hu\/wp-content\/uploads\/2025\/11\/Sztereoszkop_2-768x840.jpg 768w, https:\/\/szonyimuzeum.hu\/wp-content\/uploads\/2025\/11\/Sztereoszkop_2-11x12.jpg 11w, https:\/\/szonyimuzeum.hu\/wp-content\/uploads\/2025\/11\/Sztereoszkop_2.jpg 1269w\" sizes=\"(max-width: 800px) 100vw, 800px\" \/>\t\t\t\t\t\t\t\t\t\t\t\t\t\t\t<\/div>\n\t\t\t\t<\/div>\n\t\t\t\t<div class=\"elementor-element elementor-element-609e33e elementor-widget elementor-widget-button\" data-id=\"609e33e\" data-element_type=\"widget\" data-widget_type=\"button.default\">\n\t\t\t\t<div class=\"elementor-widget-container\">\n\t\t\t\t\t\t\t\t\t<div class=\"elementor-button-wrapper\">\n\t\t\t\t\t<a class=\"elementor-button elementor-button-link elementor-size-sm elementor-animation-grow\" href=\"https:\/\/szonyimuzeum.hu\/fr\/program-regisztracio\/\">\n\t\t\t\t\t\t<span class=\"elementor-button-content-wrapper\">\n\t\t\t\t\t\t<span class=\"elementor-button-icon\">\n\t\t\t\t<i aria-hidden=\"true\" class=\"fas fa-arrow-right\"><\/i>\t\t\t<\/span>\n\t\t\t\t\t\t\t\t\t<span class=\"elementor-button-text\">S'inscrire \u00e0<\/span>\n\t\t\t\t\t<\/span>\n\t\t\t\t\t<\/a>\n\t\t\t\t<\/div>\n\t\t\t\t\t\t\t\t<\/div>\n\t\t\t\t<\/div>\n\t\t\t\t<\/div>\n\t\t<div class=\"elementor-element elementor-element-6bbbe02 e-con-full e-flex e-con e-child\" data-id=\"6bbbe02\" data-element_type=\"container\">\n\t\t\t\t<div class=\"elementor-element elementor-element-9fb0d03 elementor-widget elementor-widget-text-editor\" data-id=\"9fb0d03\" data-element_type=\"widget\" data-widget_type=\"text-editor.default\">\n\t\t\t\t<div class=\"elementor-widget-container\">\n\t\t\t\t\t\t\t\t\t<div class=\"x14z9mp xat24cr x1lziwak x1vvkbs xtlvy1s x126k92a\">\u00a0<\/div><div class=\"x14z9mp xat24cr x1lziwak x1vvkbs xtlvy1s x126k92a\"><div dir=\"auto\"><div class=\"xdj266r x14z9mp xat24cr x1lziwak x1vvkbs x126k92a\"><div dir=\"auto\"><span style=\"color: #993300;\">Chers visiteurs !<\/span><\/div><\/div><div class=\"x14z9mp xat24cr x1lziwak x1vvkbs xtlvy1s x126k92a\"><div dir=\"auto\"><span style=\"color: #993300;\">\"Regard sur le pass\u00e9\", samedi 22.11.2025, 11h11. <strong>conf\u00e9rence annonc\u00e9e<\/strong> pour cause de maladie <strong>annul\u00e9<\/strong> et un <span style=\"text-decoration: underline;\">se tiendra \u00e0 un autre moment<\/span>. Nous nous excusons !<\/span><\/div><\/div><div class=\"x14z9mp xat24cr x1lziwak x1vvkbs xtlvy1s x126k92a\"><div dir=\"auto\"><span style=\"color: #993300;\">Nous vous informerons de la nouvelle date et nous publierons \u00e9galement des informations sur notre page fb et sur le site web du mus\u00e9e. Nous vous remercions de votre compr\u00e9hension !<\/span><\/div><div dir=\"auto\">\u00a0<\/div><\/div><\/div><\/div><p>Le mus\u00e9e Sz\u0151nyi est un mus\u00e9e de l'habitat original et authentique, o\u00f9 des meubles et objets anciens ajoutent au charme du lieu. L'un de ces objets est un st\u00e9r\u00e9oscope du XIXe si\u00e8cle, un cabinet de vision dans lequel des images photographi\u00e9es sur une plaque de verre peuvent \u00eatre plac\u00e9es et \"fabriqu\u00e9es\" en une image st\u00e9r\u00e9oscopique, qui fait partie de la succession du beau-p\u00e8re d'Istv\u00e1n Sz\u0151nyi, J\u00f3zsef Bart\u00f3ky. Gergely Radovics, collectionneur d'images sur verre de l'\u00e9poque, a apport\u00e9 et montr\u00e9 une partie de sa collection, y compris des images sur verre de la Premi\u00e8re Guerre mondiale. En regardant ces photos dans le st\u00e9r\u00e9oscope - le champ de bataille de Verdun, les soldats aux yeux hagards sortant des tranch\u00e9es, l'\u00e9quipement militaire, les dirigeables, les civils et les soldats entourant les avions \u00e9cras\u00e9s, les uniformes us\u00e9s et boueux, les moments quotidiens de la guerre - l'id\u00e9e nous est venue de partager cela avec d'autres. Istv\u00e1n Sz\u0151nyi a lui-m\u00eame \u00e9t\u00e9 au front, servant dans l'arm\u00e9e du d\u00e9but \u00e0 la fin de la Grande Guerre, et n'avait que 20 ans lorsqu'il a \u00e9t\u00e9 enr\u00f4l\u00e9. Quelques dessins, des portraits de soldats, des sc\u00e8nes de sanatorium et quelques lettres laconiques \u00e0 son p\u00e8re ont surv\u00e9cu. Sz\u0151nyi a \u00e9t\u00e9 envoy\u00e9 au front alors qu'il n'\u00e9tait qu'un \u00e9tudiant de premi\u00e8re ann\u00e9e. Il n'\u00e9tait donc pas encore un artiste et ne pouvait pas \u00eatre membre du Kunstgruppe, le groupe d'artistes de la guerre, comme les peintres L\u00e1szl\u00f3 Medny\u00e1nszky et J\u00f3zsef Rippl-R\u00f3nai, qui ont document\u00e9 la guerre avec leurs \u0153uvres.  La machine de propagande en temps de guerre comprenait des peintres, des cin\u00e9astes et des photographes des deux camps qui \u00e9taient pr\u00e9sents sur les champs de bataille et enregistraient ce qu'ils voyaient.<\/p><p>La conf\u00e9rence du collectionneur Gergely Radovics pr\u00e9sentera ces peintures sur verre r\u00e9alis\u00e9es en temps de guerre, selon la technique de l'\u00e9poque, dont l'honn\u00eatet\u00e9 choquante et d\u00e9rangeante rend le quotidien de la guerre plus r\u00e9el que n'importe quel livre d'histoire ou film historique. Gergely Radovics introduira sa conf\u00e9rence en parlant de la Guilde des artistes et des ann\u00e9es de guerre d'Istv\u00e1n Sz\u0151nyi. Nous souhaitons la bienvenue \u00e0 tous ceux qui n'ont pas peur de regarder le pass\u00e9 \u00e0 travers un st\u00e9r\u00e9oscope, o\u00f9 tout est comme il semble.<\/p><p>\u00c0 la fin du programme, les participants pourront regarder dans le st\u00e9r\u00e9oscope et faire l'exp\u00e9rience de la r\u00e9alit\u00e9 spatiale unique que repr\u00e9sente la vision d'images en verre en 3D.<\/p><p><strong>Dur\u00e9e de l'enqu\u00eate :<\/strong> environ 1,5 heure<br \/><strong>Frais de participation :<\/strong> 2.500 pieds\/personne<\/p><p><strong>En raison du nombre limit\u00e9 de places, l'\u00e9v\u00e9nement est soumis \u00e0 inscription.<\/strong><\/p>\t\t\t\t\t\t\t\t<\/div>\n\t\t\t\t<\/div>\n\t\t\t\t<\/div>\n\t\t\t\t\t<\/div>\n\t\t\t\t<\/div>\n\t\t\t\t<\/div>","protected":false},"excerpt":{"rendered":"<p>El\u0151ad\u00e1sok N\u00c9ZZ BELE A M\u00daLTBA! &#8211;\u00a0MINDEN AZ, AMINEK L\u00c1TSZIK Regisztr\u00e1lok \u00a0Kedves L\u00e1togat\u00f3ink!A &#8222;N\u00e9zz bele a m\u00faltba&#8221; c\u00edm\u0171, 2025.11.22., szombat 11 \u00f3r\u00e1ra meghirdetett el\u0151ad\u00e1s betegs\u00e9g miatt elmarad \u00e9s egy m\u00e1sik id\u0151pontban [&hellip;]<\/p>","protected":false},"author":3,"featured_media":0,"parent":0,"menu_order":0,"comment_status":"closed","ping_status":"closed","template":"","meta":{"ngg_post_thumbnail":0,"_price":"","_stock":"","_tribe_ticket_header":"","_tribe_default_ticket_provider":"","_tribe_ticket_capacity":"0","_ticket_start_date":"","_ticket_end_date":"","_tribe_ticket_show_description":"","_tribe_ticket_show_not_going":false,"_tribe_ticket_use_global_stock":"","_tribe_ticket_global_stock_level":"","_global_stock_mode":"","_global_stock_cap":"","_tribe_rsvp_for_event":"","_tribe_ticket_going_count":"","_tribe_ticket_not_going_count":"","_tribe_tickets_list":"[]","_tribe_ticket_has_attendee_info_fields":false,"_mc_calendar":[],"footnotes":"","_tec_slr_enabled":"","_tec_slr_layout":""},"class_list":["post-13159","page","type-page","status-publish","hentry"],"ticketed":false,"_links":{"self":[{"href":"https:\/\/szonyimuzeum.hu\/fr\/wp-json\/wp\/v2\/pages\/13159","targetHints":{"allow":["GET"]}}],"collection":[{"href":"https:\/\/szonyimuzeum.hu\/fr\/wp-json\/wp\/v2\/pages"}],"about":[{"href":"https:\/\/szonyimuzeum.hu\/fr\/wp-json\/wp\/v2\/types\/page"}],"author":[{"embeddable":true,"href":"https:\/\/szonyimuzeum.hu\/fr\/wp-json\/wp\/v2\/users\/3"}],"replies":[{"embeddable":true,"href":"https:\/\/szonyimuzeum.hu\/fr\/wp-json\/wp\/v2\/comments?post=13159"}],"version-history":[{"count":22,"href":"https:\/\/szonyimuzeum.hu\/fr\/wp-json\/wp\/v2\/pages\/13159\/revisions"}],"predecessor-version":[{"id":13259,"href":"https:\/\/szonyimuzeum.hu\/fr\/wp-json\/wp\/v2\/pages\/13159\/revisions\/13259"}],"wp:attachment":[{"href":"https:\/\/szonyimuzeum.hu\/fr\/wp-json\/wp\/v2\/media?parent=13159"}],"curies":[{"name":"wp","href":"https:\/\/api.w.org\/{rel}","templated":true}]}}