{"id":9613,"date":"2025-02-28T17:14:44","date_gmt":"2025-02-28T16:14:44","guid":{"rendered":"https:\/\/szonyimuzeum.hu\/?page_id=9613"},"modified":"2025-03-04T12:18:22","modified_gmt":"2025-03-04T11:18:22","slug":"tablakepek-album","status":"publish","type":"page","link":"https:\/\/szonyimuzeum.hu\/fr\/tablakepek-album\/","title":{"rendered":"Album de photos"},"content":{"rendered":"<div data-elementor-type=\"wp-page\" data-elementor-id=\"9613\" class=\"elementor elementor-9613\" data-elementor-post-type=\"page\">\n\t\t\t\t\t\t<section class=\"elementor-section elementor-top-section elementor-element elementor-element-1cfc026e elementor-section-height-min-height elementor-section-boxed elementor-section-height-default elementor-section-items-middle\" data-id=\"1cfc026e\" data-element_type=\"section\" id=\"top\" data-settings=\"{&quot;background_background&quot;:&quot;classic&quot;,&quot;shape_divider_bottom&quot;:&quot;wave-brush&quot;}\">\n\t\t\t\t\t\t\t<div class=\"elementor-background-overlay\"><\/div>\n\t\t\t\t\t\t<div class=\"elementor-shape elementor-shape-bottom\" data-negative=\"false\">\n\t\t\t<svg xmlns=\"http:\/\/www.w3.org\/2000\/svg\" viewbox=\"0 0 283.5 27.8\" preserveaspectratio=\"none\">\n\t<path class=\"elementor-shape-fill\" d=\"M283.5,9.7c0,0-7.3,4.3-14,4.6c-6.8,0.3-12.6,0-20.9-1.5c-11.3-2-33.1-10.1-44.7-5.7\ts-12.1,4.6-18,7.4c-6.6,3.2-20,9.6-36.6,9.3C131.6,23.5,99.5,7.2,86.3,8c-1.4,0.1-6.6,0.8-10.5,2c-3.8,1.2-9.4,3.8-17,4.7\tc-3.2,0.4-8.3,1.1-14.2,0.9c-1.5-0.1-6.3-0.4-12-1.6c-5.7-1.2-11-3.1-15.8-3.7C6.5,9.2,0,10.8,0,10.8V0h283.5V9.7z M260.8,11.3\tc-0.7-1-2-0.4-4.3-0.4c-2.3,0-6.1-1.2-5.8-1.1c0.3,0.1,3.1,1.5,6,1.9C259.7,12.2,261.4,12.3,260.8,11.3z M242.4,8.6\tc0,0-2.4-0.2-5.6-0.9c-3.2-0.8-10.3-2.8-15.1-3.5c-8.2-1.1-15.8,0-15.1,0.1c0.8,0.1,9.6-0.6,17.6,1.1c3.3,0.7,9.3,2.2,12.4,2.7\tC239.9,8.7,242.4,8.6,242.4,8.6z M185.2,8.5c1.7-0.7-13.3,4.7-18.5,6.1c-2.1,0.6-6.2,1.6-10,2c-3.9,0.4-8.9,0.4-8.8,0.5\tc0,0.2,5.8,0.8,11.2,0c5.4-0.8,5.2-1.1,7.6-1.6C170.5,14.7,183.5,9.2,185.2,8.5z M199.1,6.9c0.2,0-0.8-0.4-4.8,1.1\tc-4,1.5-6.7,3.5-6.9,3.7c-0.2,0.1,3.5-1.8,6.6-3C197,7.5,199,6.9,199.1,6.9z M283,6c-0.1,0.1-1.9,1.1-4.8,2.5s-6.9,2.8-6.7,2.7\tc0.2,0,3.5-0.6,7.4-2.5C282.8,6.8,283.1,5.9,283,6z M31.3,11.6c0.1-0.2-1.9-0.2-4.5-1.2s-5.4-1.6-7.8-2C15,7.6,7.3,8.5,7.7,8.6\tC8,8.7,15.9,8.3,20.2,9.3c2.2,0.5,2.4,0.5,5.7,1.6S31.2,11.9,31.3,11.6z M73,9.2c0.4-0.1,3.5-1.6,8.4-2.6c4.9-1.1,8.9-0.5,8.9-0.8\tc0-0.3-1-0.9-6.2-0.3S72.6,9.3,73,9.2z M71.6,6.7C71.8,6.8,75,5.4,77.3,5c2.3-0.3,1.9-0.5,1.9-0.6c0-0.1-1.1-0.2-2.7,0.2\tC74.8,5.1,71.4,6.6,71.6,6.7z M93.6,4.4c0.1,0.2,3.5,0.8,5.6,1.8c2.1,1,1.8,0.6,1.9,0.5c0.1-0.1-0.8-0.8-2.4-1.3\tC97.1,4.8,93.5,4.2,93.6,4.4z M65.4,11.1c-0.1,0.3,0.3,0.5,1.9-0.2s2.6-1.3,2.2-1.2s-0.9,0.4-2.5,0.8C65.3,10.9,65.5,10.8,65.4,11.1\tz M34.5,12.4c-0.2,0,2.1,0.8,3.3,0.9c1.2,0.1,2,0.1,2-0.2c0-0.3-0.1-0.5-1.6-0.4C36.6,12.8,34.7,12.4,34.5,12.4z M152.2,21.1\tc-0.1,0.1-2.4-0.3-7.5-0.3c-5,0-13.6-2.4-17.2-3.5c-3.6-1.1,10,3.9,16.5,4.1C150.5,21.6,152.3,21,152.2,21.1z\"\/>\n\t<path class=\"elementor-shape-fill\" d=\"M269.6,18c-0.1-0.1-4.6,0.3-7.2,0c-7.3-0.7-17-3.2-16.6-2.9c0.4,0.3,13.7,3.1,17,3.3\tC267.7,18.8,269.7,18,269.6,18z\"\/>\n\t<path class=\"elementor-shape-fill\" d=\"M227.4,9.8c-0.2-0.1-4.5-1-9.5-1.2c-5-0.2-12.7,0.6-12.3,0.5c0.3-0.1,5.9-1.8,13.3-1.2\tS227.6,9.9,227.4,9.8z\"\/>\n\t<path class=\"elementor-shape-fill\" d=\"M204.5,13.4c-0.1-0.1,2-1,3.2-1.1c1.2-0.1,2,0,2,0.3c0,0.3-0.1,0.5-1.6,0.4\tC206.4,12.9,204.6,13.5,204.5,13.4z\"\/>\n\t<path class=\"elementor-shape-fill\" d=\"M201,10.6c0-0.1-4.4,1.2-6.3,2.2c-1.9,0.9-6.2,3.1-6.1,3.1c0.1,0.1,4.2-1.6,6.3-2.6\tS201,10.7,201,10.6z\"\/>\n\t<path class=\"elementor-shape-fill\" d=\"M154.5,26.7c-0.1-0.1-4.6,0.3-7.2,0c-7.3-0.7-17-3.2-16.6-2.9c0.4,0.3,13.7,3.1,17,3.3\tC152.6,27.5,154.6,26.8,154.5,26.7z\"\/>\n\t<path class=\"elementor-shape-fill\" d=\"M41.9,19.3c0,0,1.2-0.3,2.9-0.1c1.7,0.2,5.8,0.9,8.2,0.7c4.2-0.4,7.4-2.7,7-2.6\tc-0.4,0-4.3,2.2-8.6,1.9c-1.8-0.1-5.1-0.5-6.7-0.4S41.9,19.3,41.9,19.3z\"\/>\n\t<path class=\"elementor-shape-fill\" d=\"M75.5,12.6c0.2,0.1,2-0.8,4.3-1.1c2.3-0.2,2.1-0.3,2.1-0.5c0-0.1-1.8-0.4-3.4,0\tC76.9,11.5,75.3,12.5,75.5,12.6z\"\/>\n\t<path class=\"elementor-shape-fill\" d=\"M15.6,13.2c0-0.1,4.3,0,6.7,0.5c2.4,0.5,5,1.9,5,2c0,0.1-2.7-0.8-5.1-1.4\tC19.9,13.7,15.7,13.3,15.6,13.2z\"\/>\n<\/svg>\t\t<\/div>\n\t\t\t\t\t<div class=\"elementor-container elementor-column-gap-default\">\n\t\t\t\t\t<div class=\"elementor-column elementor-col-100 elementor-top-column elementor-element elementor-element-7321c210\" data-id=\"7321c210\" data-element_type=\"column\">\n\t\t\t<div class=\"elementor-widget-wrap elementor-element-populated\">\n\t\t\t\t\t\t<div class=\"elementor-element elementor-element-4a33ff27 elementor-widget elementor-widget-heading\" data-id=\"4a33ff27\" data-element_type=\"widget\" data-widget_type=\"heading.default\">\n\t\t\t\t<div class=\"elementor-widget-container\">\n\t\t\t\t\t<h1 class=\"elementor-heading-title elementor-size-default\">Album de photos<\/h1>\t\t\t\t<\/div>\n\t\t\t\t<\/div>\n\t\t\t\t\t<\/div>\n\t\t<\/div>\n\t\t\t\t\t<\/div>\n\t\t<\/section>\n\t\t<div class=\"elementor-element elementor-element-55d1cc0 e-flex e-con-boxed e-con e-parent\" data-id=\"55d1cc0\" data-element_type=\"container\">\n\t\t\t\t\t<div class=\"e-con-inner\">\n\t\t\t\t<div class=\"elementor-element elementor-element-7b57f81 elementor-widget elementor-widget-text-editor\" data-id=\"7b57f81\" data-element_type=\"widget\" data-widget_type=\"text-editor.default\">\n\t\t\t\t<div class=\"elementor-widget-container\">\n\t\t\t\t\t\t\t\t\t<p><!-- default-view.php -->\n<div\n\tclass=\"ngg-galleryoverview default-view\"\n\tid=\"ngg-gallery-38f60133fd692b1566b896919053b487-1\">\n\n\t\t<!-- Thumbnails -->\n\t\t\t\t<div id=\"ngg-image-0\" class=\"ngg-gallery-thumbnail-box\t\t\t\t\t\t\t\tngg-4-columns\"\n\t\t\t>\n\t\t\t\t\t\t<div class=\"ngg-gallery-thumbnail\">\n\t\t\t<a href=\"https:\/\/szonyimuzeum.hu\/wp-content\/gallery\/tablakepek\/Allvanyon-e.n.-tempera-retegelt-lemez-51x315-cm.jpg\"\n\t\t\t\ttitle=\"\"\n\t\t\t\tdata-src=\"https:\/\/szonyimuzeum.hu\/wp-content\/gallery\/tablakepek\/Allvanyon-e.n.-tempera-retegelt-lemez-51x315-cm.jpg\"\n\t\t\t\tdata-thumbnail=\"https:\/\/szonyimuzeum.hu\/wp-content\/gallery\/tablakepek\/thumbs\/thumbs-Allvanyon-e.n.-tempera-retegelt-lemez-51x315-cm.jpg\"\n\t\t\t\tdata-image-id=\"568\"\n\t\t\t\tdata-title=\"\u00c1llv\u00e1nyon-\u00e9.n.-tempera-r\u00e9tegelt-lemez-51x31.5-cm\"\n\t\t\t\tdata-description=\"\"\n\t\t\t\tdata-image-slug=\"allvanyon-e-n-tempera-retegelt-lemez-51x315-cm\"\n\t\t\t\tclass=\"ngg-simplelightbox\" rel=\"38f60133fd692b1566b896919053b487\">\n\t\t\t\t<img\n\t\t\t\t\ttitle=\"Sur pied-tempera-plaque-\u00e9tendue-51x31.5-cm\"\n\t\t\t\t\talt=\"\u00c1llv\u00e1nyon-\u00e9.n.-tempera-r\u00e9tegelt-lemez-51x31.5-cm\"\n\t\t\t\t\tsrc=\"https:\/\/szonyimuzeum.hu\/wp-content\/gallery\/tablakepek\/thumbs\/thumbs-Allvanyon-e.n.-tempera-retegelt-lemez-51x315-cm.jpg\"\n\t\t\t\t\twidth=\"240\"\n\t\t\t\t\theight=\"160\"\n\t\t\t\t\tstyle=\"max-width:100%;\"\n\t\t\t\t\/>\n\t\t\t<\/a>\n\t\t<\/div>\n\t\t\t\t\t\t\t<\/div>\n\t\t\t\n\t\t\t\t<div id=\"ngg-image-1\" class=\"ngg-gallery-thumbnail-box\t\t\t\t\t\t\t\tngg-4-columns\"\n\t\t\t>\n\t\t\t\t\t\t<div class=\"ngg-gallery-thumbnail\">\n\t\t\t<a href=\"https:\/\/szonyimuzeum.hu\/wp-content\/gallery\/tablakepek\/A-muvesz-edesanyjanak-portreja-e.n.-olaj-karton-37x30-cm.jpg\"\n\t\t\t\ttitle=\"\"\n\t\t\t\tdata-src=\"https:\/\/szonyimuzeum.hu\/wp-content\/gallery\/tablakepek\/A-muvesz-edesanyjanak-portreja-e.n.-olaj-karton-37x30-cm.jpg\"\n\t\t\t\tdata-thumbnail=\"https:\/\/szonyimuzeum.hu\/wp-content\/gallery\/tablakepek\/thumbs\/thumbs-A-muvesz-edesanyjanak-portreja-e.n.-olaj-karton-37x30-cm.jpg\"\n\t\t\t\tdata-image-id=\"569\"\n\t\t\t\tdata-title=\"A-m\u0171v\u00e9sz-\u00e9desanyj\u00e1nak-portr\u00e9ja-\u00e9.n.-olaj-karton-37x30-cm\"\n\t\t\t\tdata-description=\"\"\n\t\t\t\tdata-image-slug=\"a-muvesz-edesanyjanak-portreja-e-n-olaj-karton-37x30-cm\"\n\t\t\t\tclass=\"ngg-simplelightbox\" rel=\"38f60133fd692b1566b896919053b487\">\n\t\t\t\t<img\n\t\t\t\t\ttitle=\"A-Portrait-de-l&#039;artiste-autre-portrait-\u00e9.n.-huile-sur-papier-37x30-cm\"\n\t\t\t\t\talt=\"A-m\u0171v\u00e9sz-\u00e9desanyj\u00e1nak-portr\u00e9ja-\u00e9.n.-olaj-karton-37x30-cm\"\n\t\t\t\t\tsrc=\"https:\/\/szonyimuzeum.hu\/wp-content\/gallery\/tablakepek\/thumbs\/thumbs-A-muvesz-edesanyjanak-portreja-e.n.-olaj-karton-37x30-cm.jpg\"\n\t\t\t\t\twidth=\"240\"\n\t\t\t\t\theight=\"160\"\n\t\t\t\t\tstyle=\"max-width:100%;\"\n\t\t\t\t\/>\n\t\t\t<\/a>\n\t\t<\/div>\n\t\t\t\t\t\t\t<\/div>\n\t\t\t\n\t\t\t\t<div id=\"ngg-image-2\" class=\"ngg-gallery-thumbnail-box\t\t\t\t\t\t\t\tngg-4-columns\"\n\t\t\t>\n\t\t\t\t\t\t<div class=\"ngg-gallery-thumbnail\">\n\t\t\t<a href=\"https:\/\/szonyimuzeum.hu\/wp-content\/gallery\/tablakepek\/A-falu-osszel-1960-tempera-vaszon-597x797-cm.jpg\"\n\t\t\t\ttitle=\"\"\n\t\t\t\tdata-src=\"https:\/\/szonyimuzeum.hu\/wp-content\/gallery\/tablakepek\/A-falu-osszel-1960-tempera-vaszon-597x797-cm.jpg\"\n\t\t\t\tdata-thumbnail=\"https:\/\/szonyimuzeum.hu\/wp-content\/gallery\/tablakepek\/thumbs\/thumbs-A-falu-osszel-1960-tempera-vaszon-597x797-cm.jpg\"\n\t\t\t\tdata-image-id=\"570\"\n\t\t\t\tdata-title=\"A-falu-\u0151sszel-1960-tempera-v\u00e1szon-59.7x79.7-cm\"\n\t\t\t\tdata-description=\"\"\n\t\t\t\tdata-image-slug=\"a-falu-osszel-1960-tempera-vaszon-597x797-cm\"\n\t\t\t\tclass=\"ngg-simplelightbox\" rel=\"38f60133fd692b1566b896919053b487\">\n\t\t\t\t<img\n\t\t\t\t\ttitle=\"A-falu-\u0151sszel-1960-tempera-v\u00e1szon-59.7x79.7-cm\"\n\t\t\t\t\talt=\"A-falu-\u0151sszel-1960-tempera-v\u00e1szon-59.7x79.7-cm\"\n\t\t\t\t\tsrc=\"https:\/\/szonyimuzeum.hu\/wp-content\/gallery\/tablakepek\/thumbs\/thumbs-A-falu-osszel-1960-tempera-vaszon-597x797-cm.jpg\"\n\t\t\t\t\twidth=\"240\"\n\t\t\t\t\theight=\"160\"\n\t\t\t\t\tstyle=\"max-width:100%;\"\n\t\t\t\t\/>\n\t\t\t<\/a>\n\t\t<\/div>\n\t\t\t\t\t\t\t<\/div>\n\t\t\t\n\t\t\t\t<div id=\"ngg-image-3\" class=\"ngg-gallery-thumbnail-box\t\t\t\t\t\t\t\tngg-4-columns\"\n\t\t\t>\n\t\t\t\t\t\t<div class=\"ngg-gallery-thumbnail\">\n\t\t\t<a href=\"https:\/\/szonyimuzeum.hu\/wp-content\/gallery\/tablakepek\/A-bekes-munka-1945-utan-tempera-retegelt-lemez-50x40-cm.jpg\"\n\t\t\t\ttitle=\"\"\n\t\t\t\tdata-src=\"https:\/\/szonyimuzeum.hu\/wp-content\/gallery\/tablakepek\/A-bekes-munka-1945-utan-tempera-retegelt-lemez-50x40-cm.jpg\"\n\t\t\t\tdata-thumbnail=\"https:\/\/szonyimuzeum.hu\/wp-content\/gallery\/tablakepek\/thumbs\/thumbs-A-bekes-munka-1945-utan-tempera-retegelt-lemez-50x40-cm.jpg\"\n\t\t\t\tdata-image-id=\"571\"\n\t\t\t\tdata-title=\"A-b\u00e9k\u00e9s-munka-1945-ut\u00e1n-tempera-r\u00e9tegelt-lemez-50x40-cm\"\n\t\t\t\tdata-description=\"\"\n\t\t\t\tdata-image-slug=\"a-bekes-munka-1945-utan-tempera-retegelt-lemez-50x40-cm\"\n\t\t\t\tclass=\"ngg-simplelightbox\" rel=\"38f60133fd692b1566b896919053b487\">\n\t\t\t\t<img\n\t\t\t\t\ttitle=\"A-b\u00e9k\u00e9s-munka-1945-ut\u00e1n-tempera-r\u00e9tegelt-lemez-50x40-cm\"\n\t\t\t\t\talt=\"A-b\u00e9k\u00e9s-munka-1945-ut\u00e1n-tempera-r\u00e9tegelt-lemez-50x40-cm\"\n\t\t\t\t\tsrc=\"https:\/\/szonyimuzeum.hu\/wp-content\/gallery\/tablakepek\/thumbs\/thumbs-A-bekes-munka-1945-utan-tempera-retegelt-lemez-50x40-cm.jpg\"\n\t\t\t\t\twidth=\"240\"\n\t\t\t\t\theight=\"160\"\n\t\t\t\t\tstyle=\"max-width:100%;\"\n\t\t\t\t\/>\n\t\t\t<\/a>\n\t\t<\/div>\n\t\t\t\t\t\t\t<\/div>\n\t\t\t\n\t\t\t\t<div id=\"ngg-image-4\" class=\"ngg-gallery-thumbnail-box\t\t\t\t\t\t\t\tngg-4-columns\"\n\t\t\t>\n\t\t\t\t\t\t<div class=\"ngg-gallery-thumbnail\">\n\t\t\t<a href=\"https:\/\/szonyimuzeum.hu\/wp-content\/gallery\/tablakepek\/Anna-olvas-1923-olaj-vaszon-65x56-cm.jpg\"\n\t\t\t\ttitle=\"\"\n\t\t\t\tdata-src=\"https:\/\/szonyimuzeum.hu\/wp-content\/gallery\/tablakepek\/Anna-olvas-1923-olaj-vaszon-65x56-cm.jpg\"\n\t\t\t\tdata-thumbnail=\"https:\/\/szonyimuzeum.hu\/wp-content\/gallery\/tablakepek\/thumbs\/thumbs-Anna-olvas-1923-olaj-vaszon-65x56-cm.jpg\"\n\t\t\t\tdata-image-id=\"572\"\n\t\t\t\tdata-title=\"Anna-olvas-1923-olaj-v\u00e1szon-65x56-cm\"\n\t\t\t\tdata-description=\"\"\n\t\t\t\tdata-image-slug=\"anna-olvas-1923-olaj-vaszon-65x56-cm\"\n\t\t\t\tclass=\"ngg-simplelightbox\" rel=\"38f60133fd692b1566b896919053b487\">\n\t\t\t\t<img\n\t\t\t\t\ttitle=\"Anna-olvas-1923-olaj-v\u00e1szon-65x56-cm\"\n\t\t\t\t\talt=\"Anna-olvas-1923-olaj-v\u00e1szon-65x56-cm\"\n\t\t\t\t\tsrc=\"https:\/\/szonyimuzeum.hu\/wp-content\/gallery\/tablakepek\/thumbs\/thumbs-Anna-olvas-1923-olaj-vaszon-65x56-cm.jpg\"\n\t\t\t\t\twidth=\"240\"\n\t\t\t\t\theight=\"160\"\n\t\t\t\t\tstyle=\"max-width:100%;\"\n\t\t\t\t\/>\n\t\t\t<\/a>\n\t\t<\/div>\n\t\t\t\t\t\t\t<\/div>\n\t\t\t\n\t\t\t\t<div id=\"ngg-image-5\" class=\"ngg-gallery-thumbnail-box\t\t\t\t\t\t\t\tngg-4-columns\"\n\t\t\t>\n\t\t\t\t\t\t<div class=\"ngg-gallery-thumbnail\">\n\t\t\t<a href=\"https:\/\/szonyimuzeum.hu\/wp-content\/gallery\/tablakepek\/A-tekozlo-fiu-hazaterese-e.n.-olaj-vaszon-36x24-cm_kicsi.jpg\"\n\t\t\t\ttitle=\"\"\n\t\t\t\tdata-src=\"https:\/\/szonyimuzeum.hu\/wp-content\/gallery\/tablakepek\/A-tekozlo-fiu-hazaterese-e.n.-olaj-vaszon-36x24-cm_kicsi.jpg\"\n\t\t\t\tdata-thumbnail=\"https:\/\/szonyimuzeum.hu\/wp-content\/gallery\/tablakepek\/thumbs\/thumbs-A-tekozlo-fiu-hazaterese-e.n.-olaj-vaszon-36x24-cm_kicsi.jpg\"\n\t\t\t\tdata-image-id=\"573\"\n\t\t\t\tdata-title=\"A-t\u00e9kozl\u00f3-fi\u00fa-hazat\u00e9r\u00e9se-\u00e9.n.-olaj-v\u00e1szon-36x24-cm\"\n\t\t\t\tdata-description=\"\"\n\t\t\t\tdata-image-slug=\"a-tekozlo-fiu-hazaterese-e-n-olaj-vaszon-36x24-cm_kicsi\"\n\t\t\t\tclass=\"ngg-simplelightbox\" rel=\"38f60133fd692b1566b896919053b487\">\n\t\t\t\t<img\n\t\t\t\t\ttitle=\"Le-retour-du-gar\u00e7on-qui-a-tourn\u00e9-la-maison-o.n.-huile-sur-canvas-36x24-cm\"\n\t\t\t\t\talt=\"A-t\u00e9kozl\u00f3-fi\u00fa-hazat\u00e9r\u00e9se-\u00e9.n.-olaj-v\u00e1szon-36x24-cm\"\n\t\t\t\t\tsrc=\"https:\/\/szonyimuzeum.hu\/wp-content\/gallery\/tablakepek\/thumbs\/thumbs-A-tekozlo-fiu-hazaterese-e.n.-olaj-vaszon-36x24-cm_kicsi.jpg\"\n\t\t\t\t\twidth=\"240\"\n\t\t\t\t\theight=\"160\"\n\t\t\t\t\tstyle=\"max-width:100%;\"\n\t\t\t\t\/>\n\t\t\t<\/a>\n\t\t<\/div>\n\t\t\t\t\t\t\t<\/div>\n\t\t\t\n\t\t\t\t<div id=\"ngg-image-6\" class=\"ngg-gallery-thumbnail-box\t\t\t\t\t\t\t\tngg-4-columns\"\n\t\t\t>\n\t\t\t\t\t\t<div class=\"ngg-gallery-thumbnail\">\n\t\t\t<a href=\"https:\/\/szonyimuzeum.hu\/wp-content\/gallery\/tablakepek\/Anna-tukor-elott-e.n.-olajvaszon-110x95-cm.jpg\"\n\t\t\t\ttitle=\"\"\n\t\t\t\tdata-src=\"https:\/\/szonyimuzeum.hu\/wp-content\/gallery\/tablakepek\/Anna-tukor-elott-e.n.-olajvaszon-110x95-cm.jpg\"\n\t\t\t\tdata-thumbnail=\"https:\/\/szonyimuzeum.hu\/wp-content\/gallery\/tablakepek\/thumbs\/thumbs-Anna-tukor-elott-e.n.-olajvaszon-110x95-cm.jpg\"\n\t\t\t\tdata-image-id=\"574\"\n\t\t\t\tdata-title=\"Anna-t\u00fck\u00f6r-el\u0151tt-\u00e9.n.-olaj-v\u00e1szon-110x95-cm\"\n\t\t\t\tdata-description=\"\"\n\t\t\t\tdata-image-slug=\"anna-tukor-elott-e-n-olajvaszon-110x95-cm\"\n\t\t\t\tclass=\"ngg-simplelightbox\" rel=\"38f60133fd692b1566b896919053b487\">\n\t\t\t\t<img\n\t\t\t\t\ttitle=\"Anna-mirror-before-\u00e9.n.-huile sur toile-110x95-cm\"\n\t\t\t\t\talt=\"Anna-t\u00fck\u00f6r-el\u0151tt-\u00e9.n.-olaj-v\u00e1szon-110x95-cm\"\n\t\t\t\t\tsrc=\"https:\/\/szonyimuzeum.hu\/wp-content\/gallery\/tablakepek\/thumbs\/thumbs-Anna-tukor-elott-e.n.-olajvaszon-110x95-cm.jpg\"\n\t\t\t\t\twidth=\"240\"\n\t\t\t\t\theight=\"160\"\n\t\t\t\t\tstyle=\"max-width:100%;\"\n\t\t\t\t\/>\n\t\t\t<\/a>\n\t\t<\/div>\n\t\t\t\t\t\t\t<\/div>\n\t\t\t\n\t\t\t\t<div id=\"ngg-image-7\" class=\"ngg-gallery-thumbnail-box\t\t\t\t\t\t\t\tngg-4-columns\"\n\t\t\t>\n\t\t\t\t\t\t<div class=\"ngg-gallery-thumbnail\">\n\t\t\t<a href=\"https:\/\/szonyimuzeum.hu\/wp-content\/gallery\/tablakepek\/Anya-gyermekeivel-1928-olaj-vaszon-127x100-cm.jpg\"\n\t\t\t\ttitle=\"\"\n\t\t\t\tdata-src=\"https:\/\/szonyimuzeum.hu\/wp-content\/gallery\/tablakepek\/Anya-gyermekeivel-1928-olaj-vaszon-127x100-cm.jpg\"\n\t\t\t\tdata-thumbnail=\"https:\/\/szonyimuzeum.hu\/wp-content\/gallery\/tablakepek\/thumbs\/thumbs-Anya-gyermekeivel-1928-olaj-vaszon-127x100-cm.jpg\"\n\t\t\t\tdata-image-id=\"575\"\n\t\t\t\tdata-title=\"Anya-gyermekeivel-1928-olaj-v\u00e1szon-127x100-cm\"\n\t\t\t\tdata-description=\"\"\n\t\t\t\tdata-image-slug=\"anya-gyermekeivel-1928-olaj-vaszon-127x100-cm\"\n\t\t\t\tclass=\"ngg-simplelightbox\" rel=\"38f60133fd692b1566b896919053b487\">\n\t\t\t\t<img\n\t\t\t\t\ttitle=\"Anya-gyermekeivel-1928-olaj-v\u00e1szon-127x100-cm\"\n\t\t\t\t\talt=\"Anya-gyermekeivel-1928-olaj-v\u00e1szon-127x100-cm\"\n\t\t\t\t\tsrc=\"https:\/\/szonyimuzeum.hu\/wp-content\/gallery\/tablakepek\/thumbs\/thumbs-Anya-gyermekeivel-1928-olaj-vaszon-127x100-cm.jpg\"\n\t\t\t\t\twidth=\"240\"\n\t\t\t\t\theight=\"160\"\n\t\t\t\t\tstyle=\"max-width:100%;\"\n\t\t\t\t\/>\n\t\t\t<\/a>\n\t\t<\/div>\n\t\t\t\t\t\t\t<\/div>\n\t\t\t\n\t\t\t\t<div id=\"ngg-image-8\" class=\"ngg-gallery-thumbnail-box\t\t\t\t\t\t\t\tngg-4-columns\"\n\t\t\t>\n\t\t\t\t\t\t<div class=\"ngg-gallery-thumbnail\">\n\t\t\t<a href=\"https:\/\/szonyimuzeum.hu\/wp-content\/gallery\/tablakepek\/Anya-gyermekeivel-1928k-olaj-furnerlemez-54x685-cm.jpg\"\n\t\t\t\ttitle=\"\"\n\t\t\t\tdata-src=\"https:\/\/szonyimuzeum.hu\/wp-content\/gallery\/tablakepek\/Anya-gyermekeivel-1928k-olaj-furnerlemez-54x685-cm.jpg\"\n\t\t\t\tdata-thumbnail=\"https:\/\/szonyimuzeum.hu\/wp-content\/gallery\/tablakepek\/thumbs\/thumbs-Anya-gyermekeivel-1928k-olaj-furnerlemez-54x685-cm.jpg\"\n\t\t\t\tdata-image-id=\"576\"\n\t\t\t\tdata-title=\"Anya-gyermekeivel-1928k-olaj-furn\u00e9rlemez-54x68.5-cm\"\n\t\t\t\tdata-description=\"\"\n\t\t\t\tdata-image-slug=\"anya-gyermekeivel-1928k-olaj-furnerlemez-54x685-cm\"\n\t\t\t\tclass=\"ngg-simplelightbox\" rel=\"38f60133fd692b1566b896919053b487\">\n\t\t\t\t<img\n\t\t\t\t\ttitle=\"Anya-gyermekeivel-1928k-olaj-furn\u00e9rlemez-54x68.5-cm\"\n\t\t\t\t\talt=\"Anya-gyermekeivel-1928k-olaj-furn\u00e9rlemez-54x68.5-cm\"\n\t\t\t\t\tsrc=\"https:\/\/szonyimuzeum.hu\/wp-content\/gallery\/tablakepek\/thumbs\/thumbs-Anya-gyermekeivel-1928k-olaj-furnerlemez-54x685-cm.jpg\"\n\t\t\t\t\twidth=\"240\"\n\t\t\t\t\theight=\"160\"\n\t\t\t\t\tstyle=\"max-width:100%;\"\n\t\t\t\t\/>\n\t\t\t<\/a>\n\t\t<\/div>\n\t\t\t\t\t\t\t<\/div>\n\t\t\t\n\t\t\t\t<div id=\"ngg-image-9\" class=\"ngg-gallery-thumbnail-box\t\t\t\t\t\t\t\tngg-4-columns\"\n\t\t\t>\n\t\t\t\t\t\t<div class=\"ngg-gallery-thumbnail\">\n\t\t\t<a href=\"https:\/\/szonyimuzeum.hu\/wp-content\/gallery\/tablakepek\/Arvacska-e.n.-olaj-vaszon-40x497-cm.jpg\"\n\t\t\t\ttitle=\"\"\n\t\t\t\tdata-src=\"https:\/\/szonyimuzeum.hu\/wp-content\/gallery\/tablakepek\/Arvacska-e.n.-olaj-vaszon-40x497-cm.jpg\"\n\t\t\t\tdata-thumbnail=\"https:\/\/szonyimuzeum.hu\/wp-content\/gallery\/tablakepek\/thumbs\/thumbs-Arvacska-e.n.-olaj-vaszon-40x497-cm.jpg\"\n\t\t\t\tdata-image-id=\"577\"\n\t\t\t\tdata-title=\"\u00c1rv\u00e1cska-\u00e9.n.-olaj-v\u00e1szon-40x49.7-cm\"\n\t\t\t\tdata-description=\"\"\n\t\t\t\tdata-image-slug=\"arvacska-e-n-olaj-vaszon-40x497-cm\"\n\t\t\t\tclass=\"ngg-simplelightbox\" rel=\"38f60133fd692b1566b896919053b487\">\n\t\t\t\t<img\n\t\t\t\t\ttitle=\"Pansy-\u00e9.n.-huile sur toile-40x49,7 cm\"\n\t\t\t\t\talt=\"\u00c1rv\u00e1cska-\u00e9.n.-olaj-v\u00e1szon-40x49.7-cm\"\n\t\t\t\t\tsrc=\"https:\/\/szonyimuzeum.hu\/wp-content\/gallery\/tablakepek\/thumbs\/thumbs-Arvacska-e.n.-olaj-vaszon-40x497-cm.jpg\"\n\t\t\t\t\twidth=\"240\"\n\t\t\t\t\theight=\"160\"\n\t\t\t\t\tstyle=\"max-width:100%;\"\n\t\t\t\t\/>\n\t\t\t<\/a>\n\t\t<\/div>\n\t\t\t\t\t\t\t<\/div>\n\t\t\t\n\t\t\t\t<div id=\"ngg-image-10\" class=\"ngg-gallery-thumbnail-box\t\t\t\t\t\t\t\tngg-4-columns\"\n\t\t\t>\n\t\t\t\t\t\t<div class=\"ngg-gallery-thumbnail\">\n\t\t\t<a href=\"https:\/\/szonyimuzeum.hu\/wp-content\/gallery\/tablakepek\/Assisi-Szent-Ferenc-e.n.-olaj-vaszon-84x58-cm_kicsi.jpg\"\n\t\t\t\ttitle=\"\"\n\t\t\t\tdata-src=\"https:\/\/szonyimuzeum.hu\/wp-content\/gallery\/tablakepek\/Assisi-Szent-Ferenc-e.n.-olaj-vaszon-84x58-cm_kicsi.jpg\"\n\t\t\t\tdata-thumbnail=\"https:\/\/szonyimuzeum.hu\/wp-content\/gallery\/tablakepek\/thumbs\/thumbs-Assisi-Szent-Ferenc-e.n.-olaj-vaszon-84x58-cm_kicsi.jpg\"\n\t\t\t\tdata-image-id=\"578\"\n\t\t\t\tdata-title=\"Assisi-Szent-Ferenc-\u00e9.n.-olaj-v\u00e1szon-84x58-cm\"\n\t\t\t\tdata-description=\"\"\n\t\t\t\tdata-image-slug=\"assisi-szent-ferenc-e-n-olaj-vaszon-84x58-cm_kicsi\"\n\t\t\t\tclass=\"ngg-simplelightbox\" rel=\"38f60133fd692b1566b896919053b487\">\n\t\t\t\t<img\n\t\t\t\t\ttitle=\"Assise-Saint-Ferenc-Assisi-\u00e9.n.-huile sur toile-84x58-cm\"\n\t\t\t\t\talt=\"Assisi-Szent-Ferenc-\u00e9.n.-olaj-v\u00e1szon-84x58-cm\"\n\t\t\t\t\tsrc=\"https:\/\/szonyimuzeum.hu\/wp-content\/gallery\/tablakepek\/thumbs\/thumbs-Assisi-Szent-Ferenc-e.n.-olaj-vaszon-84x58-cm_kicsi.jpg\"\n\t\t\t\t\twidth=\"240\"\n\t\t\t\t\theight=\"160\"\n\t\t\t\t\tstyle=\"max-width:100%;\"\n\t\t\t\t\/>\n\t\t\t<\/a>\n\t\t<\/div>\n\t\t\t\t\t\t\t<\/div>\n\t\t\t\n\t\t\t\t<div id=\"ngg-image-11\" class=\"ngg-gallery-thumbnail-box\t\t\t\t\t\t\t\tngg-4-columns\"\n\t\t\t>\n\t\t\t\t\t\t<div class=\"ngg-gallery-thumbnail\">\n\t\t\t<a href=\"https:\/\/szonyimuzeum.hu\/wp-content\/gallery\/tablakepek\/Asztal-korul-e.n.-tempera-olaj-vaszon-110x1215-cm.jpg\"\n\t\t\t\ttitle=\"\"\n\t\t\t\tdata-src=\"https:\/\/szonyimuzeum.hu\/wp-content\/gallery\/tablakepek\/Asztal-korul-e.n.-tempera-olaj-vaszon-110x1215-cm.jpg\"\n\t\t\t\tdata-thumbnail=\"https:\/\/szonyimuzeum.hu\/wp-content\/gallery\/tablakepek\/thumbs\/thumbs-Asztal-korul-e.n.-tempera-olaj-vaszon-110x1215-cm.jpg\"\n\t\t\t\tdata-image-id=\"579\"\n\t\t\t\tdata-title=\"Asztal-k\u00f6r\u00fcl-\u00e9.n.-tempera-olaj-v\u00e1szon-110x121.5-cm\"\n\t\t\t\tdata-description=\"\"\n\t\t\t\tdata-image-slug=\"asztal-korul-e-n-tempera-olaj-vaszon-110x1215-cm\"\n\t\t\t\tclass=\"ngg-simplelightbox\" rel=\"38f60133fd692b1566b896919053b487\">\n\t\t\t\t<img\n\t\t\t\t\ttitle=\"Table-top-around-tempera-oil-oil-canvas-110x121.5-cm\"\n\t\t\t\t\talt=\"Asztal-k\u00f6r\u00fcl-\u00e9.n.-tempera-olaj-v\u00e1szon-110x121.5-cm\"\n\t\t\t\t\tsrc=\"https:\/\/szonyimuzeum.hu\/wp-content\/gallery\/tablakepek\/thumbs\/thumbs-Asztal-korul-e.n.-tempera-olaj-vaszon-110x1215-cm.jpg\"\n\t\t\t\t\twidth=\"240\"\n\t\t\t\t\theight=\"160\"\n\t\t\t\t\tstyle=\"max-width:100%;\"\n\t\t\t\t\/>\n\t\t\t<\/a>\n\t\t<\/div>\n\t\t\t\t\t\t\t<\/div>\n\t\t\t\n\t\n\t<br style=\"clear: both\" \/>\n\n\t\n\t\t<!-- Pagination -->\n\t\t<div class='ngg-navigation'><span class='current'>1<\/span>\n<a class='page-numbers' data-pageid='2' href='https:\/\/szonyimuzeum.hu\/fr\/tablakepek-album\/nggallery\/page\/2'>2<\/a>\n<span class='ellipsis'>&#8230;<\/span>\n<a class='page-numbers' data-pageid='8' href='https:\/\/szonyimuzeum.hu\/fr\/tablakepek-album\/nggallery\/page\/8'>8<\/a>\n<a class='prev' href='https:\/\/szonyimuzeum.hu\/fr\/tablakepek-album\/nggallery\/page\/2' data-pageid=\"2\">&#9658;<\/a><\/div>\t<\/div>\n<\/p>\t\t\t\t\t\t\t\t<\/div>\n\t\t\t\t<\/div>\n\t\t\t\t\t<\/div>\n\t\t\t\t<\/div>\n\t\t\t\t<\/div>","protected":false},"excerpt":{"rendered":"<p>Album de photos<\/p>","protected":false},"author":3,"featured_media":0,"parent":0,"menu_order":0,"comment_status":"closed","ping_status":"closed","template":"","meta":{"ngg_post_thumbnail":0,"_price":"","_stock":"","_tribe_ticket_header":"","_tribe_default_ticket_provider":"","_tribe_ticket_capacity":"0","_ticket_start_date":"","_ticket_end_date":"","_tribe_ticket_show_description":"","_tribe_ticket_show_not_going":false,"_tribe_ticket_use_global_stock":"","_tribe_ticket_global_stock_level":"","_global_stock_mode":"","_global_stock_cap":"","_tribe_rsvp_for_event":"","_tribe_ticket_going_count":"","_tribe_ticket_not_going_count":"","_tribe_tickets_list":"[]","_tribe_ticket_has_attendee_info_fields":false,"_mc_calendar":[],"footnotes":"","_tec_slr_enabled":"","_tec_slr_layout":""},"class_list":["post-9613","page","type-page","status-publish","hentry"],"ticketed":false,"_links":{"self":[{"href":"https:\/\/szonyimuzeum.hu\/fr\/wp-json\/wp\/v2\/pages\/9613","targetHints":{"allow":["GET"]}}],"collection":[{"href":"https:\/\/szonyimuzeum.hu\/fr\/wp-json\/wp\/v2\/pages"}],"about":[{"href":"https:\/\/szonyimuzeum.hu\/fr\/wp-json\/wp\/v2\/types\/page"}],"author":[{"embeddable":true,"href":"https:\/\/szonyimuzeum.hu\/fr\/wp-json\/wp\/v2\/users\/3"}],"replies":[{"embeddable":true,"href":"https:\/\/szonyimuzeum.hu\/fr\/wp-json\/wp\/v2\/comments?post=9613"}],"version-history":[{"count":32,"href":"https:\/\/szonyimuzeum.hu\/fr\/wp-json\/wp\/v2\/pages\/9613\/revisions"}],"predecessor-version":[{"id":10488,"href":"https:\/\/szonyimuzeum.hu\/fr\/wp-json\/wp\/v2\/pages\/9613\/revisions\/10488"}],"wp:attachment":[{"href":"https:\/\/szonyimuzeum.hu\/fr\/wp-json\/wp\/v2\/media?parent=9613"}],"curies":[{"name":"wp","href":"https:\/\/api.w.org\/{rel}","templated":true}]}}